{"id":23637,"date":"2026-02-23T14:07:06","date_gmt":"2026-02-23T17:07:06","guid":{"rendered":"https:\/\/chicasentecnologia.org\/?page_id=23637"},"modified":"2026-02-23T14:37:43","modified_gmt":"2026-02-23T17:37:43","slug":"santiagomazzeo","status":"publish","type":"page","link":"https:\/\/chicasentecnologia.org\/es_ar\/santiagomazzeo\/","title":{"rendered":"Santiago Mazzeo &#8211; Director de Desarrollo Institucional"},"content":{"rendered":"\t\t<div data-elementor-type=\"wp-page\" data-elementor-id=\"23637\" class=\"elementor elementor-23637\" data-elementor-post-type=\"page\">\n\t\t\t\t<div class=\"elementor-element elementor-element-248d2df e-flex e-con-boxed e-con e-parent\" data-id=\"248d2df\" data-element_type=\"container\" data-settings=\"{&quot;background_background&quot;:&quot;classic&quot;}\">\n\t\t\t\t\t<div class=\"e-con-inner\">\n\t\t<div class=\"elementor-element elementor-element-ee4b42f e-con-full e-flex elementor-invisible e-con e-child\" data-id=\"ee4b42f\" data-element_type=\"container\" data-settings=\"{&quot;animation&quot;:&quot;fadeInUp&quot;}\">\n\t\t\t\t<div class=\"elementor-element elementor-element-2e0f493 elementor-widget elementor-widget-image\" data-id=\"2e0f493\" data-element_type=\"widget\" data-widget_type=\"image.default\">\n\t\t\t\t\t\t\t\t\t\t\t\t\t\t\t<img fetchpriority=\"high\" decoding=\"async\" width=\"400\" height=\"400\" src=\"https:\/\/chicasentecnologia.org\/wp-content\/uploads\/2026\/02\/Foto-linkedin-Santi.jpeg\" class=\"attachment-full size-full wp-image-23633\" alt=\"\" srcset=\"https:\/\/chicasentecnologia.org\/wp-content\/uploads\/2026\/02\/Foto-linkedin-Santi.jpeg 400w, https:\/\/chicasentecnologia.org\/wp-content\/uploads\/2026\/02\/Foto-linkedin-Santi-300x300.jpeg 300w, https:\/\/chicasentecnologia.org\/wp-content\/uploads\/2026\/02\/Foto-linkedin-Santi-150x150.jpeg 150w, https:\/\/chicasentecnologia.org\/wp-content\/uploads\/2026\/02\/Foto-linkedin-Santi-12x12.jpeg 12w\" sizes=\"(max-width: 400px) 100vw, 400px\" \/>\t\t\t\t\t\t\t\t\t\t\t\t\t\t\t<\/div>\n\t\t\t\t<\/div>\n\t\t<div class=\"elementor-element elementor-element-c897dc0 e-con-full e-flex elementor-invisible e-con e-child\" data-id=\"c897dc0\" data-element_type=\"container\" data-settings=\"{&quot;background_background&quot;:&quot;classic&quot;,&quot;animation&quot;:&quot;fadeInUp&quot;}\">\n\t\t\t\t<div class=\"elementor-element elementor-element-dff4eaf elementor-widget elementor-widget-heading\" data-id=\"dff4eaf\" data-element_type=\"widget\" data-widget_type=\"heading.default\">\n\t\t\t\t\t<h2 class=\"elementor-heading-title elementor-size-default\">Santiago Mazzeo<\/h2>\t\t\t\t<\/div>\n\t\t\t\t<div class=\"elementor-element elementor-element-44b35af elementor-widget elementor-widget-text-editor\" data-id=\"44b35af\" data-element_type=\"widget\" data-widget_type=\"text-editor.default\">\n\t\t\t\t\t\t\t\t\t<p>Director de Desarrollo Institucional<\/p>\t\t\t\t\t\t\t\t<\/div>\n\t\t\t\t<div class=\"elementor-element elementor-element-532c9cb elementor-widget elementor-widget-text-editor\" data-id=\"532c9cb\" data-element_type=\"widget\" data-widget_type=\"text-editor.default\">\n\t\t\t\t\t\t\t\t\t<p data-start=\"0\" data-end=\"620\">Santiago Mazzeo es Director de Desarrollo Institucional y Desarrollo de Fondos, con m\u00e1s de 20 a\u00f1os de experiencia fortaleciendo y escalando organizaciones del ecosistema social y de impacto en Am\u00e9rica Latina. Dise\u00f1a estrategias de sostenibilidad y crecimiento que integran al sector privado, fundaciones internacionales y organismos multilaterales, impulsando modelos innovadores de financiamiento y alianzas de largo plazo. A lo largo de su trayectoria, ha acompa\u00f1ado procesos de expansi\u00f3n regional y consolidaci\u00f3n institucional, promoviendo estructuras s\u00f3lidas que permiten amplificar el impacto de las organizaciones.<\/p><p data-start=\"622\" data-end=\"1065\" data-is-last-node=\"\" data-is-only-node=\"\">Es Ingeniero Industrial y cuenta con estudios de posgrado en Gobernabilidad y Gesti\u00f3n P\u00fablica y en Gesti\u00f3n de Organizaciones Sociales. Su formaci\u00f3n respalda una mirada estrat\u00e9gica sobre el desarrollo institucional, la articulaci\u00f3n intersectorial y la construcci\u00f3n de capacidades organizacionales. Trabaja con la convicci\u00f3n de que detr\u00e1s de cada estrategia s\u00f3lida hay una oportunidad concreta de ampliar derechos y generar nuevas posibilidades.<\/p><p>\u00a0<\/p>\t\t\t\t\t\t\t\t<\/div>\n\t\t\t\t<div class=\"elementor-element elementor-element-1a15c40 e-grid-align-left elementor-shape-rounded elementor-grid-0 elementor-widget elementor-widget-social-icons\" data-id=\"1a15c40\" data-element_type=\"widget\" data-widget_type=\"social-icons.default\">\n\t\t\t\t\t\t\t<div class=\"elementor-social-icons-wrapper elementor-grid\">\n\t\t\t\t\t\t\t<span class=\"elementor-grid-item\">\n\t\t\t\t\t<a class=\"elementor-icon elementor-social-icon elementor-social-icon-linkedin elementor-repeater-item-386709f\" href=\"https:\/\/www.linkedin.com\/in\/santiago-mazzeo-57bab812\/\" target=\"_blank\" rel=\"noopener\">\n\t\t\t\t\t\t<span class=\"elementor-screen-only\">Linkedin<\/span>\n\t\t\t\t\t\t<svg aria-hidden=\"true\" class=\"e-font-icon-svg e-fab-linkedin\" viewBox=\"0 0 448 512\" xmlns=\"http:\/\/www.w3.org\/2000\/svg\"><path d=\"M416 32H31.9C14.3 32 0 46.5 0 64.3v383.4C0 465.5 14.3 480 31.9 480H416c17.6 0 32-14.5 32-32.3V64.3c0-17.8-14.4-32.3-32-32.3zM135.4 416H69V202.2h66.5V416zm-33.2-243c-21.3 0-38.5-17.3-38.5-38.5S80.9 96 102.2 96c21.2 0 38.5 17.3 38.5 38.5 0 21.3-17.2 38.5-38.5 38.5zm282.1 243h-66.4V312c0-24.8-.5-56.7-34.5-56.7-34.6 0-39.9 27-39.9 54.9V416h-66.4V202.2h63.7v29.2h.9c8.9-16.8 30.6-34.5 62.9-34.5 67.2 0 79.7 44.3 79.7 101.9V416z\"><\/path><\/svg>\t\t\t\t\t<\/a>\n\t\t\t\t<\/span>\n\t\t\t\t\t<\/div>\n\t\t\t\t\t\t<\/div>\n\t\t\t\t<\/div>\n\t\t\t\t\t<\/div>\n\t\t\t\t<\/div>\n\t\t<div class=\"elementor-element elementor-element-46132411 e-flex e-con-boxed e-con e-parent\" data-id=\"46132411\" data-element_type=\"container\" data-settings=\"{&quot;background_background&quot;:&quot;classic&quot;}\">\n\t\t\t\t\t<div class=\"e-con-inner\">\n\t\t\t\t<div class=\"elementor-element elementor-element-7dc94539 elementor-widget elementor-widget-heading\" data-id=\"7dc94539\" data-element_type=\"widget\" data-widget_type=\"heading.default\">\n\t\t\t\t\t<h2 class=\"elementor-heading-title elementor-size-default\">\u00bfQuer\u00e9s enterarte de todo?<\/h2>\t\t\t\t<\/div>\n\t\t\t\t<div class=\"elementor-element elementor-element-3664e163 elementor-widget elementor-widget-text-editor\" data-id=\"3664e163\" data-element_type=\"widget\" data-widget_type=\"text-editor.default\">\n\t\t\t\t\t\t\t\t\t<p>Dejanos tu <span style=\"color: #ffc800;\"><strong>mail<\/strong><\/span><\/p>\t\t\t\t\t\t\t\t<\/div>\n\t\t\t\t\t<\/div>\n\t\t\t\t<\/div>\n\t\t\t\t<\/div>\n\t\t","protected":false},"excerpt":{"rendered":"<p>Santiago Mazzeo Director de Desarrollo Institucional Santiago Mazzeo es Director de Desarrollo Institucional y Desarrollo de Fondos, con m\u00e1s de 20 a\u00f1os de experiencia fortaleciendo y escalando organizaciones del ecosistema social y de impacto en Am\u00e9rica Latina. Dise\u00f1a estrategias de sostenibilidad y crecimiento que integran al sector privado, fundaciones internacionales y organismos multilaterales, impulsando modelos [&hellip;]<\/p>\n","protected":false},"author":3,"featured_media":0,"parent":0,"menu_order":0,"comment_status":"closed","ping_status":"closed","template":"elementor_header_footer","meta":{"footnotes":""},"class_list":["post-23637","page","type-page","status-publish","hentry"],"rttpg_featured_image_url":null,"rttpg_author":{"display_name":"Paula Cohen","author_link":"https:\/\/chicasentecnologia.org\/es_ar\/author\/pau\/"},"rttpg_comment":0,"rttpg_category":null,"rttpg_excerpt":"Santiago Mazzeo Director de Desarrollo Institucional Santiago Mazzeo es Director de Desarrollo Institucional y Desarrollo de Fondos, con m\u00e1s de 20 a\u00f1os de experiencia fortaleciendo y escalando organizaciones del ecosistema social y de impacto en Am\u00e9rica Latina. Dise\u00f1a estrategias de sostenibilidad y crecimiento que integran al sector privado, fundaciones internacionales y organismos multilaterales, impulsando modelos&hellip;","_links":{"self":[{"href":"https:\/\/chicasentecnologia.org\/es_ar\/wp-json\/wp\/v2\/pages\/23637","targetHints":{"allow":["GET"]}}],"collection":[{"href":"https:\/\/chicasentecnologia.org\/es_ar\/wp-json\/wp\/v2\/pages"}],"about":[{"href":"https:\/\/chicasentecnologia.org\/es_ar\/wp-json\/wp\/v2\/types\/page"}],"author":[{"embeddable":true,"href":"https:\/\/chicasentecnologia.org\/es_ar\/wp-json\/wp\/v2\/users\/3"}],"replies":[{"embeddable":true,"href":"https:\/\/chicasentecnologia.org\/es_ar\/wp-json\/wp\/v2\/comments?post=23637"}],"version-history":[{"count":7,"href":"https:\/\/chicasentecnologia.org\/es_ar\/wp-json\/wp\/v2\/pages\/23637\/revisions"}],"predecessor-version":[{"id":23648,"href":"https:\/\/chicasentecnologia.org\/es_ar\/wp-json\/wp\/v2\/pages\/23637\/revisions\/23648"}],"wp:attachment":[{"href":"https:\/\/chicasentecnologia.org\/es_ar\/wp-json\/wp\/v2\/media?parent=23637"}],"curies":[{"name":"wp","href":"https:\/\/api.w.org\/{rel}","templated":true}]}}