{"id":23137,"date":"2025-11-27T10:04:22","date_gmt":"2025-11-27T13:04:22","guid":{"rendered":"https:\/\/chicasentecnologia.org\/?page_id=23137"},"modified":"2025-11-27T10:09:08","modified_gmt":"2025-11-27T13:09:08","slug":"politica-de-privacidad","status":"publish","type":"page","link":"https:\/\/chicasentecnologia.org\/es_ar\/politica-de-privacidad\/","title":{"rendered":"Pol\u00edtica de privacidad"},"content":{"rendered":"\t\t<div data-elementor-type=\"wp-page\" data-elementor-id=\"23137\" class=\"elementor elementor-23137\" data-elementor-post-type=\"page\">\n\t\t\t\t<div class=\"elementor-element elementor-element-2067bec e-con-full e-flex e-con e-parent\" data-id=\"2067bec\" data-element_type=\"container\" data-settings=\"{&quot;background_background&quot;:&quot;classic&quot;}\">\n\t\t\t\t<div class=\"elementor-element elementor-element-db4ceea elementor-widget elementor-widget-heading\" data-id=\"db4ceea\" data-element_type=\"widget\" data-widget_type=\"heading.default\">\n\t\t\t\t\t<h2 class=\"elementor-heading-title elementor-size-default\">Pol\u00edtica de Privacidad<\/h2>\t\t\t\t<\/div>\n\t\t\t\t<\/div>\n\t\t<div class=\"elementor-element elementor-element-c64eda2 e-flex e-con-boxed e-con e-parent\" data-id=\"c64eda2\" data-element_type=\"container\">\n\t\t\t\t\t<div class=\"e-con-inner\">\n\t\t\t\t<div class=\"elementor-element elementor-element-4729d58 elementor-widget elementor-widget-text-editor\" data-id=\"4729d58\" data-element_type=\"widget\" data-widget_type=\"text-editor.default\">\n\t\t\t\t\t\t\t\t\t<p>Chicas en Tecnolog\u00eda es una organizaci\u00f3n sin fines de lucro con residencia legal en Argentina, cuya personer\u00eda jur\u00eddica es la de Asociaci\u00f3n Civil.<br \/><br \/>La organizaci\u00f3n y sus programas se encuentran bajo el Registro Nacional de Bases de Datos y el Registro Nacional de la Propiedad Intelectual e Industrial, por lo que queda prohibida la difusi\u00f3n sin consentimiento previo de la organizaci\u00f3n, as\u00ed como tambi\u00e9n de los materiales brindados a los efectos de los programas.<br \/><br \/>Los datos que nos proporciones en el formulario de inscripci\u00f3n no ser\u00e1n vendidos, ni compartidos nunca con terceros. En aras de tu confidencialidad, solamente podr\u00e1n ser consultados por la persona a cuyos datos se refiere. Se recolectan con el fin de conocer a las personas y organizaciones relacionadas con los eventos de Chicas en Tecnolog\u00eda; para ayudarnos a definir contenidos y enfoques; y para comunicarnos con ellas. La negativa a suministrarlos nos impedir\u00e1 comunicarnos adecuadamente.<br \/><br \/>De conformidad con lo establecido en la Ley Argentina de Protecci\u00f3n de Datos Personales N\u00b0 25.326 (\u201cLey de Protecci\u00f3n de Datos Personales\u201d), Chicas en Tecnolog\u00eda se compromete a (i) tratar los Datos Personales conforme la legislaci\u00f3n aplicable, y no aplicarlos o utilizarlos con fin distinto al efectivo cumplimiento del objeto del Programa \u201cProtagonistas del Futuro\u201d; (ii) no comunicar esos Datos Personales, ni siquiera para su conservaci\u00f3n, a ninguna otra persona o entidad con la excepci\u00f3n de aquellos de sus empleados, que para el cumplimiento y la prestaci\u00f3n del objeto del Programa, necesiten acceder a los mismos; (iii) mantener el secreto y la confidencialidad de los Datos Personales a que tenga acceso durante la duraci\u00f3n del presente Programa, conforme lo dispuesto por el art\u00edculo 10 de la Ley de Protecci\u00f3n de Datos Personales; (iv) devolver o destruir, a elecci\u00f3n del titular, los Datos Personales que pudieran encontrarse en su poder a la finalizaci\u00f3n del presente programa, cumpliendo con lo dispuesto por el art\u00edculo 25 de la Ley de Protecci\u00f3n de Datos Personales.<br \/><br \/>La organizaci\u00f3n Chicas en Tecnolog\u00eda adoptar\u00e1 las medidas necesarias para garantizar la seguridad y confidencialidad de los datos personales, conforme lo dispuesto por el art\u00edculo 9 de la Ley de Protecci\u00f3n de Datos Personales.<\/p>\t\t\t\t\t\t\t\t<\/div>\n\t\t\t\t\t<\/div>\n\t\t\t\t<\/div>\n\t\t\t\t<\/div>\n\t\t","protected":false},"excerpt":{"rendered":"<p>Pol\u00edtica de Privacidad Chicas en Tecnolog\u00eda es una organizaci\u00f3n sin fines de lucro con residencia legal en Argentina, cuya personer\u00eda jur\u00eddica es la de Asociaci\u00f3n Civil. La organizaci\u00f3n y sus programas se encuentran bajo el Registro Nacional de Bases de Datos y el Registro Nacional de la Propiedad Intelectual e Industrial, por lo que queda [&hellip;]<\/p>\n","protected":false},"author":2,"featured_media":0,"parent":0,"menu_order":0,"comment_status":"closed","ping_status":"closed","template":"","meta":{"footnotes":""},"class_list":["post-23137","page","type-page","status-publish","hentry"],"rttpg_featured_image_url":null,"rttpg_author":{"display_name":"lucho","author_link":"https:\/\/chicasentecnologia.org\/es_ar\/author\/lucho\/"},"rttpg_comment":0,"rttpg_category":null,"rttpg_excerpt":"Pol\u00edtica de Privacidad Chicas en Tecnolog\u00eda es una organizaci\u00f3n sin fines de lucro con residencia legal en Argentina, cuya personer\u00eda jur\u00eddica es la de Asociaci\u00f3n Civil. La organizaci\u00f3n y sus programas se encuentran bajo el Registro Nacional de Bases de Datos y el Registro Nacional de la Propiedad Intelectual e Industrial, por lo que queda&hellip;","_links":{"self":[{"href":"https:\/\/chicasentecnologia.org\/es_ar\/wp-json\/wp\/v2\/pages\/23137","targetHints":{"allow":["GET"]}}],"collection":[{"href":"https:\/\/chicasentecnologia.org\/es_ar\/wp-json\/wp\/v2\/pages"}],"about":[{"href":"https:\/\/chicasentecnologia.org\/es_ar\/wp-json\/wp\/v2\/types\/page"}],"author":[{"embeddable":true,"href":"https:\/\/chicasentecnologia.org\/es_ar\/wp-json\/wp\/v2\/users\/2"}],"replies":[{"embeddable":true,"href":"https:\/\/chicasentecnologia.org\/es_ar\/wp-json\/wp\/v2\/comments?post=23137"}],"version-history":[{"count":5,"href":"https:\/\/chicasentecnologia.org\/es_ar\/wp-json\/wp\/v2\/pages\/23137\/revisions"}],"predecessor-version":[{"id":23143,"href":"https:\/\/chicasentecnologia.org\/es_ar\/wp-json\/wp\/v2\/pages\/23137\/revisions\/23143"}],"wp:attachment":[{"href":"https:\/\/chicasentecnologia.org\/es_ar\/wp-json\/wp\/v2\/media?parent=23137"}],"curies":[{"name":"wp","href":"https:\/\/api.w.org\/{rel}","templated":true}]}}