{"id":22535,"date":"2025-10-27T08:46:00","date_gmt":"2025-10-27T11:46:00","guid":{"rendered":"https:\/\/chicasentecnologia.org\/?page_id=22535"},"modified":"2025-11-11T09:52:28","modified_gmt":"2025-11-11T12:52:28","slug":"seriecet","status":"publish","type":"page","link":"https:\/\/chicasentecnologia.org\/es_ar\/seriecet\/","title":{"rendered":"Serie CET"},"content":{"rendered":"\t\t<div data-elementor-type=\"wp-page\" data-elementor-id=\"22535\" class=\"elementor elementor-22535\" data-elementor-post-type=\"page\">\n\t\t\t\t\t\t<section class=\"elementor-section elementor-top-section elementor-element elementor-element-3c11ee73 elementor-section-full_width elementor-section-stretched elementor-hidden-tablet elementor-hidden-mobile elementor-section-height-default elementor-section-height-default\" data-id=\"3c11ee73\" data-element_type=\"section\" data-settings=\"{&quot;stretch_section&quot;:&quot;section-stretched&quot;,&quot;background_background&quot;:&quot;classic&quot;}\">\n\t\t\t\t\t\t<div class=\"elementor-container elementor-column-gap-default\">\n\t\t\t\t\t<div class=\"elementor-column elementor-col-100 elementor-top-column elementor-element elementor-element-3e12feca\" data-id=\"3e12feca\" data-element_type=\"column\">\n\t\t\t<div class=\"elementor-widget-wrap elementor-element-populated\">\n\t\t\t\t\t\t<section class=\"elementor-section elementor-inner-section elementor-element elementor-element-1c0ebc97 elementor-hidden-tablet elementor-hidden-mobile elementor-section-boxed elementor-section-height-default elementor-section-height-default\" data-id=\"1c0ebc97\" data-element_type=\"section\" data-settings=\"{&quot;background_background&quot;:&quot;classic&quot;}\">\n\t\t\t\t\t\t<div class=\"elementor-container elementor-column-gap-default\">\n\t\t\t\t\t<div class=\"elementor-column elementor-col-50 elementor-inner-column elementor-element elementor-element-5138a601\" data-id=\"5138a601\" data-element_type=\"column\">\n\t\t\t<div class=\"elementor-widget-wrap elementor-element-populated\">\n\t\t\t\t\t\t<div class=\"elementor-element elementor-element-687df85f elementor-invisible elementor-widget elementor-widget-image\" data-id=\"687df85f\" data-element_type=\"widget\" data-settings=\"{&quot;_animation&quot;:&quot;bounceIn&quot;}\" data-widget_type=\"image.default\">\n\t\t\t\t\t\t\t\t\t\t\t\t\t\t\t<img fetchpriority=\"high\" decoding=\"async\" width=\"400\" height=\"173\" src=\"https:\/\/chicasentecnologia.org\/wp-content\/uploads\/2025\/10\/logooo-400x173-1.png\" class=\"attachment-large size-large wp-image-22537\" alt=\"\" srcset=\"https:\/\/chicasentecnologia.org\/wp-content\/uploads\/2025\/10\/logooo-400x173-1.png 400w, https:\/\/chicasentecnologia.org\/wp-content\/uploads\/2025\/10\/logooo-400x173-1-300x130.png 300w, https:\/\/chicasentecnologia.org\/wp-content\/uploads\/2025\/10\/logooo-400x173-1-18x8.png 18w\" sizes=\"(max-width: 400px) 100vw, 400px\" \/>\t\t\t\t\t\t\t\t\t\t\t\t\t\t\t<\/div>\n\t\t\t\t<div class=\"elementor-element elementor-element-c9230df elementor-widget elementor-widget-text-editor\" data-id=\"c9230df\" data-element_type=\"widget\" data-widget_type=\"text-editor.default\">\n\t\t\t\t\t\t\t\t\t<p>Una serie educativa surgida<br \/>de la alianza entre\u00a0<strong>Chicas en Tecnolog\u00eda<\/strong><br \/>y\u00a0<strong>Escuela Plus\u00a0<\/strong><\/p>\t\t\t\t\t\t\t\t<\/div>\n\t\t\t\t\t<\/div>\n\t\t<\/div>\n\t\t\t\t<div class=\"elementor-column elementor-col-50 elementor-inner-column elementor-element elementor-element-611bf3fe elementor-invisible\" data-id=\"611bf3fe\" data-element_type=\"column\" data-settings=\"{&quot;animation&quot;:&quot;fadeIn&quot;}\">\n\t\t\t<div class=\"elementor-widget-wrap\">\n\t\t\t\t\t\t\t<\/div>\n\t\t<\/div>\n\t\t\t\t\t<\/div>\n\t\t<\/section>\n\t\t\t\t\t<\/div>\n\t\t<\/div>\n\t\t\t\t\t<\/div>\n\t\t<\/section>\n\t\t<div class=\"elementor-element elementor-element-00a58dc elementor-hidden-desktop e-flex e-con-boxed e-con e-parent\" data-id=\"00a58dc\" data-element_type=\"container\" data-settings=\"{&quot;background_background&quot;:&quot;classic&quot;}\">\n\t\t\t\t\t<div class=\"e-con-inner\">\n\t\t<div class=\"elementor-element elementor-element-bcf9aac e-con-full e-flex e-con e-child\" data-id=\"bcf9aac\" data-element_type=\"container\">\n\t\t\t\t<div class=\"elementor-element elementor-element-1cf7174 elementor-widget elementor-widget-image\" data-id=\"1cf7174\" data-element_type=\"widget\" data-widget_type=\"image.default\">\n\t\t\t\t\t\t\t\t\t\t\t\t\t\t\t<img fetchpriority=\"high\" decoding=\"async\" width=\"400\" height=\"173\" src=\"https:\/\/chicasentecnologia.org\/wp-content\/uploads\/2025\/10\/logooo-400x173-1.png\" class=\"attachment-large size-large wp-image-22537\" alt=\"\" srcset=\"https:\/\/chicasentecnologia.org\/wp-content\/uploads\/2025\/10\/logooo-400x173-1.png 400w, https:\/\/chicasentecnologia.org\/wp-content\/uploads\/2025\/10\/logooo-400x173-1-300x130.png 300w, https:\/\/chicasentecnologia.org\/wp-content\/uploads\/2025\/10\/logooo-400x173-1-18x8.png 18w\" sizes=\"(max-width: 400px) 100vw, 400px\" \/>\t\t\t\t\t\t\t\t\t\t\t\t\t\t\t<\/div>\n\t\t\t\t<div class=\"elementor-element elementor-element-e11e1e7 elementor-widget elementor-widget-text-editor\" data-id=\"e11e1e7\" data-element_type=\"widget\" data-widget_type=\"text-editor.default\">\n\t\t\t\t\t\t\t\t\tUna serie educativa surgida\nde la alianza entre\u00a0<strong>Chicas en Tecnolog\u00eda<\/strong>\ny\u00a0<strong>Escuela Plus\u00a0<\/strong>\t\t\t\t\t\t\t\t<\/div>\n\t\t\t\t<\/div>\n\t\t\t\t\t<\/div>\n\t\t\t\t<\/div>\n\t\t\t\t<section class=\"elementor-section elementor-top-section elementor-element elementor-element-310b24ea elementor-section-full_width elementor-section-stretched elementor-section-height-default elementor-section-height-default elementor-invisible\" data-id=\"310b24ea\" data-element_type=\"section\" data-settings=\"{&quot;stretch_section&quot;:&quot;section-stretched&quot;,&quot;background_background&quot;:&quot;classic&quot;,&quot;animation&quot;:&quot;fadeInUp&quot;}\">\n\t\t\t\t\t\t<div class=\"elementor-container elementor-column-gap-default\">\n\t\t\t\t\t<div class=\"elementor-column elementor-col-100 elementor-top-column elementor-element elementor-element-7bdac0a4\" data-id=\"7bdac0a4\" data-element_type=\"column\">\n\t\t\t<div class=\"elementor-widget-wrap elementor-element-populated\">\n\t\t\t\t\t\t<section class=\"elementor-section elementor-inner-section elementor-element elementor-element-2290802b elementor-section-boxed elementor-section-height-default elementor-section-height-default\" data-id=\"2290802b\" data-element_type=\"section\">\n\t\t\t\t\t\t<div class=\"elementor-container elementor-column-gap-default\">\n\t\t\t\t\t<div class=\"elementor-column elementor-col-100 elementor-inner-column elementor-element elementor-element-4f1a246e\" data-id=\"4f1a246e\" data-element_type=\"column\">\n\t\t\t<div class=\"elementor-widget-wrap elementor-element-populated\">\n\t\t\t\t\t\t<div class=\"elementor-element elementor-element-b607012 elementor-widget elementor-widget-text-editor\" data-id=\"b607012\" data-element_type=\"widget\" data-widget_type=\"text-editor.default\">\n\t\t\t\t\t\t\t\t\t<p><strong>\u00a1ACCI\u00d3N! Temporada 2<\/strong> es una serie educativa que brinda herramientas para que j\u00f3venes de toda Am\u00e9rica Latina y El Caribe desarrollen un modo de pensamiento que las acerca a la tecnolog\u00eda y les permita dar los primeros pasos en programaci\u00f3n con impacto social.<\/p><p><strong>Consu L\u00f3pez<\/strong> y un grupo de Embajadoras CET brindan de manera entretenida las claves para desarrollar una app y reflexiona sobre la brecha de g\u00e9nero en tecnolog\u00eda. Durante <strong>9 episodios,<\/strong> seremos parte de un taller para donde conoceremos a j\u00f3venes que sue\u00f1an con transformar la realidad a trav\u00e9s de la tecnolog\u00eda.<\/p>\t\t\t\t\t\t\t\t<\/div>\n\t\t\t\t\t<\/div>\n\t\t<\/div>\n\t\t\t\t\t<\/div>\n\t\t<\/section>\n\t\t\t\t\t<\/div>\n\t\t<\/div>\n\t\t\t\t\t<\/div>\n\t\t<\/section>\n\t\t<div class=\"elementor-element elementor-element-adaf16d e-flex e-con-boxed e-con e-parent\" data-id=\"adaf16d\" data-element_type=\"container\">\n\t\t\t\t\t<div class=\"e-con-inner\">\n\t\t<div class=\"elementor-element elementor-element-b98f470 e-con-full e-flex e-con e-child\" data-id=\"b98f470\" data-element_type=\"container\">\n\t\t\t\t<div class=\"elementor-element elementor-element-f9f5b0c elementor-align-center elementor-widget elementor-widget-button\" data-id=\"f9f5b0c\" data-element_type=\"widget\" data-widget_type=\"button.default\">\n\t\t\t\t\t\t\t\t\t\t<a class=\"elementor-button elementor-button-link elementor-size-sm\" href=\"https:\/\/escuelaplus.com\/videos\/?busqueda=acci%C3%B3n+2\" target=\"_blank\" rel=\"noopener\">\n\t\t\t\t\t\t<span class=\"elementor-button-content-wrapper\">\n\t\t\t\t\t\t\t\t\t<span class=\"elementor-button-text\">TODOS LOS CONTENIDOS<\/span>\n\t\t\t\t\t<\/span>\n\t\t\t\t\t<\/a>\n\t\t\t\t\t\t\t\t<\/div>\n\t\t\t\t<\/div>\n\t\t<div class=\"elementor-element elementor-element-23eefcb e-con-full e-flex e-con e-child\" data-id=\"23eefcb\" data-element_type=\"container\">\n\t\t\t\t<div class=\"elementor-element elementor-element-1a39857 elementor-align-center elementor-widget elementor-widget-button\" data-id=\"1a39857\" data-element_type=\"widget\" data-widget_type=\"button.default\">\n\t\t\t\t\t\t\t\t\t\t<a class=\"elementor-button elementor-button-link elementor-size-sm\" href=\"https:\/\/www.youtube.com\/playlist?list=PLrXh1CmnN3YN1cI3IJG57HKxnWmA_h1tQ\" target=\"_blank\" rel=\"noopener\">\n\t\t\t\t\t\t<span class=\"elementor-button-content-wrapper\">\n\t\t\t\t\t\t\t\t\t<span class=\"elementor-button-text\">MIRA LA SERIE<\/span>\n\t\t\t\t\t<\/span>\n\t\t\t\t\t<\/a>\n\t\t\t\t\t\t\t\t<\/div>\n\t\t\t\t<\/div>\n\t\t<div class=\"elementor-element elementor-element-938eb6d e-con-full e-flex e-con e-child\" data-id=\"938eb6d\" data-element_type=\"container\">\n\t\t\t\t<div class=\"elementor-element elementor-element-91862fc elementor-align-center elementor-widget elementor-widget-button\" data-id=\"91862fc\" data-element_type=\"widget\" data-widget_type=\"button.default\">\n\t\t\t\t\t\t\t\t\t\t<a class=\"elementor-button elementor-button-link elementor-size-sm\" href=\"https:\/\/drive.google.com\/drive\/folders\/1Ji45K-9hCU6LQwY_nwYDsgsRnOOQjpso\" target=\"_blank\" rel=\"noopener\">\n\t\t\t\t\t\t<span class=\"elementor-button-content-wrapper\">\n\t\t\t\t\t\t\t\t\t<span class=\"elementor-button-text\">FICHAS PEDAG\u00d3GICAS<\/span>\n\t\t\t\t\t<\/span>\n\t\t\t\t\t<\/a>\n\t\t\t\t\t\t\t\t<\/div>\n\t\t\t\t<\/div>\n\t\t\t\t\t<\/div>\n\t\t\t\t<\/div>\n\t\t\t\t<section class=\"elementor-section elementor-top-section elementor-element elementor-element-11f1be22 elementor-section-full_width elementor-section-stretched violeta1 elementor-section-height-default elementor-section-height-default\" data-id=\"11f1be22\" data-element_type=\"section\" id=\"impacto2023v2\" data-settings=\"{&quot;stretch_section&quot;:&quot;section-stretched&quot;,&quot;background_background&quot;:&quot;classic&quot;}\">\n\t\t\t\t\t\t<div class=\"elementor-container elementor-column-gap-default\">\n\t\t\t\t\t<div class=\"elementor-column elementor-col-100 elementor-top-column elementor-element elementor-element-154b63da\" data-id=\"154b63da\" data-element_type=\"column\">\n\t\t\t<div class=\"elementor-widget-wrap\">\n\t\t\t\t\t\t\t<\/div>\n\t\t<\/div>\n\t\t\t\t\t<\/div>\n\t\t<\/section>\n\t\t<div class=\"elementor-element elementor-element-b517ada e-flex e-con-boxed e-con e-parent\" data-id=\"b517ada\" data-element_type=\"container\">\n\t\t\t\t\t<div class=\"e-con-inner\">\n\t\t\t\t<div class=\"elementor-element elementor-element-bc82937 elementor-widget elementor-widget-text-editor\" data-id=\"bc82937\" data-element_type=\"widget\" data-widget_type=\"text-editor.default\">\n\t\t\t\t\t\t\t\t\t<p>Este contenido forma parte de los programas gratuitos que ponemos a disposici\u00f3n para j\u00f3venes latinoamericanas entre 13 a 23 a\u00f1os a trav\u00e9s de nuestro <strong>trayecto integral de formaci\u00f3n.<\/strong> Adem\u00e1s, se enmarca en el trabajo articulado que realizamos con el \u00e1mbito educativo mediante el armado de recursos, materiales y capacitaciones a educadores para despertar las vocaciones y ampliar las oportunidades de las juventudes en \u00e1reas de ciencia y tecnolog\u00eda.<\/p>\t\t\t\t\t\t\t\t<\/div>\n\t\t\t\t\t<\/div>\n\t\t\t\t<\/div>\n\t\t\t\t<section class=\"elementor-section elementor-top-section elementor-element elementor-element-5da47fbf elementor-section-full_width elementor-section-stretched elementor-section-height-default elementor-section-height-default\" data-id=\"5da47fbf\" data-element_type=\"section\" data-settings=\"{&quot;stretch_section&quot;:&quot;section-stretched&quot;,&quot;background_background&quot;:&quot;classic&quot;}\">\n\t\t\t\t\t\t<div class=\"elementor-container elementor-column-gap-default\">\n\t\t\t\t\t<div class=\"elementor-column elementor-col-100 elementor-top-column elementor-element elementor-element-bd9d24d\" data-id=\"bd9d24d\" data-element_type=\"column\">\n\t\t\t<div class=\"elementor-widget-wrap elementor-element-populated\">\n\t\t\t\t\t\t<div class=\"elementor-element elementor-element-ac600d9 elementor-widget elementor-widget-video\" data-id=\"ac600d9\" data-element_type=\"widget\" data-settings=\"{&quot;youtube_url&quot;:&quot;youtube.com\\\/watch?v=VWg5M6Zaxd4&amp;embeds_referring_euri=https%3A%2F%2Fchicasentecnologia.org%2Fserie-cet%2F&quot;,&quot;video_type&quot;:&quot;youtube&quot;,&quot;controls&quot;:&quot;yes&quot;}\" data-widget_type=\"video.default\">\n\t\t\t\t\t\t\t<div class=\"elementor-wrapper elementor-open-inline\">\n\t\t\t<div class=\"elementor-video\"><\/div>\t\t<\/div>\n\t\t\t\t\t\t<\/div>\n\t\t\t\t\t<\/div>\n\t\t<\/div>\n\t\t\t\t\t<\/div>\n\t\t<\/section>\n\t\t<div class=\"elementor-element elementor-element-195a95a e-flex e-con-boxed e-con e-parent\" data-id=\"195a95a\" data-element_type=\"container\">\n\t\t\t\t\t<div class=\"e-con-inner\">\n\t\t\t\t<div class=\"elementor-element elementor-element-fa7bf1d elementor-widget elementor-widget-heading\" data-id=\"fa7bf1d\" data-element_type=\"widget\" data-widget_type=\"heading.default\">\n\t\t\t\t\t<h2 class=\"elementor-heading-title elementor-size-default\">El rodaje<\/h2>\t\t\t\t<\/div>\n\t\t\t\t\t<\/div>\n\t\t\t\t<\/div>\n\t\t<div class=\"elementor-element elementor-element-5f86e37 e-flex e-con-boxed e-con e-parent\" data-id=\"5f86e37\" data-element_type=\"container\">\n\t\t\t\t\t<div class=\"e-con-inner\">\n\t\t\t\t<div class=\"elementor-element elementor-element-adc4f12 ha-image-grid--fitRows elementor-widget elementor-widget-ha-image-grid happy-addon ha-image-grid\" data-id=\"adc4f12\" data-element_type=\"widget\" data-settings=\"{&quot;layout&quot;:&quot;fitRows&quot;,&quot;enable_popup&quot;:&quot;yes&quot;}\" data-widget_type=\"ha-image-grid.default\">\n\t\t\t\t\t\n\t\t<div class=\"ha-image-grid__wrap hajs-isotope ha-lightbox--has\">\n\t\t\t\t\t\t\t\n\t\t\t\t<a href=\"#\" data-mfp-src=\"https:\/\/chicasentecnologia.org\/wp-content\/uploads\/2025\/10\/ES_5537-scaled-1-1024x683.jpg\" class=\"ha-image-grid__item ha-js-lightbox __fltr-1\">\n\t\t\t\t\t<img decoding=\"async\" width=\"2560\" height=\"1707\" src=\"https:\/\/chicasentecnologia.org\/wp-content\/uploads\/2025\/10\/ES_5537-scaled-1.jpg\" class=\"elementor-animation-grow\" alt=\"\" srcset=\"https:\/\/chicasentecnologia.org\/wp-content\/uploads\/2025\/10\/ES_5537-scaled-1.jpg 2560w, https:\/\/chicasentecnologia.org\/wp-content\/uploads\/2025\/10\/ES_5537-scaled-1-300x200.jpg 300w, https:\/\/chicasentecnologia.org\/wp-content\/uploads\/2025\/10\/ES_5537-scaled-1-1024x683.jpg 1024w, https:\/\/chicasentecnologia.org\/wp-content\/uploads\/2025\/10\/ES_5537-scaled-1-768x512.jpg 768w, https:\/\/chicasentecnologia.org\/wp-content\/uploads\/2025\/10\/ES_5537-scaled-1-1536x1024.jpg 1536w, https:\/\/chicasentecnologia.org\/wp-content\/uploads\/2025\/10\/ES_5537-scaled-1-2048x1366.jpg 2048w, https:\/\/chicasentecnologia.org\/wp-content\/uploads\/2025\/10\/ES_5537-scaled-1-18x12.jpg 18w\" sizes=\"(max-width: 2560px) 100vw, 2560px\" \/>\t\t\t\t<\/a>\n\t\t\t\t\t\t\t\n\t\t\t\t<a href=\"#\" data-mfp-src=\"https:\/\/chicasentecnologia.org\/wp-content\/uploads\/2025\/10\/ES_5567-scaled-1-1024x683.jpg\" class=\"ha-image-grid__item ha-js-lightbox __fltr-1\">\n\t\t\t\t\t<img decoding=\"async\" width=\"2560\" height=\"1707\" src=\"https:\/\/chicasentecnologia.org\/wp-content\/uploads\/2025\/10\/ES_5567-scaled-1.jpg\" class=\"elementor-animation-grow\" alt=\"\" srcset=\"https:\/\/chicasentecnologia.org\/wp-content\/uploads\/2025\/10\/ES_5567-scaled-1.jpg 2560w, https:\/\/chicasentecnologia.org\/wp-content\/uploads\/2025\/10\/ES_5567-scaled-1-300x200.jpg 300w, https:\/\/chicasentecnologia.org\/wp-content\/uploads\/2025\/10\/ES_5567-scaled-1-1024x683.jpg 1024w, https:\/\/chicasentecnologia.org\/wp-content\/uploads\/2025\/10\/ES_5567-scaled-1-768x512.jpg 768w, https:\/\/chicasentecnologia.org\/wp-content\/uploads\/2025\/10\/ES_5567-scaled-1-1536x1024.jpg 1536w, https:\/\/chicasentecnologia.org\/wp-content\/uploads\/2025\/10\/ES_5567-scaled-1-2048x1366.jpg 2048w, https:\/\/chicasentecnologia.org\/wp-content\/uploads\/2025\/10\/ES_5567-scaled-1-18x12.jpg 18w\" sizes=\"(max-width: 2560px) 100vw, 2560px\" \/>\t\t\t\t<\/a>\n\t\t\t\t\t\t\t\n\t\t\t\t<a href=\"#\" data-mfp-src=\"https:\/\/chicasentecnologia.org\/wp-content\/uploads\/2025\/10\/ES_5679-scaled-1-1024x683.jpg\" class=\"ha-image-grid__item ha-js-lightbox __fltr-1\">\n\t\t\t\t\t<img loading=\"lazy\" decoding=\"async\" width=\"2560\" height=\"1707\" src=\"https:\/\/chicasentecnologia.org\/wp-content\/uploads\/2025\/10\/ES_5679-scaled-1.jpg\" class=\"elementor-animation-grow\" alt=\"\" srcset=\"https:\/\/chicasentecnologia.org\/wp-content\/uploads\/2025\/10\/ES_5679-scaled-1.jpg 2560w, https:\/\/chicasentecnologia.org\/wp-content\/uploads\/2025\/10\/ES_5679-scaled-1-300x200.jpg 300w, https:\/\/chicasentecnologia.org\/wp-content\/uploads\/2025\/10\/ES_5679-scaled-1-1024x683.jpg 1024w, https:\/\/chicasentecnologia.org\/wp-content\/uploads\/2025\/10\/ES_5679-scaled-1-768x512.jpg 768w, https:\/\/chicasentecnologia.org\/wp-content\/uploads\/2025\/10\/ES_5679-scaled-1-1536x1024.jpg 1536w, https:\/\/chicasentecnologia.org\/wp-content\/uploads\/2025\/10\/ES_5679-scaled-1-2048x1366.jpg 2048w, https:\/\/chicasentecnologia.org\/wp-content\/uploads\/2025\/10\/ES_5679-scaled-1-18x12.jpg 18w\" sizes=\"(max-width: 2560px) 100vw, 2560px\" \/>\t\t\t\t<\/a>\n\t\t\t\t\t\t\t\n\t\t\t\t<a href=\"#\" data-mfp-src=\"https:\/\/chicasentecnologia.org\/wp-content\/uploads\/2025\/10\/ES_5677-scaled-1-1024x683.jpg\" class=\"ha-image-grid__item ha-js-lightbox __fltr-1\">\n\t\t\t\t\t<img loading=\"lazy\" decoding=\"async\" width=\"2560\" height=\"1707\" src=\"https:\/\/chicasentecnologia.org\/wp-content\/uploads\/2025\/10\/ES_5677-scaled-1.jpg\" class=\"elementor-animation-grow\" alt=\"\" srcset=\"https:\/\/chicasentecnologia.org\/wp-content\/uploads\/2025\/10\/ES_5677-scaled-1.jpg 2560w, https:\/\/chicasentecnologia.org\/wp-content\/uploads\/2025\/10\/ES_5677-scaled-1-300x200.jpg 300w, https:\/\/chicasentecnologia.org\/wp-content\/uploads\/2025\/10\/ES_5677-scaled-1-1024x683.jpg 1024w, https:\/\/chicasentecnologia.org\/wp-content\/uploads\/2025\/10\/ES_5677-scaled-1-768x512.jpg 768w, https:\/\/chicasentecnologia.org\/wp-content\/uploads\/2025\/10\/ES_5677-scaled-1-1536x1024.jpg 1536w, https:\/\/chicasentecnologia.org\/wp-content\/uploads\/2025\/10\/ES_5677-scaled-1-2048x1366.jpg 2048w, https:\/\/chicasentecnologia.org\/wp-content\/uploads\/2025\/10\/ES_5677-scaled-1-18x12.jpg 18w\" sizes=\"(max-width: 2560px) 100vw, 2560px\" \/>\t\t\t\t<\/a>\n\t\t\t\t\t\t\t\n\t\t\t\t<a href=\"#\" data-mfp-src=\"https:\/\/chicasentecnologia.org\/wp-content\/uploads\/2025\/10\/foto5-1024x682.jpg\" class=\"ha-image-grid__item ha-js-lightbox __fltr-1\">\n\t\t\t\t\t<img loading=\"lazy\" decoding=\"async\" width=\"2000\" height=\"1333\" src=\"https:\/\/chicasentecnologia.org\/wp-content\/uploads\/2025\/10\/foto5.jpg\" class=\"elementor-animation-grow\" alt=\"\" srcset=\"https:\/\/chicasentecnologia.org\/wp-content\/uploads\/2025\/10\/foto5.jpg 2000w, https:\/\/chicasentecnologia.org\/wp-content\/uploads\/2025\/10\/foto5-300x200.jpg 300w, https:\/\/chicasentecnologia.org\/wp-content\/uploads\/2025\/10\/foto5-1024x682.jpg 1024w, https:\/\/chicasentecnologia.org\/wp-content\/uploads\/2025\/10\/foto5-768x512.jpg 768w, https:\/\/chicasentecnologia.org\/wp-content\/uploads\/2025\/10\/foto5-1536x1024.jpg 1536w, https:\/\/chicasentecnologia.org\/wp-content\/uploads\/2025\/10\/foto5-18x12.jpg 18w\" sizes=\"(max-width: 2000px) 100vw, 2000px\" \/>\t\t\t\t<\/a>\n\t\t\t\t\t\t\t\n\t\t\t\t<a href=\"#\" data-mfp-src=\"https:\/\/chicasentecnologia.org\/wp-content\/uploads\/2025\/10\/foto6-1024x682.jpg\" class=\"ha-image-grid__item ha-js-lightbox __fltr-1\">\n\t\t\t\t\t<img loading=\"lazy\" decoding=\"async\" width=\"2000\" height=\"1333\" src=\"https:\/\/chicasentecnologia.org\/wp-content\/uploads\/2025\/10\/foto6.jpg\" class=\"elementor-animation-grow\" alt=\"\" srcset=\"https:\/\/chicasentecnologia.org\/wp-content\/uploads\/2025\/10\/foto6.jpg 2000w, https:\/\/chicasentecnologia.org\/wp-content\/uploads\/2025\/10\/foto6-300x200.jpg 300w, https:\/\/chicasentecnologia.org\/wp-content\/uploads\/2025\/10\/foto6-1024x682.jpg 1024w, https:\/\/chicasentecnologia.org\/wp-content\/uploads\/2025\/10\/foto6-768x512.jpg 768w, https:\/\/chicasentecnologia.org\/wp-content\/uploads\/2025\/10\/foto6-1536x1024.jpg 1536w, https:\/\/chicasentecnologia.org\/wp-content\/uploads\/2025\/10\/foto6-18x12.jpg 18w\" sizes=\"(max-width: 2000px) 100vw, 2000px\" \/>\t\t\t\t<\/a>\n\t\t\t\t\t<\/div>\n\n\t\t\t\t\t\t<\/div>\n\t\t\t\t\t<\/div>\n\t\t\t\t<\/div>\n\t\t<div class=\"elementor-element elementor-element-237dde8 e-flex e-con-boxed e-con e-parent\" data-id=\"237dde8\" data-element_type=\"container\">\n\t\t\t\t\t<div class=\"e-con-inner\">\n\t\t\t\t<div class=\"elementor-element elementor-element-296c686 elementor-widget elementor-widget-image\" data-id=\"296c686\" data-element_type=\"widget\" data-widget_type=\"image.default\">\n\t\t\t\t\t\t\t\t\t\t\t\t\t\t\t<img loading=\"lazy\" decoding=\"async\" width=\"400\" height=\"173\" src=\"https:\/\/chicasentecnologia.org\/wp-content\/uploads\/2025\/10\/logo2-1-400x173-1.png\" class=\"attachment-large size-large wp-image-22541\" alt=\"\" srcset=\"https:\/\/chicasentecnologia.org\/wp-content\/uploads\/2025\/10\/logo2-1-400x173-1.png 400w, https:\/\/chicasentecnologia.org\/wp-content\/uploads\/2025\/10\/logo2-1-400x173-1-300x130.png 300w, https:\/\/chicasentecnologia.org\/wp-content\/uploads\/2025\/10\/logo2-1-400x173-1-18x8.png 18w\" sizes=\"(max-width: 400px) 100vw, 400px\" \/>\t\t\t\t\t\t\t\t\t\t\t\t\t\t\t<\/div>\n\t\t\t\t<div class=\"elementor-element elementor-element-31f63c4 elementor-widget elementor-widget-image\" data-id=\"31f63c4\" data-element_type=\"widget\" data-widget_type=\"image.default\">\n\t\t\t\t\t\t\t\t\t\t\t\t\t\t\t<img loading=\"lazy\" decoding=\"async\" width=\"800\" height=\"88\" src=\"https:\/\/chicasentecnologia.org\/wp-content\/uploads\/2025\/10\/logos3.png\" class=\"attachment-large size-large wp-image-22540\" alt=\"\" srcset=\"https:\/\/chicasentecnologia.org\/wp-content\/uploads\/2025\/10\/logos3.png 800w, https:\/\/chicasentecnologia.org\/wp-content\/uploads\/2025\/10\/logos3-300x33.png 300w, https:\/\/chicasentecnologia.org\/wp-content\/uploads\/2025\/10\/logos3-768x84.png 768w, https:\/\/chicasentecnologia.org\/wp-content\/uploads\/2025\/10\/logos3-18x2.png 18w\" sizes=\"(max-width: 800px) 100vw, 800px\" \/>\t\t\t\t\t\t\t\t\t\t\t\t\t\t\t<\/div>\n\t\t\t\t\t<\/div>\n\t\t\t\t<\/div>\n\t\t\t\t<\/div>\n\t\t","protected":false},"excerpt":{"rendered":"<p>Una serie educativa surgidade la alianza entre\u00a0Chicas en Tecnolog\u00eday\u00a0Escuela Plus\u00a0 Una serie educativa surgida de la alianza entre\u00a0Chicas en Tecnolog\u00eda y\u00a0Escuela Plus\u00a0 \u00a1ACCI\u00d3N! Temporada 2 es una serie educativa que brinda herramientas para que j\u00f3venes de toda Am\u00e9rica Latina y El Caribe desarrollen un modo de pensamiento que las acerca a la tecnolog\u00eda y les [&hellip;]<\/p>\n","protected":false},"author":2,"featured_media":0,"parent":0,"menu_order":0,"comment_status":"closed","ping_status":"closed","template":"elementor_header_footer","meta":{"footnotes":""},"class_list":["post-22535","page","type-page","status-publish","hentry"],"rttpg_featured_image_url":null,"rttpg_author":{"display_name":"lucho","author_link":"https:\/\/chicasentecnologia.org\/es_ar\/author\/lucho\/"},"rttpg_comment":0,"rttpg_category":null,"rttpg_excerpt":"Una serie educativa surgidade la alianza entre\u00a0Chicas en Tecnolog\u00eday\u00a0Escuela Plus\u00a0 Una serie educativa surgida de la alianza entre\u00a0Chicas en Tecnolog\u00eda y\u00a0Escuela Plus\u00a0 \u00a1ACCI\u00d3N! Temporada 2 es una serie educativa que brinda herramientas para que j\u00f3venes de toda Am\u00e9rica Latina y El Caribe desarrollen un modo de pensamiento que las acerca a la tecnolog\u00eda y les&hellip;","_links":{"self":[{"href":"https:\/\/chicasentecnologia.org\/es_ar\/wp-json\/wp\/v2\/pages\/22535","targetHints":{"allow":["GET"]}}],"collection":[{"href":"https:\/\/chicasentecnologia.org\/es_ar\/wp-json\/wp\/v2\/pages"}],"about":[{"href":"https:\/\/chicasentecnologia.org\/es_ar\/wp-json\/wp\/v2\/types\/page"}],"author":[{"embeddable":true,"href":"https:\/\/chicasentecnologia.org\/es_ar\/wp-json\/wp\/v2\/users\/2"}],"replies":[{"embeddable":true,"href":"https:\/\/chicasentecnologia.org\/es_ar\/wp-json\/wp\/v2\/comments?post=22535"}],"version-history":[{"count":37,"href":"https:\/\/chicasentecnologia.org\/es_ar\/wp-json\/wp\/v2\/pages\/22535\/revisions"}],"predecessor-version":[{"id":23001,"href":"https:\/\/chicasentecnologia.org\/es_ar\/wp-json\/wp\/v2\/pages\/22535\/revisions\/23001"}],"wp:attachment":[{"href":"https:\/\/chicasentecnologia.org\/es_ar\/wp-json\/wp\/v2\/media?parent=22535"}],"curies":[{"name":"wp","href":"https:\/\/api.w.org\/{rel}","templated":true}]}}