{"id":21745,"date":"2025-09-01T11:02:08","date_gmt":"2025-09-01T14:02:08","guid":{"rendered":"https:\/\/chicasentecnologia.org\/?page_id=21745"},"modified":"2025-09-01T11:42:57","modified_gmt":"2025-09-01T14:42:57","slug":"blog","status":"publish","type":"page","link":"https:\/\/chicasentecnologia.org\/es_ar\/blog\/","title":{"rendered":"Blog"},"content":{"rendered":"\t\t<div data-elementor-type=\"wp-page\" data-elementor-id=\"21745\" class=\"elementor elementor-21745\" data-elementor-post-type=\"page\">\n\t\t\t\t<div class=\"elementor-element elementor-element-d06ee71 e-flex e-con-boxed e-con e-parent\" data-id=\"d06ee71\" data-element_type=\"container\">\n\t\t\t\t\t<div class=\"e-con-inner\">\n\t\t\t\t<div class=\"elementor-element elementor-element-a8c8358 elementor-widget elementor-widget-shortcode\" data-id=\"a8c8358\" data-element_type=\"widget\" data-widget_type=\"shortcode.default\">\n\t\t\t\t\t\t\t<div class=\"elementor-shortcode\"><style type='text\/css' media='all'>#rt-tpg-container-3168258385 .rt-holder .rt-woo-info .price{color:#5b0099;}body .rt-tpg-container .rt-tpg-isotope-buttons .selected,\n\t\t\t\t\t#rt-tpg-container-3168258385 .layout12 .rt-holder:hover .rt-detail,\n\t\t\t\t\t#rt-tpg-container-3168258385 .isotope8 .rt-holder:hover .rt-detail,\n\t\t\t\t\t#rt-tpg-container-3168258385 .carousel8 .rt-holder:hover .rt-detail,\n\t\t\t\t\t#rt-tpg-container-3168258385 .layout13 .rt-holder .overlay .post-info,\n\t\t\t\t\t#rt-tpg-container-3168258385 .isotope9 .rt-holder .overlay .post-info,\n\t\t\t\t\t#rt-tpg-container-3168258385.rt-tpg-container .layout4 .rt-holder .rt-detail,\n\t\t\t\t\t.rt-modal-3168258385 .md-content,\n\t\t\t\t\t.rt-modal-3168258385 .md-content > .rt-md-content-holder .rt-md-content,\n\t\t\t\t\t.rt-popup-wrap-3168258385.rt-popup-wrap .rt-popup-navigation-wrap,\n\t\t\t\t\t#rt-tpg-container-3168258385 .carousel9 .rt-holder .overlay .post-info{background-color:#5b0099;}#rt-tpg-container-3168258385 .layout5 .rt-holder .overlay, #rt-tpg-container-3168258385 .isotope2 .rt-holder .overlay, #rt-tpg-container-3168258385 .carousel2 .rt-holder .overlay,#rt-tpg-container-3168258385 .layout15 .rt-holder h3, #rt-tpg-container-3168258385 .isotope11 .rt-holder h3, #rt-tpg-container-3168258385 .carousel11 .rt-holder h3, #rt-tpg-container-3168258385 .layout16 .rt-holder h3,\n\t\t\t\t\t#rt-tpg-container-3168258385 .isotope12 .rt-holder h3, #rt-tpg-container-3168258385 .carousel12 .rt-holder h3 {background-color:rgba(91,0,153,0.8);}#rt-tpg-container-3168258385 .pagination-list li a,\n\t\t\t\t\trt-tpg-container-3168258385 .pagination-list li span,\n\t\t\t\t\trt-tpg-container-3168258385 .pagination li a,\n\t\t\t\t\t#rt-tpg-container-3168258385 .rt-tpg-isotope-buttons button,\n\t\t\t\t\t#rt-tpg-container-3168258385 .rt-tpg-utility .rt-tpg-load-more button,\n\t\t\t\t\t#rt-tpg-container-3168258385.rt-tpg-container .swiper-navigation .slider-btn,\n\t\t\t\t\t#rt-tpg-container-3168258385.rt-tpg-container .swiper-pagination-bullet,\n\t\t\t\t\t#rt-tpg-container-3168258385 .wc1 .rt-holder .rt-img-holder .overlay .product-more ul li a,\n\t\t\t\t\t#rt-tpg-container-3168258385 .wc2 .rt-detail .rt-wc-add-to-cart,\n\t\t\t\t\t#rt-tpg-container-3168258385 .wc3 .rt-detail .rt-wc-add-to-cart,\n\t\t\t\t\t#rt-tpg-container-3168258385 .wc4 .rt-detail .rt-wc-add-to-cart,\n\t\t\t\t\t#rt-tpg-container-3168258385 .wc-carousel2 .rt-detail .rt-wc-add-to-cart,\n\t\t\t\t\t#rt-tpg-container-3168258385 .wc-isotope2 .rt-detail .rt-wc-add-to-cart,\n\t\t\t\t\t#rt-tpg-container-3168258385 .rt-layout-filter-container .rt-filter-wrap .rt-filter-item-wrap.rt-filter-dropdown-wrap .rt-filter-dropdown,\n\t\t\t\t\t#rt-tpg-container-3168258385 .rt-layout-filter-container .rt-filter-sub-tax.sub-button-group .rt-filter-button-item,\n\t\t\t\t\t#rt-tpg-container-3168258385.rt-tpg-container .rt-pagination-wrap .rt-page-numbers .paginationjs .paginationjs-pages ul li>a,\n\t\t\t\t\t#rt-tpg-container-3168258385 .rt-filter-item-wrap.rt-filter-button-wrap span.rt-filter-button-item,\n\t\t\t\t\t#rt-tpg-container-3168258385.rt-tpg-container .rt-pagination-wrap  .rt-loadmore-btn,\n\t\t\t\t\t#rt-tpg-container-3168258385.rt-tpg-container .rt-pagination-wrap .rt-cb-page-prev-next > *,\n\t\t\t\t\t#rt-tpg-container-3168258385 .rt-read-more,\n\t\t\t\t\t#rt-tooltip-3168258385, #rt-tooltip-3168258385 .rt-tooltip-bottom:after{background-color:#ffffff;}#rt-tpg-container-3168258385 .rt-filter-item-wrap.rt-filter-button-wrap span.rt-filter-button-item,\n\t\t\t\t\t#rt-tpg-container-3168258385 .rt-layout-filter-container .rt-filter-sub-tax.sub-button-group .rt-filter-button-item{border-color:#ffffff;}#rt-tpg-container-3168258385.rt-tpg-container .layout17 .rt-holder .overlay a.tpg-zoom .fa{color:#ffffff;}#rt-tpg-container-3168258385 .rt-holder .read-more a {background-color:#ffffff;padding: 8px 15px;}#rt-tpg-container-3168258385 .pagination-list li a:hover,\n\t\t\t\t\t#rt-tpg-container-3168258385 .pagination li a:hover,\n\t\t\t\t\t#rt-tpg-container-3168258385 .rt-tpg-isotope-buttons button:hover,\n\t\t\t\t\t#rt-tpg-container-3168258385 .rt-holder .read-more a:hover,\n\t\t\t\t\t#rt-tpg-container-3168258385 .rt-tpg-utility .rt-tpg-load-more button:hover,\n\t\t\t\t\t#rt-tpg-container-3168258385.rt-tpg-container .swiper-pagination-bullet:hover,\n\t\t\t\t\t#rt-tpg-container-3168258385.rt-tpg-container .swiper-navigation .slider-btn:hover,\n\t\t\t\t\t#rt-tpg-container-3168258385 .wc1 .rt-holder .rt-img-holder .overlay .product-more ul li a:hover,\n\t\t\t\t\t#rt-tpg-container-3168258385 .wc2 .rt-detail .rt-wc-add-to-cart:hover,\n\t\t\t\t\t#rt-tpg-container-3168258385 .wc3 .rt-detail .rt-wc-add-to-cart:hover,\n\t\t\t\t\t#rt-tpg-container-3168258385 .wc4 .rt-detail .rt-wc-add-to-cart:hover,\n\t\t\t\t\t#rt-tpg-container-3168258385 .wc-carousel2 .rt-detail .rt-wc-add-to-cart:hover,\n\t\t\t\t\t#rt-tpg-container-3168258385 .wc-isotope2 .rt-detail .rt-wc-add-to-cart:hover,\n\t\t\t\t\t#rt-tpg-container-3168258385 .rt-layout-filter-container .rt-filter-wrap .rt-filter-item-wrap.rt-filter-dropdown-wrap .rt-filter-dropdown .rt-filter-dropdown-item:hover,\n\t\t\t\t\t#rt-tpg-container-3168258385 .rt-layout-filter-container .rt-filter-wrap .rt-filter-item-wrap.rt-filter-dropdown-wrap .rt-filter-dropdown .rt-filter-dropdown-item.selected,\n\t\t\t\t\t#rt-tpg-container-3168258385 .rt-filter-item-wrap.rt-filter-button-wrap span.rt-filter-button-item:hover,\n\t\t\t\t\t#rt-tpg-container-3168258385 .rt-layout-filter-container .rt-filter-sub-tax.sub-button-group .rt-filter-button-item:hover,\n\t\t\t\t\t#rt-tpg-container-3168258385.rt-tpg-container .rt-pagination-wrap .rt-page-numbers .paginationjs .paginationjs-pages ul li>a:hover,\n\t\t\t\t\t#rt-tpg-container-3168258385.rt-tpg-container .rt-pagination-wrap .rt-cb-page-prev-next > *:hover,\n\t\t\t\t\t#rt-tpg-container-3168258385.rt-tpg-container .rt-pagination-wrap  .rt-loadmore-btn:hover,\n\t\t\t\t\t#rt-tpg-container-3168258385 .rt-read-more:hover,\n\t\t\t\t\t#rt-tpg-container-3168258385 .rt-tpg-utility .rt-tpg-load-more button:hover{background-color:#ffc800;}#rt-tpg-container-3168258385 .rt-filter-item-wrap.rt-filter-button-wrap span.rt-filter-button-item:hover,\n\t\t\t\t\t\t#rt-tpg-container-3168258385 .rt-layout-filter-container .rt-filter-sub-tax.sub-button-group .rt-filter-button-item:hover,\n\t\t\t\t\t\t#rt-tpg-container-3168258385.rt-tpg-container .swiper-navigation .slider-btn:hover,\n\t\t\t\t\t\t#rt-tpg-container-3168258385.rt-tpg-container .rt-pagination-wrap .rt-page-numbers .paginationjs .paginationjs-pages ul li>a:hover{border-color:#ffc800;}#rt-tpg-container-3168258385.rt-tpg-container .layout17 .rt-holder .overlay a.tpg-zoom:hover .fa{color:#ffc800;}#rt-tpg-container-3168258385 .pagination-list li a,\n\t\t\t\t\t#rt-tpg-container-3168258385 .pagination li a,\n\t\t\t\t\t#rt-tpg-container-3168258385 .rt-tpg-isotope-buttons button,\n\t\t\t\t\t#rt-tpg-container-3168258385 .rt-holder .read-more a,\n\t\t\t\t\t#rt-tpg-container-3168258385 .rt-tpg-utility .rt-tpg-load-more button,\n\t\t\t\t\t#rt-tpg-container-3168258385.rt-tpg-container .swiper-navigation .slider-btn,\n\t\t\t\t\t#rt-tpg-container-3168258385 .wc1 .rt-holder .rt-img-holder .overlay .product-more ul li a,\n\t\t\t\t\t#rt-tpg-container-3168258385 .edd1 .rt-holder .rt-img-holder .overlay .product-more ul li a,\n\t\t\t\t\t#rt-tpg-container-3168258385 .wc2 .rt-detail .rt-wc-add-to-cart,\n\t\t\t\t\t#rt-tpg-container-3168258385 .wc3 .rt-detail .rt-wc-add-to-cart,\n\t\t\t\t\t#rt-tpg-container-3168258385 .edd2 .rt-detail .rt-wc-add-to-cart,\n\t\t\t\t\t#rt-tpg-container-3168258385 .wc4 .rt-detail .rt-wc-add-to-cart,\n\t\t\t\t\t#rt-tpg-container-3168258385 .edd3 .rt-detail .rt-wc-add-to-cart,\n\t\t\t\t\t#rt-tpg-container-3168258385 .wc-carousel2 .rt-detail .rt-wc-add-to-cart,\n\t\t\t\t\t#rt-tpg-container-3168258385 .wc-isotope2 .rt-detail .rt-wc-add-to-cart,\n\t\t\t\t\t#rt-tpg-container-3168258385 .rt-tpg-utility .rt-tpg-load-more button,\n\t\t\t\t\t#rt-tooltip-3168258385,\n\t\t\t\t\t#rt-tpg-container-3168258385 .rt-filter-item-wrap.rt-filter-button-wrap span.rt-filter-button-item,\n\t\t\t\t\t#rt-tpg-container-3168258385 .rt-layout-filter-container .rt-filter-sub-tax.sub-button-group .rt-filter-button-item,\n\t\t\t\t\t#rt-tpg-container-3168258385 .rt-layout-filter-container .rt-filter-wrap .rt-filter-item-wrap.rt-sort-order-action,\n\t\t\t\t\t#rt-tpg-container-3168258385 .rt-layout-filter-container .rt-filter-wrap .rt-filter-item-wrap.rt-filter-dropdown-wrap .rt-filter-dropdown .rt-filter-dropdown-item,\n\t\t\t\t\t#rt-tpg-container-3168258385.rt-tpg-container .rt-pagination-wrap .rt-page-numbers .paginationjs .paginationjs-pages ul li>a,\n\t\t\t\t\t#rt-tpg-container-3168258385.rt-tpg-container .rt-pagination-wrap .rt-cb-page-prev-next > *,\n\t\t\t\t\t#rt-tpg-container-3168258385.rt-tpg-container .rt-pagination-wrap  .rt-loadmore-btn,\n\t\t\t\t\t#rt-tpg-container-3168258385 .rt-read-more,\n\t\t\t\t\t#rt-tooltip-3168258385 .rt-tooltip-bottom:after{color:#5b0099;}#rt-tpg-container-3168258385 .rt-filter-item-wrap.rt-filter-button-wrap span.rt-filter-button-item:hover,\n\t\t\t\t\t#rt-tpg-container-3168258385 .rt-holder .read-more a:hover,\n\t\t\t\t\t#rt-tpg-container-3168258385.rt-tpg-container .swiper-navigation .slider-btn:hover,\n\t\t\t\t\t#rt-tpg-container-3168258385 .rt-layout-filter-container .rt-filter-sub-tax.sub-button-group .rt-filter-button-item:hover,\n\t\t\t\t\t#rt-tpg-container-3168258385 .rt-layout-filter-container .rt-filter-wrap .rt-filter-item-wrap.rt-filter-dropdown-wrap .rt-filter-dropdown .rt-filter-dropdown-item:hover,\n\t\t\t\t\t#rt-tpg-container-3168258385 .rt-layout-filter-container .rt-filter-wrap .rt-filter-item-wrap.rt-filter-dropdown-wrap .rt-filter-dropdown .rt-filter-dropdown-item.selected,\n\t\t\t\t\t#rt-tpg-container-3168258385 .rt-layout-filter-container .rt-filter-wrap .rt-filter-item-wrap.rt-sort-order-action:hover,\n\t\t\t\t\t#rt-tpg-container-3168258385.rt-tpg-container .rt-pagination-wrap .rt-page-numbers .paginationjs .paginationjs-pages ul li.active>a:hover,\n\t\t\t\t\t#rt-tpg-container-3168258385 .rt-filter-item-wrap.rt-filter-button-wrap span.rt-filter-button-item.selected,\n\t\t\t\t\t#rt-tpg-container-3168258385 .rt-layout-filter-container .rt-filter-wrap .rt-filter-item-wrap.rt-sort-order-action,\n\t\t\t\t\t#rt-tpg-container-3168258385.rt-tpg-container .rt-pagination-wrap  .rt-loadmore-btn:hover,\n\t\t\t\t\t#rt-tpg-container-3168258385 .rt-read-more:hover,\n\t\t\t\t\t#rt-tpg-container-3168258385.rt-tpg-container .rt-pagination-wrap .rt-page-numbers .paginationjs .paginationjs-pages ul li.active>a{color:#5b0099;}#rt-tpg-container-3168258385 .read-more a{border-radius:px;}#rt-tpg-container-3168258385 .rt-img-holder img.rt-img-responsive,#rt-tpg-container-3168258385 .rt-img-holder,\n\t\t\t\t\t#rt-tpg-container-3168258385 .rt-post-overlay .post-img,\n\t\t\t\t\t#rt-tpg-container-3168258385 .post-sm .post-img,\n\t\t\t\t\t#rt-tpg-container-3168258385 .rt-post-grid .post-img,\n\t\t\t\t\t#rt-tpg-container-3168258385 .post-img img {border-radius:px;}<\/style><div class='rt-container-fluid rt-tpg-container tpg-shortcode-main-wrapper ' id='rt-tpg-container-3168258385'   data-layout='layout12' data-grid-style='even' data-desktop-col='3'  data-tab-col='2'  data-mobile-col='1' data-sc-id='21744'><div class=\"tpg-widget-heading-wrapper heading-style1 \"><span class=\"tpg-widget-heading-line line-left\"><\/span><h2 class=\"tpg-widget-heading\"><\/h2><span class=\"tpg-widget-heading-line\"><\/span><\/div><div data-title='Loading ...' class='rt-row rt-content-loader   layout12 tpg-even '><div class=\"rt-col-md-4 rt-col-sm-6 rt-col-xs-12 even-grid-item rt-grid-item\" data-id=\"24178\"><div class=\"rt-holder\"><div class=\"rt-img-holder\"><a data-id=\"24178\" class=\"\" href=\"https:\/\/chicasentecnologia.org\/es_ar\/2026\/04\/20\/artemis-ii-y-el-rol-de-las-mujeres-en-la-nueva-era-espacial\/\"><img fetchpriority=\"high\" decoding=\"async\" width=\"1000\" height=\"800\" src=\"https:\/\/chicasentecnologia.org\/wp-content\/uploads\/2026\/04\/Delfina-Kotch.png\" class=\"rt-img-responsive \" alt=\"\" \/><\/a><\/div> <div class='rt-detail'><h3 class=\"entry-title\"><a data-id=\"24178\" class=\"\" href=\"https:\/\/chicasentecnologia.org\/es_ar\/2026\/04\/20\/artemis-ii-y-el-rol-de-las-mujeres-en-la-nueva-era-espacial\/\">Artemis II y el rol de las mujeres en la nueva era espacial<\/a><\/h3><div class='tpg-excerpt'>M\u00e1s de 50 a\u00f1os pasaron desde que la humanidad orbit\u00f3 la Luna por primera vez...<\/div><div class='post-meta '><span class='read-more'><a data-id=\"24178\" class=\"\" href=\"https:\/\/chicasentecnologia.org\/es_ar\/2026\/04\/20\/artemis-ii-y-el-rol-de-las-mujeres-en-la-nueva-era-espacial\/\">Read More<\/a><\/span><\/div><\/div><\/div><\/div><div class=\"rt-col-md-4 rt-col-sm-6 rt-col-xs-12 even-grid-item rt-grid-item\" data-id=\"24176\"><div class=\"rt-holder\"><div class=\"rt-img-holder\"><a data-id=\"24176\" class=\"\" href=\"https:\/\/chicasentecnologia.org\/es_ar\/2026\/04\/17\/dia-internacional-de-las-ninas-en-las-tic\/\"><img decoding=\"async\" width=\"1000\" height=\"800\" src=\"https:\/\/chicasentecnologia.org\/wp-content\/uploads\/2026\/04\/Diseno-sin-titulo.png\" class=\"rt-img-responsive \" alt=\"\" \/><\/a><\/div> <div class='rt-detail'><h3 class=\"entry-title\"><a data-id=\"24176\" class=\"\" href=\"https:\/\/chicasentecnologia.org\/es_ar\/2026\/04\/17\/dia-internacional-de-las-ninas-en-las-tic\/\">D\u00eda Internacional de las Ni\u00f1as en las TIC: el futuro empieza hoy<\/a><\/h3><div class='tpg-excerpt'>El D\u00eda Internacional de las Ni\u00f1as en las TIC es una fecha que nos recuerda...<\/div><div class='post-meta '><span class='read-more'><a data-id=\"24176\" class=\"\" href=\"https:\/\/chicasentecnologia.org\/es_ar\/2026\/04\/17\/dia-internacional-de-las-ninas-en-las-tic\/\">Read More<\/a><\/span><\/div><\/div><\/div><\/div><div class=\"rt-col-md-4 rt-col-sm-6 rt-col-xs-12 even-grid-item rt-grid-item\" data-id=\"24035\"><div class=\"rt-holder\"><div class=\"rt-img-holder\"><a data-id=\"24035\" class=\"\" href=\"https:\/\/chicasentecnologia.org\/es_ar\/2026\/04\/06\/84-egresadas-en-data-analytics\/\"><img decoding=\"async\" width=\"1000\" height=\"800\" src=\"https:\/\/chicasentecnologia.org\/wp-content\/uploads\/2026\/03\/laboratorio-de-liderazgo-2026.jpg\" class=\"rt-img-responsive \" alt=\"Curso gratuito de Data Analytics para chicas.\" \/><\/a><\/div> <div class='rt-detail'><h3 class=\"entry-title\"><a data-id=\"24035\" class=\"\" href=\"https:\/\/chicasentecnologia.org\/es_ar\/2026\/04\/06\/84-egresadas-en-data-analytics\/\">M\u00e1s de 80 chicas de Argentina egresaron del curso de Data Analytics<\/a><\/h3><div class='tpg-excerpt'>M\u00e1s de 80 j\u00f3venes de toda Argentina finalizaron una nueva edici\u00f3n de nuestro Curso de...<\/div><div class='post-meta '><span class='read-more'><a data-id=\"24035\" class=\"\" href=\"https:\/\/chicasentecnologia.org\/es_ar\/2026\/04\/06\/84-egresadas-en-data-analytics\/\">Read More<\/a><\/span><\/div><\/div><\/div><\/div><div class=\"rt-col-md-4 rt-col-sm-6 rt-col-xs-12 even-grid-item rt-grid-item\" data-id=\"23977\"><div class=\"rt-holder\"><div class=\"rt-img-holder\"><a data-id=\"23977\" class=\"\" href=\"https:\/\/chicasentecnologia.org\/es_ar\/2026\/03\/27\/lo-que-nos-dejo-el-laboratorio-de-liderazgo-2026\/\"><img loading=\"lazy\" decoding=\"async\" width=\"1000\" height=\"800\" src=\"https:\/\/chicasentecnologia.org\/wp-content\/uploads\/2026\/03\/laboratorio-de-liderazgo.jpg\" class=\"rt-img-responsive \" alt=\"Laboratorio de liderazgo 2026.\" \/><\/a><\/div> <div class='rt-detail'><h3 class=\"entry-title\"><a data-id=\"23977\" class=\"\" href=\"https:\/\/chicasentecnologia.org\/es_ar\/2026\/03\/27\/lo-que-nos-dejo-el-laboratorio-de-liderazgo-2026\/\">Liderar tambi\u00e9n se aprende: lo que nos dej\u00f3 el Laboratorio de Liderazgo 2026<\/a><\/h3><div class='tpg-excerpt'>\u00bfQu\u00e9 significa ser l\u00edder? Durante mucho tiempo, la idea de liderazgo estuvo asociada a ocupar...<\/div><div class='post-meta '><span class='read-more'><a data-id=\"23977\" class=\"\" href=\"https:\/\/chicasentecnologia.org\/es_ar\/2026\/03\/27\/lo-que-nos-dejo-el-laboratorio-de-liderazgo-2026\/\">Read More<\/a><\/span><\/div><\/div><\/div><\/div><div class=\"rt-col-md-4 rt-col-sm-6 rt-col-xs-12 even-grid-item rt-grid-item\" data-id=\"23869\"><div class=\"rt-holder\"><div class=\"rt-img-holder\"><a data-id=\"23869\" class=\"\" href=\"https:\/\/chicasentecnologia.org\/es_ar\/2026\/03\/05\/8m-mujeres-en-tecnologia\/\"><img loading=\"lazy\" decoding=\"async\" width=\"1000\" height=\"800\" src=\"https:\/\/chicasentecnologia.org\/wp-content\/uploads\/2026\/03\/Diseno-sin-titulo-1.png\" class=\"rt-img-responsive \" alt=\"\" \/><\/a><\/div> <div class='rt-detail'><h3 class=\"entry-title\"><a data-id=\"23869\" class=\"\" href=\"https:\/\/chicasentecnologia.org\/es_ar\/2026\/03\/05\/8m-mujeres-en-tecnologia\/\">8M y mujeres en tecnolog\u00eda: datos para programar un futuro m\u00e1s justo<\/a><\/h3><div class='tpg-excerpt'>Este 8 de marzo volvemos a hacernos una pregunta inc\u00f3moda pero urgente: \u00bfqui\u00e9nes est\u00e1n tomando...<\/div><div class='post-meta '><span class='read-more'><a data-id=\"23869\" class=\"\" href=\"https:\/\/chicasentecnologia.org\/es_ar\/2026\/03\/05\/8m-mujeres-en-tecnologia\/\">Read More<\/a><\/span><\/div><\/div><\/div><\/div><div class=\"rt-col-md-4 rt-col-sm-6 rt-col-xs-12 even-grid-item rt-grid-item\" data-id=\"23649\"><div class=\"rt-holder\"><div class=\"rt-img-holder\"><a data-id=\"23649\" class=\"\" href=\"https:\/\/chicasentecnologia.org\/es_ar\/2026\/02\/25\/milagros-analista-de-datos\/\"><img loading=\"lazy\" decoding=\"async\" width=\"1000\" height=\"800\" src=\"https:\/\/chicasentecnologia.org\/wp-content\/uploads\/2026\/02\/analista-de-datos.avif\" class=\"rt-img-responsive \" alt=\"Milagros trabaja full time como analista de datos y durante su desarrollo como profesional particip\u00f3 de cursos, mentor\u00edas y programas diversos en Chicas en Tecnolog\u00eda.\" \/><\/a><\/div> <div class='rt-detail'><h3 class=\"entry-title\"><a data-id=\"23649\" class=\"\" href=\"https:\/\/chicasentecnologia.org\/es_ar\/2026\/02\/25\/milagros-analista-de-datos\/\">De explorar a trabajar full time como analista de datos: la historia de Milagros<\/a><\/h3><div class='tpg-excerpt'>Milagros Dubuis tiene 20 a\u00f1os y trabaja full time como analista de datos en una...<\/div><div class='post-meta '><span class='read-more'><a data-id=\"23649\" class=\"\" href=\"https:\/\/chicasentecnologia.org\/es_ar\/2026\/02\/25\/milagros-analista-de-datos\/\">Read More<\/a><\/span><\/div><\/div><\/div><\/div><div class=\"rt-col-md-4 rt-col-sm-6 rt-col-xs-12 even-grid-item rt-grid-item\" data-id=\"23591\"><div class=\"rt-holder\"><div class=\"rt-img-holder\"><a data-id=\"23591\" class=\"\" href=\"https:\/\/chicasentecnologia.org\/es_ar\/2026\/02\/19\/que-es-la-inteligencia-artificial\/\"><img loading=\"lazy\" decoding=\"async\" width=\"1000\" height=\"800\" src=\"https:\/\/chicasentecnologia.org\/wp-content\/uploads\/2026\/02\/que-es-la-inteligencia-artificial.webp\" class=\"rt-img-responsive \" alt=\"Qu\u00e9 es la inteligencia artificial\" \/><\/a><\/div> <div class='rt-detail'><h3 class=\"entry-title\"><a data-id=\"23591\" class=\"\" href=\"https:\/\/chicasentecnologia.org\/es_ar\/2026\/02\/19\/que-es-la-inteligencia-artificial\/\">Qu\u00e9 es la Inteligencia Artificial y c\u00f3mo impacta en el futuro laboral de las mujeres<\/a><\/h3><div class='tpg-excerpt'>La Inteligencia Artificial (IA) ya no es algo del futuro: est\u00e1 cambiando c\u00f3mo trabajamos, c\u00f3mo...<\/div><div class='post-meta '><span class='read-more'><a data-id=\"23591\" class=\"\" href=\"https:\/\/chicasentecnologia.org\/es_ar\/2026\/02\/19\/que-es-la-inteligencia-artificial\/\">Read More<\/a><\/span><\/div><\/div><\/div><\/div><div class=\"rt-col-md-4 rt-col-sm-6 rt-col-xs-12 even-grid-item rt-grid-item\" data-id=\"23562\"><div class=\"rt-holder\"><div class=\"rt-img-holder\"><a data-id=\"23562\" class=\"\" href=\"https:\/\/chicasentecnologia.org\/es_ar\/2026\/02\/11\/dia-internacional-de-la-mujer-y-la-nina-en-la-ciencia-11-de-febrero\/\"><img loading=\"lazy\" decoding=\"async\" width=\"1000\" height=\"800\" src=\"https:\/\/chicasentecnologia.org\/wp-content\/uploads\/2026\/02\/11-de-febrero-efemeride-dia-de-la-mujer-y-la-nina-en-la-ciencia.png\" class=\"rt-img-responsive \" alt=\"\" \/><\/a><\/div> <div class='rt-detail'><h3 class=\"entry-title\"><a data-id=\"23562\" class=\"\" href=\"https:\/\/chicasentecnologia.org\/es_ar\/2026\/02\/11\/dia-internacional-de-la-mujer-y-la-nina-en-la-ciencia-11-de-febrero\/\">D\u00eda Internacional de la Mujer y la Ni\u00f1a en la Ciencia: el desaf\u00edo de despertar vocaciones tempranas<\/a><\/h3><div class='tpg-excerpt'>Cada 11 de febrero, el D\u00eda Internacional de la Mujer y la Ni\u00f1a en la...<\/div><div class='post-meta '><span class='read-more'><a data-id=\"23562\" class=\"\" href=\"https:\/\/chicasentecnologia.org\/es_ar\/2026\/02\/11\/dia-internacional-de-la-mujer-y-la-nina-en-la-ciencia-11-de-febrero\/\">Read More<\/a><\/span><\/div><\/div><\/div><\/div><div class=\"rt-col-md-4 rt-col-sm-6 rt-col-xs-12 even-grid-item rt-grid-item\" data-id=\"23132\"><div class=\"rt-holder\"><div class=\"rt-img-holder\"><a data-id=\"23132\" class=\"\" href=\"https:\/\/chicasentecnologia.org\/es_ar\/2025\/11\/26\/chicas-en-tecnologia-10-anos\/\"><img loading=\"lazy\" decoding=\"async\" width=\"1000\" height=\"800\" src=\"https:\/\/chicasentecnologia.org\/wp-content\/uploads\/2025\/11\/chicas-en-tecnologia-cet.jpg\" class=\"rt-img-responsive \" alt=\"Chicas en Tecnolog\u00eda cumple 10 a\u00f1os abriendo camino en IT.\" \/><\/a><\/div> <div class='rt-detail'><h3 class=\"entry-title\"><a data-id=\"23132\" class=\"\" href=\"https:\/\/chicasentecnologia.org\/es_ar\/2025\/11\/26\/chicas-en-tecnologia-10-anos\/\">Cumplimos 10 a\u00f1os creando futuros posibles<\/a><\/h3><div class='tpg-excerpt'>Hace diez a\u00f1os iniciamos un camino con una convicci\u00f3n clara: la tecnolog\u00eda necesita m\u00e1s voces...<\/div><div class='post-meta '><span class='read-more'><a data-id=\"23132\" class=\"\" href=\"https:\/\/chicasentecnologia.org\/es_ar\/2025\/11\/26\/chicas-en-tecnologia-10-anos\/\">Read More<\/a><\/span><\/div><\/div><\/div><\/div><\/div><div class='rt-pagination-wrap' data-total-pages='51' data-posts-per-page='9' data-type='pagination'  ><div class=\"rt-pagination\" ><ul class=\"pagination-list\"><li class=\"active\"><span>1<\/span><\/li><li><a data-paged=\"2\" href=\"https:\/\/chicasentecnologia.org\/es_ar\/wp-json\/wp\/v2\/pages\/21745\/page\/2\/\">2<\/a><\/li><li><a data-paged=\"3\" href=\"https:\/\/chicasentecnologia.org\/es_ar\/wp-json\/wp\/v2\/pages\/21745\/page\/3\/\">3<\/a><\/li><li><a data-paged=\"4\" href=\"https:\/\/chicasentecnologia.org\/es_ar\/wp-json\/wp\/v2\/pages\/21745\/page\/4\/\">4<\/a><\/li><li><a data-paged=\"5\" href=\"https:\/\/chicasentecnologia.org\/es_ar\/wp-json\/wp\/v2\/pages\/21745\/page\/5\/\">5<\/a><\/li><li><a data-paged=\"2\" href=\"https:\/\/chicasentecnologia.org\/es_ar\/wp-json\/wp\/v2\/pages\/21745\/page\/2\/\" aria-label=\"Next\">&rsaquo;<\/a><\/li><li><a data-paged=\"51\" href=\"https:\/\/chicasentecnologia.org\/es_ar\/wp-json\/wp\/v2\/pages\/21745\/page\/51\/\" aria-label=\"Last\">&raquo;<\/a><\/li><\/ul><\/div><\/div><\/div><\/div>\n\t\t\t\t\t\t<\/div>\n\t\t\t\t\t<\/div>\n\t\t\t\t<\/div>\n\t\t\t\t<\/div>\n\t\t","protected":false},"excerpt":{"rendered":"","protected":false},"author":2,"featured_media":0,"parent":0,"menu_order":0,"comment_status":"closed","ping_status":"closed","template":"elementor_header_footer","meta":{"footnotes":""},"class_list":["post-21745","page","type-page","status-publish","hentry"],"rttpg_featured_image_url":null,"rttpg_author":{"display_name":"lucho","author_link":"https:\/\/chicasentecnologia.org\/es_ar\/author\/lucho\/"},"rttpg_comment":0,"rttpg_category":"","rttpg_excerpt":null,"_links":{"self":[{"href":"https:\/\/chicasentecnologia.org\/es_ar\/wp-json\/wp\/v2\/pages\/21745","targetHints":{"allow":["GET"]}}],"collection":[{"href":"https:\/\/chicasentecnologia.org\/es_ar\/wp-json\/wp\/v2\/pages"}],"about":[{"href":"https:\/\/chicasentecnologia.org\/es_ar\/wp-json\/wp\/v2\/types\/page"}],"author":[{"embeddable":true,"href":"https:\/\/chicasentecnologia.org\/es_ar\/wp-json\/wp\/v2\/users\/2"}],"replies":[{"embeddable":true,"href":"https:\/\/chicasentecnologia.org\/es_ar\/wp-json\/wp\/v2\/comments?post=21745"}],"version-history":[{"count":4,"href":"https:\/\/chicasentecnologia.org\/es_ar\/wp-json\/wp\/v2\/pages\/21745\/revisions"}],"predecessor-version":[{"id":21749,"href":"https:\/\/chicasentecnologia.org\/es_ar\/wp-json\/wp\/v2\/pages\/21745\/revisions\/21749"}],"wp:attachment":[{"href":"https:\/\/chicasentecnologia.org\/es_ar\/wp-json\/wp\/v2\/media?parent=21745"}],"curies":[{"name":"wp","href":"https:\/\/api.w.org\/{rel}","templated":true}]}}