{"id":21202,"date":"2025-08-31T19:44:52","date_gmt":"2025-08-31T22:44:52","guid":{"rendered":"https:\/\/chicasentecnologia.org\/?page_id=21202"},"modified":"2025-10-31T09:15:06","modified_gmt":"2025-10-31T12:15:06","slug":"carolina_hadad","status":"publish","type":"page","link":"https:\/\/chicasentecnologia.org\/es_ar\/carolina_hadad\/","title":{"rendered":"Carolina Hadad &#8211; Co-Fundadora"},"content":{"rendered":"\t\t<div data-elementor-type=\"wp-page\" data-elementor-id=\"21202\" class=\"elementor elementor-21202\" data-elementor-post-type=\"page\">\n\t\t\t\t<div class=\"elementor-element elementor-element-248d2df e-flex e-con-boxed e-con e-parent\" data-id=\"248d2df\" data-element_type=\"container\" data-settings=\"{&quot;background_background&quot;:&quot;classic&quot;}\">\n\t\t\t\t\t<div class=\"e-con-inner\">\n\t\t<div class=\"elementor-element elementor-element-ee4b42f e-con-full e-flex elementor-invisible e-con e-child\" data-id=\"ee4b42f\" data-element_type=\"container\" data-settings=\"{&quot;animation&quot;:&quot;fadeInUp&quot;}\">\n\t\t\t\t<div class=\"elementor-element elementor-element-2e0f493 elementor-widget elementor-widget-image\" data-id=\"2e0f493\" data-element_type=\"widget\" data-widget_type=\"image.default\">\n\t\t\t\t\t\t\t\t\t\t\t\t\t\t\t<img fetchpriority=\"high\" decoding=\"async\" width=\"480\" height=\"480\" src=\"https:\/\/chicasentecnologia.org\/wp-content\/uploads\/2025\/08\/caro.jpg\" class=\"attachment-full size-full wp-image-21042\" alt=\"\" srcset=\"https:\/\/chicasentecnologia.org\/wp-content\/uploads\/2025\/08\/caro.jpg 480w, https:\/\/chicasentecnologia.org\/wp-content\/uploads\/2025\/08\/caro-300x300.jpg 300w, https:\/\/chicasentecnologia.org\/wp-content\/uploads\/2025\/08\/caro-150x150.jpg 150w\" sizes=\"(max-width: 480px) 100vw, 480px\" \/>\t\t\t\t\t\t\t\t\t\t\t\t\t\t\t<\/div>\n\t\t\t\t<\/div>\n\t\t<div class=\"elementor-element elementor-element-c897dc0 e-con-full e-flex elementor-invisible e-con e-child\" data-id=\"c897dc0\" data-element_type=\"container\" data-settings=\"{&quot;background_background&quot;:&quot;classic&quot;,&quot;animation&quot;:&quot;fadeInUp&quot;}\">\n\t\t\t\t<div class=\"elementor-element elementor-element-dff4eaf elementor-widget elementor-widget-heading\" data-id=\"dff4eaf\" data-element_type=\"widget\" data-widget_type=\"heading.default\">\n\t\t\t\t\t<h2 class=\"elementor-heading-title elementor-size-default\">Carolina Hadad<\/h2>\t\t\t\t<\/div>\n\t\t\t\t<div class=\"elementor-element elementor-element-44b35af elementor-widget elementor-widget-text-editor\" data-id=\"44b35af\" data-element_type=\"widget\" data-widget_type=\"text-editor.default\">\n\t\t\t\t\t\t\t\t\t<div class=\"three columns\"><div class=\"gdlr-item gdlr-speaker-item\"><div class=\"gdlr-ux gdlr-speaker-item-ux\"><div class=\"gdlr-speaker-item-content\"><div class=\"gdlr-speaker-item-position gdlr-info-font gdlr-skin-info\">Co-Fundadora<\/div><div>\u00a0<\/div><\/div><\/div><\/div><\/div>\t\t\t\t\t\t\t\t<\/div>\n\t\t\t\t<div class=\"elementor-element elementor-element-2e3587e elementor-widget elementor-widget-text-editor\" data-id=\"2e3587e\" data-element_type=\"widget\" data-widget_type=\"text-editor.default\">\n\t\t\t\t\t\t\t\t\t<p><span style=\"font-weight: 400;\">Cofundadora de Chicas en Tecnolog\u00eda, trabaja desde hace m\u00e1s de una d\u00e9cada aplicando su formaci\u00f3n en computaci\u00f3n al desarrollo de soluciones con impacto social. Actualmente se desempe\u00f1a como Coordinadora de Productos en Horizontal, donde contribuye a crear tecnolog\u00eda para proteger la seguridad y privacidad de activistas y periodistas en contextos represivos.<\/span><\/p><p><span style=\"font-weight: 400;\">A lo largo de su trayectoria, trabaj\u00f3 en diversas organizaciones de la sociedad civil y en el sector p\u00fablico y privado. Fue Coordinadora de Proyectos T\u00e9cnicos en The Engine Room, Coordinadora de Programas en el Laboratorio de Innovaci\u00f3n de Fundaci\u00f3n Hu\u00e9sped, lider\u00f3 equipos de desarrollo y dise\u00f1o en el \u00e1rea de Datos Abiertos del Gobierno Argentino y form\u00f3 parte de Google como nexo entre equipos de ventas, soporte y desarrollo.<\/span><\/p><p><span style=\"font-weight: 400;\">Es Analista en Computaci\u00f3n por la Universidad de Buenos Aires y Fellow en Innovaci\u00f3n para la Equidad por la Universidad de Berkeley. Adem\u00e1s, es coautora de <\/span><i><span style=\"font-weight: 400;\">Cient\u00edficas de Ac\u00e1<\/span><\/i><span style=\"font-weight: 400;\">, un libro ilustrado que visibiliza historias de mujeres en la ciencia en Argentina.<\/span><span style=\"font-weight: 400;\"><br \/><\/span><\/p>\t\t\t\t\t\t\t\t<\/div>\n\t\t\t\t<div class=\"elementor-element elementor-element-049896b e-grid-align-left elementor-shape-rounded elementor-grid-0 elementor-widget elementor-widget-social-icons\" data-id=\"049896b\" data-element_type=\"widget\" data-widget_type=\"social-icons.default\">\n\t\t\t\t\t\t\t<div class=\"elementor-social-icons-wrapper elementor-grid\">\n\t\t\t\t\t\t\t<span class=\"elementor-grid-item\">\n\t\t\t\t\t<a class=\"elementor-icon elementor-social-icon elementor-social-icon-linkedin elementor-repeater-item-386709f\" href=\"https:\/\/www.linkedin.com\/in\/carohadad\/%20\" target=\"_blank\" rel=\"noopener\">\n\t\t\t\t\t\t<span class=\"elementor-screen-only\">Linkedin<\/span>\n\t\t\t\t\t\t<svg aria-hidden=\"true\" class=\"e-font-icon-svg e-fab-linkedin\" viewBox=\"0 0 448 512\" xmlns=\"http:\/\/www.w3.org\/2000\/svg\"><path d=\"M416 32H31.9C14.3 32 0 46.5 0 64.3v383.4C0 465.5 14.3 480 31.9 480H416c17.6 0 32-14.5 32-32.3V64.3c0-17.8-14.4-32.3-32-32.3zM135.4 416H69V202.2h66.5V416zm-33.2-243c-21.3 0-38.5-17.3-38.5-38.5S80.9 96 102.2 96c21.2 0 38.5 17.3 38.5 38.5 0 21.3-17.2 38.5-38.5 38.5zm282.1 243h-66.4V312c0-24.8-.5-56.7-34.5-56.7-34.6 0-39.9 27-39.9 54.9V416h-66.4V202.2h63.7v29.2h.9c8.9-16.8 30.6-34.5 62.9-34.5 67.2 0 79.7 44.3 79.7 101.9V416z\"><\/path><\/svg>\t\t\t\t\t<\/a>\n\t\t\t\t<\/span>\n\t\t\t\t\t<\/div>\n\t\t\t\t\t\t<\/div>\n\t\t\t\t<\/div>\n\t\t\t\t\t<\/div>\n\t\t\t\t<\/div>\n\t\t<div class=\"elementor-element elementor-element-46132411 e-flex e-con-boxed e-con e-parent\" data-id=\"46132411\" data-element_type=\"container\" data-settings=\"{&quot;background_background&quot;:&quot;classic&quot;}\">\n\t\t\t\t\t<div class=\"e-con-inner\">\n\t\t\t\t<div class=\"elementor-element elementor-element-7dc94539 elementor-widget elementor-widget-heading\" data-id=\"7dc94539\" data-element_type=\"widget\" data-widget_type=\"heading.default\">\n\t\t\t\t\t<h2 class=\"elementor-heading-title elementor-size-default\">\u00bfQuer\u00e9s enterarte de todo?<\/h2>\t\t\t\t<\/div>\n\t\t\t\t<div class=\"elementor-element elementor-element-3664e163 elementor-widget elementor-widget-text-editor\" data-id=\"3664e163\" data-element_type=\"widget\" data-widget_type=\"text-editor.default\">\n\t\t\t\t\t\t\t\t\t<p>Dejanos tu <span style=\"color: #ffc800;\"><strong>mail<\/strong><\/span><\/p>\t\t\t\t\t\t\t\t<\/div>\n\t\t\t\t\t<\/div>\n\t\t\t\t<\/div>\n\t\t\t\t<\/div>\n\t\t","protected":false},"excerpt":{"rendered":"<p>Carolina Hadad Co-Fundadora\u00a0 Cofundadora de Chicas en Tecnolog\u00eda, trabaja desde hace m\u00e1s de una d\u00e9cada aplicando su formaci\u00f3n en computaci\u00f3n al desarrollo de soluciones con impacto social. Actualmente se desempe\u00f1a como Coordinadora de Productos en Horizontal, donde contribuye a crear tecnolog\u00eda para proteger la seguridad y privacidad de activistas y periodistas en contextos represivos. A [&hellip;]<\/p>\n","protected":false},"author":2,"featured_media":0,"parent":0,"menu_order":0,"comment_status":"closed","ping_status":"closed","template":"elementor_header_footer","meta":{"footnotes":""},"class_list":["post-21202","page","type-page","status-publish","hentry"],"rttpg_featured_image_url":null,"rttpg_author":{"display_name":"lucho","author_link":"https:\/\/chicasentecnologia.org\/es_ar\/author\/lucho\/"},"rttpg_comment":0,"rttpg_category":null,"rttpg_excerpt":"Carolina Hadad Co-Fundadora\u00a0 Cofundadora de Chicas en Tecnolog\u00eda, trabaja desde hace m\u00e1s de una d\u00e9cada aplicando su formaci\u00f3n en computaci\u00f3n al desarrollo de soluciones con impacto social. Actualmente se desempe\u00f1a como Coordinadora de Productos en Horizontal, donde contribuye a crear tecnolog\u00eda para proteger la seguridad y privacidad de activistas y periodistas en contextos represivos. A&hellip;","_links":{"self":[{"href":"https:\/\/chicasentecnologia.org\/es_ar\/wp-json\/wp\/v2\/pages\/21202","targetHints":{"allow":["GET"]}}],"collection":[{"href":"https:\/\/chicasentecnologia.org\/es_ar\/wp-json\/wp\/v2\/pages"}],"about":[{"href":"https:\/\/chicasentecnologia.org\/es_ar\/wp-json\/wp\/v2\/types\/page"}],"author":[{"embeddable":true,"href":"https:\/\/chicasentecnologia.org\/es_ar\/wp-json\/wp\/v2\/users\/2"}],"replies":[{"embeddable":true,"href":"https:\/\/chicasentecnologia.org\/es_ar\/wp-json\/wp\/v2\/comments?post=21202"}],"version-history":[{"count":7,"href":"https:\/\/chicasentecnologia.org\/es_ar\/wp-json\/wp\/v2\/pages\/21202\/revisions"}],"predecessor-version":[{"id":22863,"href":"https:\/\/chicasentecnologia.org\/es_ar\/wp-json\/wp\/v2\/pages\/21202\/revisions\/22863"}],"wp:attachment":[{"href":"https:\/\/chicasentecnologia.org\/es_ar\/wp-json\/wp\/v2\/media?parent=21202"}],"curies":[{"name":"wp","href":"https:\/\/api.w.org\/{rel}","templated":true}]}}