{"id":21182,"date":"2025-08-31T19:36:29","date_gmt":"2025-08-31T22:36:29","guid":{"rendered":"https:\/\/chicasentecnologia.org\/?page_id=21182"},"modified":"2025-10-30T08:25:24","modified_gmt":"2025-10-30T11:25:24","slug":"lorena_marino","status":"publish","type":"page","link":"https:\/\/chicasentecnologia.org\/es_ar\/lorena_marino\/","title":{"rendered":"Lorena Marino- Comisi\u00f3n Directiva"},"content":{"rendered":"\t\t<div data-elementor-type=\"wp-page\" data-elementor-id=\"21182\" class=\"elementor elementor-21182\" data-elementor-post-type=\"page\">\n\t\t\t\t<div class=\"elementor-element elementor-element-248d2df e-flex e-con-boxed e-con e-parent\" data-id=\"248d2df\" data-element_type=\"container\" data-settings=\"{&quot;background_background&quot;:&quot;classic&quot;}\">\n\t\t\t\t\t<div class=\"e-con-inner\">\n\t\t<div class=\"elementor-element elementor-element-ee4b42f e-con-full e-flex elementor-invisible e-con e-child\" data-id=\"ee4b42f\" data-element_type=\"container\" data-settings=\"{&quot;animation&quot;:&quot;fadeInUp&quot;}\">\n\t\t\t\t<div class=\"elementor-element elementor-element-2e0f493 elementor-widget elementor-widget-image\" data-id=\"2e0f493\" data-element_type=\"widget\" data-widget_type=\"image.default\">\n\t\t\t\t\t\t\t\t\t\t\t\t\t\t\t<img fetchpriority=\"high\" decoding=\"async\" width=\"1080\" height=\"1080\" src=\"https:\/\/chicasentecnologia.org\/wp-content\/uploads\/2025\/08\/Lorena-Marino.png\" class=\"attachment-full size-full wp-image-21046\" alt=\"\" srcset=\"https:\/\/chicasentecnologia.org\/wp-content\/uploads\/2025\/08\/Lorena-Marino.png 1080w, https:\/\/chicasentecnologia.org\/wp-content\/uploads\/2025\/08\/Lorena-Marino-300x300.png 300w, https:\/\/chicasentecnologia.org\/wp-content\/uploads\/2025\/08\/Lorena-Marino-1024x1024.png 1024w, https:\/\/chicasentecnologia.org\/wp-content\/uploads\/2025\/08\/Lorena-Marino-150x150.png 150w, https:\/\/chicasentecnologia.org\/wp-content\/uploads\/2025\/08\/Lorena-Marino-768x768.png 768w\" sizes=\"(max-width: 1080px) 100vw, 1080px\" \/>\t\t\t\t\t\t\t\t\t\t\t\t\t\t\t<\/div>\n\t\t\t\t<\/div>\n\t\t<div class=\"elementor-element elementor-element-c897dc0 e-con-full e-flex elementor-invisible e-con e-child\" data-id=\"c897dc0\" data-element_type=\"container\" data-settings=\"{&quot;background_background&quot;:&quot;classic&quot;,&quot;animation&quot;:&quot;fadeInUp&quot;}\">\n\t\t\t\t<div class=\"elementor-element elementor-element-dff4eaf elementor-widget elementor-widget-heading\" data-id=\"dff4eaf\" data-element_type=\"widget\" data-widget_type=\"heading.default\">\n\t\t\t\t\t<h2 class=\"elementor-heading-title elementor-size-default\">Lorena Marino<\/h2>\t\t\t\t<\/div>\n\t\t\t\t<div class=\"elementor-element elementor-element-44b35af elementor-widget elementor-widget-text-editor\" data-id=\"44b35af\" data-element_type=\"widget\" data-widget_type=\"text-editor.default\">\n\t\t\t\t\t\t\t\t\t<div class=\"three columns\"><div class=\"gdlr-item gdlr-speaker-item\"><div class=\"gdlr-ux gdlr-speaker-item-ux\"><div class=\"gdlr-speaker-item-content\"><div class=\"gdlr-speaker-item-position gdlr-info-font gdlr-skin-info\">Comisi\u00f3n Directiva<\/div><div>\u00a0<\/div><\/div><\/div><\/div><\/div>\t\t\t\t\t\t\t\t<\/div>\n\t\t\t\t<div class=\"elementor-element elementor-element-87421ef elementor-widget elementor-widget-text-editor\" data-id=\"87421ef\" data-element_type=\"widget\" data-widget_type=\"text-editor.default\">\n\t\t\t\t\t\t\t\t\t<p>Fundadora y Presidenta de la consultora Crear Valor Juntos, especializada en mentoring y liderazgo colaborativo. Es integrante honor\u00edfica de la Red Global de Mentores, forma parte del Consejo de Relaciones P\u00fablicas de la Rep\u00fablica Argentina y de Vital Voices Cono Sur.<\/p><p>Estudi\u00f3 Comunicaci\u00f3n Social (USAL), realiz\u00f3 un posgrado en Alta Direcci\u00f3n (ESEADE) y otro en Desarrollo en Management (UADE). Dedic\u00f3 su carrera profesional al dise\u00f1o e implementaci\u00f3n de estrategias de comunicaci\u00f3n, al manejo de asuntos p\u00fablicos y crisis, y a capacitar a altos ejecutivos y a funcionarios para desempe\u00f1arse eficientemente en debates p\u00fablicos, presentaciones y disertaciones.<br \/>Durante m\u00e1s de 30 a\u00f1os transit\u00f3 los desaf\u00edos que supone liderar: organiz\u00f3 equipos con personas diversas en edad, intereses, contextos y expectativas; asumi\u00f3 puestos de responsabilidad para los que tuvo que definir objetivos y estrategias; debi\u00f3 adaptarse a las exigencias del sector p\u00fablico, del sector privado y del emprendedorismo; se vio en la necesidad de interpelarse a s\u00ed misma como l\u00edder.<\/p>\t\t\t\t\t\t\t\t<\/div>\n\t\t\t\t<\/div>\n\t\t\t\t\t<\/div>\n\t\t\t\t<\/div>\n\t\t<div class=\"elementor-element elementor-element-46132411 e-flex e-con-boxed e-con e-parent\" data-id=\"46132411\" data-element_type=\"container\" data-settings=\"{&quot;background_background&quot;:&quot;classic&quot;}\">\n\t\t\t\t\t<div class=\"e-con-inner\">\n\t\t\t\t<div class=\"elementor-element elementor-element-7dc94539 elementor-widget elementor-widget-heading\" data-id=\"7dc94539\" data-element_type=\"widget\" data-widget_type=\"heading.default\">\n\t\t\t\t\t<h2 class=\"elementor-heading-title elementor-size-default\">\u00bfQuer\u00e9s enterarte de todo?<\/h2>\t\t\t\t<\/div>\n\t\t\t\t<div class=\"elementor-element elementor-element-3664e163 elementor-widget elementor-widget-text-editor\" data-id=\"3664e163\" data-element_type=\"widget\" data-widget_type=\"text-editor.default\">\n\t\t\t\t\t\t\t\t\t<p>Dejanos tu <span style=\"color: #ffc800;\"><strong>mail<\/strong><\/span><\/p>\t\t\t\t\t\t\t\t<\/div>\n\t\t\t\t\t<\/div>\n\t\t\t\t<\/div>\n\t\t\t\t<\/div>\n\t\t","protected":false},"excerpt":{"rendered":"<p>Lorena Marino Comisi\u00f3n Directiva\u00a0 Fundadora y Presidenta de la consultora Crear Valor Juntos, especializada en mentoring y liderazgo colaborativo. Es integrante honor\u00edfica de la Red Global de Mentores, forma parte del Consejo de Relaciones P\u00fablicas de la Rep\u00fablica Argentina y de Vital Voices Cono Sur. Estudi\u00f3 Comunicaci\u00f3n Social (USAL), realiz\u00f3 un posgrado en Alta Direcci\u00f3n [&hellip;]<\/p>\n","protected":false},"author":2,"featured_media":0,"parent":0,"menu_order":0,"comment_status":"closed","ping_status":"closed","template":"elementor_header_footer","meta":{"footnotes":""},"class_list":["post-21182","page","type-page","status-publish","hentry"],"rttpg_featured_image_url":null,"rttpg_author":{"display_name":"lucho","author_link":"https:\/\/chicasentecnologia.org\/es_ar\/author\/lucho\/"},"rttpg_comment":0,"rttpg_category":null,"rttpg_excerpt":"Lorena Marino Comisi\u00f3n Directiva\u00a0 Fundadora y Presidenta de la consultora Crear Valor Juntos, especializada en mentoring y liderazgo colaborativo. Es integrante honor\u00edfica de la Red Global de Mentores, forma parte del Consejo de Relaciones P\u00fablicas de la Rep\u00fablica Argentina y de Vital Voices Cono Sur. Estudi\u00f3 Comunicaci\u00f3n Social (USAL), realiz\u00f3 un posgrado en Alta Direcci\u00f3n&hellip;","_links":{"self":[{"href":"https:\/\/chicasentecnologia.org\/es_ar\/wp-json\/wp\/v2\/pages\/21182","targetHints":{"allow":["GET"]}}],"collection":[{"href":"https:\/\/chicasentecnologia.org\/es_ar\/wp-json\/wp\/v2\/pages"}],"about":[{"href":"https:\/\/chicasentecnologia.org\/es_ar\/wp-json\/wp\/v2\/types\/page"}],"author":[{"embeddable":true,"href":"https:\/\/chicasentecnologia.org\/es_ar\/wp-json\/wp\/v2\/users\/2"}],"replies":[{"embeddable":true,"href":"https:\/\/chicasentecnologia.org\/es_ar\/wp-json\/wp\/v2\/comments?post=21182"}],"version-history":[{"count":7,"href":"https:\/\/chicasentecnologia.org\/es_ar\/wp-json\/wp\/v2\/pages\/21182\/revisions"}],"predecessor-version":[{"id":22737,"href":"https:\/\/chicasentecnologia.org\/es_ar\/wp-json\/wp\/v2\/pages\/21182\/revisions\/22737"}],"wp:attachment":[{"href":"https:\/\/chicasentecnologia.org\/es_ar\/wp-json\/wp\/v2\/media?parent=21182"}],"curies":[{"name":"wp","href":"https:\/\/api.w.org\/{rel}","templated":true}]}}