{"id":21172,"date":"2025-08-31T19:33:33","date_gmt":"2025-08-31T22:33:33","guid":{"rendered":"https:\/\/chicasentecnologia.org\/?page_id=21172"},"modified":"2026-02-26T15:54:30","modified_gmt":"2026-02-26T18:54:30","slug":"vanesa_cillo","status":"publish","type":"page","link":"https:\/\/chicasentecnologia.org\/es_ar\/vanesa_cillo\/","title":{"rendered":"Vanesa Cillo &#8211; Comisi\u00f3n Directiva"},"content":{"rendered":"\t\t<div data-elementor-type=\"wp-page\" data-elementor-id=\"21172\" class=\"elementor elementor-21172\" data-elementor-post-type=\"page\">\n\t\t\t\t<div class=\"elementor-element elementor-element-248d2df e-flex e-con-boxed e-con e-parent\" data-id=\"248d2df\" data-element_type=\"container\" data-settings=\"{&quot;background_background&quot;:&quot;classic&quot;}\">\n\t\t\t\t\t<div class=\"e-con-inner\">\n\t\t<div class=\"elementor-element elementor-element-ee4b42f e-con-full e-flex elementor-invisible e-con e-child\" data-id=\"ee4b42f\" data-element_type=\"container\" data-settings=\"{&quot;animation&quot;:&quot;fadeInUp&quot;}\">\n\t\t\t\t<div class=\"elementor-element elementor-element-2e0f493 elementor-widget elementor-widget-image\" data-id=\"2e0f493\" data-element_type=\"widget\" data-widget_type=\"image.default\">\n\t\t\t\t\t\t\t\t\t\t\t\t\t\t\t<img fetchpriority=\"high\" decoding=\"async\" width=\"2560\" height=\"2560\" src=\"https:\/\/chicasentecnologia.org\/wp-content\/uploads\/2026\/02\/Vane-Cillo-web.png\" class=\"attachment-full size-full wp-image-23667\" alt=\"\" srcset=\"https:\/\/chicasentecnologia.org\/wp-content\/uploads\/2026\/02\/Vane-Cillo-web.png 2560w, https:\/\/chicasentecnologia.org\/wp-content\/uploads\/2026\/02\/Vane-Cillo-web-300x300.png 300w, https:\/\/chicasentecnologia.org\/wp-content\/uploads\/2026\/02\/Vane-Cillo-web-1024x1024.png 1024w, https:\/\/chicasentecnologia.org\/wp-content\/uploads\/2026\/02\/Vane-Cillo-web-150x150.png 150w, https:\/\/chicasentecnologia.org\/wp-content\/uploads\/2026\/02\/Vane-Cillo-web-768x768.png 768w, https:\/\/chicasentecnologia.org\/wp-content\/uploads\/2026\/02\/Vane-Cillo-web-1536x1536.png 1536w, https:\/\/chicasentecnologia.org\/wp-content\/uploads\/2026\/02\/Vane-Cillo-web-2048x2048.png 2048w, https:\/\/chicasentecnologia.org\/wp-content\/uploads\/2026\/02\/Vane-Cillo-web-12x12.png 12w\" sizes=\"(max-width: 2560px) 100vw, 2560px\" \/>\t\t\t\t\t\t\t\t\t\t\t\t\t\t\t<\/div>\n\t\t\t\t<\/div>\n\t\t<div class=\"elementor-element elementor-element-c897dc0 e-con-full e-flex elementor-invisible e-con e-child\" data-id=\"c897dc0\" data-element_type=\"container\" data-settings=\"{&quot;background_background&quot;:&quot;classic&quot;,&quot;animation&quot;:&quot;fadeInUp&quot;}\">\n\t\t\t\t<div class=\"elementor-element elementor-element-dff4eaf elementor-widget elementor-widget-heading\" data-id=\"dff4eaf\" data-element_type=\"widget\" data-widget_type=\"heading.default\">\n\t\t\t\t\t<h2 class=\"elementor-heading-title elementor-size-default\">Vanesa Cillo<\/h2>\t\t\t\t<\/div>\n\t\t\t\t<div class=\"elementor-element elementor-element-44b35af elementor-widget elementor-widget-text-editor\" data-id=\"44b35af\" data-element_type=\"widget\" data-widget_type=\"text-editor.default\">\n\t\t\t\t\t\t\t\t\t<div class=\"three columns\"><div class=\"gdlr-item gdlr-speaker-item\"><div class=\"gdlr-ux gdlr-speaker-item-ux\"><div class=\"gdlr-speaker-item-content\"><div class=\"gdlr-speaker-item-position gdlr-info-font gdlr-skin-info\">Comisi\u00f3n Directiva<\/div><div>\u00a0<\/div><\/div><\/div><\/div><\/div>\t\t\t\t\t\t\t\t<\/div>\n\t\t\t\t<div class=\"elementor-element elementor-element-e517f5a elementor-widget elementor-widget-text-editor\" data-id=\"e517f5a\" data-element_type=\"widget\" data-widget_type=\"text-editor.default\">\n\t\t\t\t\t\t\t\t\t<p>Especialista en tecnolog\u00eda, inteligencia artificial y cyberseguridad. Cuenta con una trayectoria marcada por su pasi\u00f3n por la tecnolog\u00eda, la innovaci\u00f3n y el impacto humano. Actualmente se desempe\u00f1a como Chief Technology Officer en Shifta, donde lidera la estrategia tecnol\u00f3gica para productos digitales con prop\u00f3sito. Tambi\u00e9n es miembro del Board de Chicas en Tecnolog\u00eda. Adem\u00e1s, su experiencia incluye roles como ingeniera de software y mentora dentro de organizaciones tecnol\u00f3gicas, donde ha promovido la diversidad, la \u00e9tica digital y el aprendizaje continuo dentro del ecosistema tecnol\u00f3gico argentino.<\/p><p>Vanesa tambi\u00e9n es speaker, advisor y formadora, interesada en abordar cuestiones como la ciberseguridad, la inteligencia artificial y las narrativas de tecnolog\u00eda para empoderar a las nuevas generaciones de mujeres en tecnolog\u00eda.<\/p>\t\t\t\t\t\t\t\t<\/div>\n\t\t\t\t<\/div>\n\t\t\t\t\t<\/div>\n\t\t\t\t<\/div>\n\t\t<div class=\"elementor-element elementor-element-46132411 e-flex e-con-boxed e-con e-parent\" data-id=\"46132411\" data-element_type=\"container\" data-settings=\"{&quot;background_background&quot;:&quot;classic&quot;}\">\n\t\t\t\t\t<div class=\"e-con-inner\">\n\t\t\t\t<div class=\"elementor-element elementor-element-7dc94539 elementor-widget elementor-widget-heading\" data-id=\"7dc94539\" data-element_type=\"widget\" data-widget_type=\"heading.default\">\n\t\t\t\t\t<h2 class=\"elementor-heading-title elementor-size-default\">\u00bfQuer\u00e9s enterarte de todo?<\/h2>\t\t\t\t<\/div>\n\t\t\t\t<div class=\"elementor-element elementor-element-3664e163 elementor-widget elementor-widget-text-editor\" data-id=\"3664e163\" data-element_type=\"widget\" data-widget_type=\"text-editor.default\">\n\t\t\t\t\t\t\t\t\t<p>Dejanos tu <span style=\"color: #ffc800;\"><strong>mail<\/strong><\/span><\/p>\t\t\t\t\t\t\t\t<\/div>\n\t\t\t\t\t<\/div>\n\t\t\t\t<\/div>\n\t\t\t\t<\/div>\n\t\t","protected":false},"excerpt":{"rendered":"<p>Vanesa Cillo Comisi\u00f3n Directiva\u00a0 Especialista en tecnolog\u00eda, inteligencia artificial y cyberseguridad. Cuenta con una trayectoria marcada por su pasi\u00f3n por la tecnolog\u00eda, la innovaci\u00f3n y el impacto humano. Actualmente se desempe\u00f1a como Chief Technology Officer en Shifta, donde lidera la estrategia tecnol\u00f3gica para productos digitales con prop\u00f3sito. Tambi\u00e9n es miembro del Board de Chicas en [&hellip;]<\/p>\n","protected":false},"author":2,"featured_media":0,"parent":0,"menu_order":0,"comment_status":"closed","ping_status":"closed","template":"elementor_header_footer","meta":{"footnotes":""},"class_list":["post-21172","page","type-page","status-publish","hentry"],"rttpg_featured_image_url":null,"rttpg_author":{"display_name":"lucho","author_link":"https:\/\/chicasentecnologia.org\/es_ar\/author\/lucho\/"},"rttpg_comment":0,"rttpg_category":null,"rttpg_excerpt":"Vanesa Cillo Comisi\u00f3n Directiva\u00a0 Especialista en tecnolog\u00eda, inteligencia artificial y cyberseguridad. Cuenta con una trayectoria marcada por su pasi\u00f3n por la tecnolog\u00eda, la innovaci\u00f3n y el impacto humano. Actualmente se desempe\u00f1a como Chief Technology Officer en Shifta, donde lidera la estrategia tecnol\u00f3gica para productos digitales con prop\u00f3sito. Tambi\u00e9n es miembro del Board de Chicas en&hellip;","_links":{"self":[{"href":"https:\/\/chicasentecnologia.org\/es_ar\/wp-json\/wp\/v2\/pages\/21172","targetHints":{"allow":["GET"]}}],"collection":[{"href":"https:\/\/chicasentecnologia.org\/es_ar\/wp-json\/wp\/v2\/pages"}],"about":[{"href":"https:\/\/chicasentecnologia.org\/es_ar\/wp-json\/wp\/v2\/types\/page"}],"author":[{"embeddable":true,"href":"https:\/\/chicasentecnologia.org\/es_ar\/wp-json\/wp\/v2\/users\/2"}],"replies":[{"embeddable":true,"href":"https:\/\/chicasentecnologia.org\/es_ar\/wp-json\/wp\/v2\/comments?post=21172"}],"version-history":[{"count":19,"href":"https:\/\/chicasentecnologia.org\/es_ar\/wp-json\/wp\/v2\/pages\/21172\/revisions"}],"predecessor-version":[{"id":23670,"href":"https:\/\/chicasentecnologia.org\/es_ar\/wp-json\/wp\/v2\/pages\/21172\/revisions\/23670"}],"wp:attachment":[{"href":"https:\/\/chicasentecnologia.org\/es_ar\/wp-json\/wp\/v2\/media?parent=21172"}],"curies":[{"name":"wp","href":"https:\/\/api.w.org\/{rel}","templated":true}]}}