{"id":21098,"date":"2025-08-31T19:01:38","date_gmt":"2025-08-31T22:01:38","guid":{"rendered":"https:\/\/chicasentecnologia.org\/?page_id=21098"},"modified":"2025-08-31T19:02:33","modified_gmt":"2025-08-31T22:02:33","slug":"celeste_alves","status":"publish","type":"page","link":"https:\/\/chicasentecnologia.org\/es_ar\/celeste_alves\/","title":{"rendered":"Celeste Alvez Garc\u00eda &#8211; L\u00edder de Administraci\u00f3n y Finanzas"},"content":{"rendered":"\t\t<div data-elementor-type=\"wp-page\" data-elementor-id=\"21098\" class=\"elementor elementor-21098\" data-elementor-post-type=\"page\">\n\t\t\t\t<div class=\"elementor-element elementor-element-248d2df e-flex e-con-boxed e-con e-parent\" data-id=\"248d2df\" data-element_type=\"container\" data-settings=\"{&quot;background_background&quot;:&quot;classic&quot;}\">\n\t\t\t\t\t<div class=\"e-con-inner\">\n\t\t<div class=\"elementor-element elementor-element-ee4b42f e-con-full e-flex elementor-invisible e-con e-child\" data-id=\"ee4b42f\" data-element_type=\"container\" data-settings=\"{&quot;animation&quot;:&quot;fadeInUp&quot;}\">\n\t\t\t\t<div class=\"elementor-element elementor-element-2e0f493 elementor-widget elementor-widget-image\" data-id=\"2e0f493\" data-element_type=\"widget\" data-widget_type=\"image.default\">\n\t\t\t\t\t\t\t\t\t\t\t\t\t\t\t<img fetchpriority=\"high\" decoding=\"async\" width=\"2560\" height=\"2560\" src=\"https:\/\/chicasentecnologia.org\/wp-content\/uploads\/2025\/08\/Celeste-scaled-1.jpg\" class=\"attachment-full size-full wp-image-21078\" alt=\"\" srcset=\"https:\/\/chicasentecnologia.org\/wp-content\/uploads\/2025\/08\/Celeste-scaled-1.jpg 2560w, https:\/\/chicasentecnologia.org\/wp-content\/uploads\/2025\/08\/Celeste-scaled-1-300x300.jpg 300w, https:\/\/chicasentecnologia.org\/wp-content\/uploads\/2025\/08\/Celeste-scaled-1-1024x1024.jpg 1024w, https:\/\/chicasentecnologia.org\/wp-content\/uploads\/2025\/08\/Celeste-scaled-1-150x150.jpg 150w, https:\/\/chicasentecnologia.org\/wp-content\/uploads\/2025\/08\/Celeste-scaled-1-768x768.jpg 768w, https:\/\/chicasentecnologia.org\/wp-content\/uploads\/2025\/08\/Celeste-scaled-1-1536x1536.jpg 1536w, https:\/\/chicasentecnologia.org\/wp-content\/uploads\/2025\/08\/Celeste-scaled-1-2048x2048.jpg 2048w\" sizes=\"(max-width: 2560px) 100vw, 2560px\" \/>\t\t\t\t\t\t\t\t\t\t\t\t\t\t\t<\/div>\n\t\t\t\t<\/div>\n\t\t<div class=\"elementor-element elementor-element-c897dc0 e-con-full e-flex elementor-invisible e-con e-child\" data-id=\"c897dc0\" data-element_type=\"container\" data-settings=\"{&quot;background_background&quot;:&quot;classic&quot;,&quot;animation&quot;:&quot;fadeInUp&quot;}\">\n\t\t\t\t<div class=\"elementor-element elementor-element-dff4eaf elementor-widget elementor-widget-heading\" data-id=\"dff4eaf\" data-element_type=\"widget\" data-widget_type=\"heading.default\">\n\t\t\t\t\t<h2 class=\"elementor-heading-title elementor-size-default\">Celeste Alves Garc\u00eda<\/h2>\t\t\t\t<\/div>\n\t\t\t\t<div class=\"elementor-element elementor-element-44b35af elementor-widget elementor-widget-text-editor\" data-id=\"44b35af\" data-element_type=\"widget\" data-widget_type=\"text-editor.default\">\n\t\t\t\t\t\t\t\t\t<div class=\"three columns\"><div class=\"gdlr-item gdlr-speaker-item\"><div class=\"gdlr-ux gdlr-speaker-item-ux\"><div class=\"gdlr-speaker-item-content\"><div class=\"gdlr-speaker-item-position gdlr-info-font gdlr-skin-info\">L\u00edder de Administraci\u00f3n y Finanzas<\/div><div>\u00a0<\/div><\/div><\/div><\/div><\/div>\t\t\t\t\t\t\t\t<\/div>\n\t\t\t\t<div class=\"elementor-element elementor-element-532c9cb elementor-widget elementor-widget-text-editor\" data-id=\"532c9cb\" data-element_type=\"widget\" data-widget_type=\"text-editor.default\">\n\t\t\t\t\t\t\t\t\t<p>Licenciada en Administraci\u00f3n (UNLZ), MBA con especializaci\u00f3n en Direcci\u00f3n Financiera (Formato Educativo Escuela de Negocios) y en Gesti\u00f3n de las personas (UEMC). Cuenta con amplia experiencia en el liderazgo de equipos multidisciplinarios y en procesos de transformaci\u00f3n cultural.<br \/>Durante 6 a\u00f1os lider\u00f3 \u00e1reas de Administraci\u00f3n, Planeamiento y Control de gesti\u00f3n en Telecom. Y desde el a\u00f1o 2020 lidera el \u00e1rea de Administraci\u00f3n y Finanzas en empresas de triple impacto y tecnolog\u00eda en LATAM.<\/p>\t\t\t\t\t\t\t\t<\/div>\n\t\t\t\t<div class=\"elementor-element elementor-element-1a15c40 e-grid-align-left elementor-shape-rounded elementor-grid-0 elementor-widget elementor-widget-social-icons\" data-id=\"1a15c40\" data-element_type=\"widget\" data-widget_type=\"social-icons.default\">\n\t\t\t\t\t\t\t<div class=\"elementor-social-icons-wrapper elementor-grid\">\n\t\t\t\t\t\t\t<span class=\"elementor-grid-item\">\n\t\t\t\t\t<a class=\"elementor-icon elementor-social-icon elementor-social-icon-linkedin elementor-repeater-item-386709f\" target=\"_blank\">\n\t\t\t\t\t\t<span class=\"elementor-screen-only\">Linkedin<\/span>\n\t\t\t\t\t\t<svg aria-hidden=\"true\" class=\"e-font-icon-svg e-fab-linkedin\" viewBox=\"0 0 448 512\" xmlns=\"http:\/\/www.w3.org\/2000\/svg\"><path d=\"M416 32H31.9C14.3 32 0 46.5 0 64.3v383.4C0 465.5 14.3 480 31.9 480H416c17.6 0 32-14.5 32-32.3V64.3c0-17.8-14.4-32.3-32-32.3zM135.4 416H69V202.2h66.5V416zm-33.2-243c-21.3 0-38.5-17.3-38.5-38.5S80.9 96 102.2 96c21.2 0 38.5 17.3 38.5 38.5 0 21.3-17.2 38.5-38.5 38.5zm282.1 243h-66.4V312c0-24.8-.5-56.7-34.5-56.7-34.6 0-39.9 27-39.9 54.9V416h-66.4V202.2h63.7v29.2h.9c8.9-16.8 30.6-34.5 62.9-34.5 67.2 0 79.7 44.3 79.7 101.9V416z\"><\/path><\/svg>\t\t\t\t\t<\/a>\n\t\t\t\t<\/span>\n\t\t\t\t\t<\/div>\n\t\t\t\t\t\t<\/div>\n\t\t\t\t<\/div>\n\t\t\t\t\t<\/div>\n\t\t\t\t<\/div>\n\t\t<div class=\"elementor-element elementor-element-46132411 e-flex e-con-boxed e-con e-parent\" data-id=\"46132411\" data-element_type=\"container\" data-settings=\"{&quot;background_background&quot;:&quot;classic&quot;}\">\n\t\t\t\t\t<div class=\"e-con-inner\">\n\t\t\t\t<div class=\"elementor-element elementor-element-7dc94539 elementor-widget elementor-widget-heading\" data-id=\"7dc94539\" data-element_type=\"widget\" data-widget_type=\"heading.default\">\n\t\t\t\t\t<h2 class=\"elementor-heading-title elementor-size-default\">\u00bfQuer\u00e9s enterarte de todo?<\/h2>\t\t\t\t<\/div>\n\t\t\t\t<div class=\"elementor-element elementor-element-3664e163 elementor-widget elementor-widget-text-editor\" data-id=\"3664e163\" data-element_type=\"widget\" data-widget_type=\"text-editor.default\">\n\t\t\t\t\t\t\t\t\t<p>Dejanos tu <span style=\"color: #ffc800;\"><strong>mail<\/strong><\/span><\/p>\t\t\t\t\t\t\t\t<\/div>\n\t\t\t\t\t<\/div>\n\t\t\t\t<\/div>\n\t\t\t\t<\/div>\n\t\t","protected":false},"excerpt":{"rendered":"<p>Celeste Alves Garc\u00eda L\u00edder de Administraci\u00f3n y Finanzas\u00a0 Licenciada en Administraci\u00f3n (UNLZ), MBA con especializaci\u00f3n en Direcci\u00f3n Financiera (Formato Educativo Escuela de Negocios) y en Gesti\u00f3n de las personas (UEMC). Cuenta con amplia experiencia en el liderazgo de equipos multidisciplinarios y en procesos de transformaci\u00f3n cultural.Durante 6 a\u00f1os lider\u00f3 \u00e1reas de Administraci\u00f3n, Planeamiento y Control [&hellip;]<\/p>\n","protected":false},"author":2,"featured_media":0,"parent":0,"menu_order":0,"comment_status":"closed","ping_status":"closed","template":"elementor_header_footer","meta":{"footnotes":""},"class_list":["post-21098","page","type-page","status-publish","hentry"],"rttpg_featured_image_url":null,"rttpg_author":{"display_name":"lucho","author_link":"https:\/\/chicasentecnologia.org\/es_ar\/author\/lucho\/"},"rttpg_comment":0,"rttpg_category":null,"rttpg_excerpt":"Celeste Alves Garc\u00eda L\u00edder de Administraci\u00f3n y Finanzas\u00a0 Licenciada en Administraci\u00f3n (UNLZ), MBA con especializaci\u00f3n en Direcci\u00f3n Financiera (Formato Educativo Escuela de Negocios) y en Gesti\u00f3n de las personas (UEMC). Cuenta con amplia experiencia en el liderazgo de equipos multidisciplinarios y en procesos de transformaci\u00f3n cultural.Durante 6 a\u00f1os lider\u00f3 \u00e1reas de Administraci\u00f3n, Planeamiento y Control&hellip;","_links":{"self":[{"href":"https:\/\/chicasentecnologia.org\/es_ar\/wp-json\/wp\/v2\/pages\/21098","targetHints":{"allow":["GET"]}}],"collection":[{"href":"https:\/\/chicasentecnologia.org\/es_ar\/wp-json\/wp\/v2\/pages"}],"about":[{"href":"https:\/\/chicasentecnologia.org\/es_ar\/wp-json\/wp\/v2\/types\/page"}],"author":[{"embeddable":true,"href":"https:\/\/chicasentecnologia.org\/es_ar\/wp-json\/wp\/v2\/users\/2"}],"replies":[{"embeddable":true,"href":"https:\/\/chicasentecnologia.org\/es_ar\/wp-json\/wp\/v2\/comments?post=21098"}],"version-history":[{"count":4,"href":"https:\/\/chicasentecnologia.org\/es_ar\/wp-json\/wp\/v2\/pages\/21098\/revisions"}],"predecessor-version":[{"id":21102,"href":"https:\/\/chicasentecnologia.org\/es_ar\/wp-json\/wp\/v2\/pages\/21098\/revisions\/21102"}],"wp:attachment":[{"href":"https:\/\/chicasentecnologia.org\/es_ar\/wp-json\/wp\/v2\/media?parent=21098"}],"curies":[{"name":"wp","href":"https:\/\/api.w.org\/{rel}","templated":true}]}}