{"id":1066,"date":"2025-08-12T19:25:15","date_gmt":"2025-08-12T22:25:15","guid":{"rendered":"https:\/\/chicasentecnologia.org\/?page_id=1066"},"modified":"2026-02-20T10:28:03","modified_gmt":"2026-02-20T13:28:03","slug":"reportes","status":"publish","type":"page","link":"https:\/\/chicasentecnologia.org\/es_ar\/reportes\/","title":{"rendered":"Reportes"},"content":{"rendered":"\t\t<div data-elementor-type=\"wp-page\" data-elementor-id=\"1066\" class=\"elementor elementor-1066\" data-elementor-post-type=\"page\">\n\t\t\t\t<div class=\"elementor-element elementor-element-dd6a621 elementor-hidden-desktop e-flex e-con-boxed e-con e-parent\" data-id=\"dd6a621\" data-element_type=\"container\">\n\t\t\t\t\t<div class=\"e-con-inner\">\n\t\t\t\t<div class=\"elementor-element elementor-element-d6cfc18 elementor-widget elementor-widget-image\" data-id=\"d6cfc18\" data-element_type=\"widget\" data-widget_type=\"image.default\">\n\t\t\t\t\t\t\t\t\t\t\t\t\t\t\t<img fetchpriority=\"high\" decoding=\"async\" width=\"800\" height=\"720\" src=\"https:\/\/chicasentecnologia.org\/wp-content\/uploads\/2025\/10\/Group-2416-1-1024x922.png\" class=\"attachment-large size-large wp-image-22320\" alt=\"\" srcset=\"https:\/\/chicasentecnologia.org\/wp-content\/uploads\/2025\/10\/Group-2416-1-1024x922.png 1024w, https:\/\/chicasentecnologia.org\/wp-content\/uploads\/2025\/10\/Group-2416-1-300x270.png 300w, https:\/\/chicasentecnologia.org\/wp-content\/uploads\/2025\/10\/Group-2416-1-768x692.png 768w, https:\/\/chicasentecnologia.org\/wp-content\/uploads\/2025\/10\/Group-2416-1-1536x1384.png 1536w, https:\/\/chicasentecnologia.org\/wp-content\/uploads\/2025\/10\/Group-2416-1-13x12.png 13w, https:\/\/chicasentecnologia.org\/wp-content\/uploads\/2025\/10\/Group-2416-1.png 1946w\" sizes=\"(max-width: 800px) 100vw, 800px\" \/>\t\t\t\t\t\t\t\t\t\t\t\t\t\t\t<\/div>\n\t\t\t\t\t<\/div>\n\t\t\t\t<\/div>\n\t\t<div class=\"elementor-element elementor-element-7355042 e-con-full elementor-hidden-desktop e-flex e-con e-parent\" data-id=\"7355042\" data-element_type=\"container\">\n\t\t\t\t<div class=\"elementor-element elementor-element-21f188f elementor--h-position-center elementor--v-position-middle elementor-arrows-position-inside elementor-pagination-position-inside elementor-widget elementor-widget-slides\" data-id=\"21f188f\" data-element_type=\"widget\" data-settings=\"{&quot;navigation&quot;:&quot;both&quot;,&quot;autoplay&quot;:&quot;yes&quot;,&quot;pause_on_hover&quot;:&quot;yes&quot;,&quot;pause_on_interaction&quot;:&quot;yes&quot;,&quot;autoplay_speed&quot;:5000,&quot;infinite&quot;:&quot;yes&quot;,&quot;transition&quot;:&quot;slide&quot;,&quot;transition_speed&quot;:500}\" data-widget_type=\"slides.default\">\n\t\t\t\t\t\t\t\t\t\t<div class=\"elementor-slides-wrapper elementor-main-swiper swiper\" role=\"region\" aria-roledescription=\"carousel\" aria-label=\"Slides\" dir=\"ltr\" data-animation=\"fadeInUp\">\n\t\t\t\t<div class=\"swiper-wrapper elementor-slides\">\n\t\t\t\t\t\t\t\t\t\t<div class=\"elementor-repeater-item-a771c75 swiper-slide\" role=\"group\" aria-roledescription=\"slide\"><div class=\"swiper-slide-bg\" role=\"img\"><\/div><div class=\"swiper-slide-inner\" ><div class=\"swiper-slide-contents\"><div class=\"elementor-slide-heading\"><span style=\"color:#ffc800\"><strong>REPORTES<\/strong><\/span><strong> ANUALES<\/strong><\/div><div class=\"elementor-slide-description\">Datos, historias y una comunidad que<br> <strong>transforma el futuro.<\/strong>\u00a0<br>Descubr\u00ed c\u00f3mo, a\u00f1o tras a\u00f1o, trabajamos por <br>un <strong>ecosistema tecnol\u00f3gico m\u00e1s equitativo.<\/strong><\/div><a href=\"#reportes\" class=\"elementor-button elementor-slide-button elementor-size-sm\">EXPLOR\u00c1 NUESTROS REPORTES<\/a><\/div><\/div><\/div>\t\t\t\t<\/div>\n\t\t\t\t\t\t\t<\/div>\n\t\t\t\t\t\t\t\t<\/div>\n\t\t\t\t<\/div>\n\t\t<div class=\"elementor-element elementor-element-d98077c e-con-full elementor-hidden-tablet elementor-hidden-mobile e-flex e-con e-parent\" data-id=\"d98077c\" data-element_type=\"container\">\n\t\t\t\t<div class=\"elementor-element elementor-element-97cef9d elementor--h-position-center elementor--v-position-middle elementor-arrows-position-inside elementor-pagination-position-inside elementor-widget elementor-widget-slides\" data-id=\"97cef9d\" data-element_type=\"widget\" data-settings=\"{&quot;navigation&quot;:&quot;both&quot;,&quot;autoplay&quot;:&quot;yes&quot;,&quot;pause_on_hover&quot;:&quot;yes&quot;,&quot;pause_on_interaction&quot;:&quot;yes&quot;,&quot;autoplay_speed&quot;:5000,&quot;infinite&quot;:&quot;yes&quot;,&quot;transition&quot;:&quot;slide&quot;,&quot;transition_speed&quot;:500}\" data-widget_type=\"slides.default\">\n\t\t\t\t\t\t\t\t\t\t<div class=\"elementor-slides-wrapper elementor-main-swiper swiper\" role=\"region\" aria-roledescription=\"carousel\" aria-label=\"Slides\" dir=\"ltr\" data-animation=\"fadeInUp\">\n\t\t\t\t<div class=\"swiper-wrapper elementor-slides\">\n\t\t\t\t\t\t\t\t\t\t<div class=\"elementor-repeater-item-a771c75 swiper-slide\" role=\"group\" aria-roledescription=\"slide\"><div class=\"swiper-slide-bg\" role=\"img\"><\/div><div class=\"swiper-slide-inner\" ><div class=\"swiper-slide-contents\"><div class=\"elementor-slide-heading\"><span style=\"color:#ffc800\"><strong>REPORTES<\/strong><\/span><strong> ANUALES<\/strong><\/div><div class=\"elementor-slide-description\">Datos, historias y una comunidad que<br> <strong>transforma el futuro.<\/strong>\u00a0<br>Descubr\u00ed c\u00f3mo, a\u00f1o tras a\u00f1o, trabajamos por <br>un <strong>ecosistema tecnol\u00f3gico m\u00e1s equitativo.<\/strong><\/div><a href=\"#reportes\" class=\"elementor-button elementor-slide-button elementor-size-sm\">EXPLOR\u00c1 NUESTROS REPORTES<\/a><\/div><\/div><\/div>\t\t\t\t<\/div>\n\t\t\t\t\t\t\t<\/div>\n\t\t\t\t\t\t\t\t<\/div>\n\t\t\t\t<\/div>\n\t\t<div class=\"elementor-element elementor-element-23fc016 e-flex e-con-boxed e-con e-parent\" data-id=\"23fc016\" data-element_type=\"container\" data-settings=\"{&quot;background_background&quot;:&quot;classic&quot;}\">\n\t\t\t\t\t<div class=\"e-con-inner\">\n\t\t<div class=\"elementor-element elementor-element-0e38610 e-con-full e-flex elementor-invisible e-con e-child\" data-id=\"0e38610\" data-element_type=\"container\" data-settings=\"{&quot;animation&quot;:&quot;fadeInLeft&quot;}\">\n\t\t\t\t<div class=\"elementor-element elementor-element-5119bef elementor-widget__width-inherit elementor-widget elementor-widget-image\" data-id=\"5119bef\" data-element_type=\"widget\" data-widget_type=\"image.default\">\n\t\t\t\t\t\t\t\t\t\t\t\t\t\t\t<img decoding=\"async\" width=\"874\" height=\"585\" src=\"https:\/\/chicasentecnologia.org\/wp-content\/uploads\/2025\/08\/A3A4995BAJA-1.png\" class=\"attachment-full size-full wp-image-1068\" alt=\"\" srcset=\"https:\/\/chicasentecnologia.org\/wp-content\/uploads\/2025\/08\/A3A4995BAJA-1.png 874w, https:\/\/chicasentecnologia.org\/wp-content\/uploads\/2025\/08\/A3A4995BAJA-1-300x201.png 300w, https:\/\/chicasentecnologia.org\/wp-content\/uploads\/2025\/08\/A3A4995BAJA-1-768x514.png 768w\" sizes=\"(max-width: 874px) 100vw, 874px\" \/>\t\t\t\t\t\t\t\t\t\t\t\t\t\t\t<\/div>\n\t\t\t\t<\/div>\n\t\t<div class=\"elementor-element elementor-element-7966c44 e-con-full e-flex elementor-invisible e-con e-child\" data-id=\"7966c44\" data-element_type=\"container\" data-settings=\"{&quot;animation&quot;:&quot;fadeInRight&quot;}\">\n\t\t\t\t<div class=\"elementor-element elementor-element-b8e8bab elementor-widget elementor-widget-text-editor\" data-id=\"b8e8bab\" data-element_type=\"widget\" data-widget_type=\"text-editor.default\">\n\t\t\t\t\t\t\t\t\t<p>En Chicas en Tecnolog\u00eda compartimos lo que hacemos, c\u00f3mo lo hacemos y con qui\u00e9nes.<br \/>Nuestros reportes anuales muestran el crecimiento de nuestra comunidad, el alcance de nuestras iniciativas y el impacto real que logramos trabajando en red.\u00a0<\/p>\t\t\t\t\t\t\t\t<\/div>\n\t\t\t\t<\/div>\n\t\t\t\t\t<\/div>\n\t\t\t\t<\/div>\n\t\t<div class=\"elementor-element elementor-element-248d2df e-flex e-con-boxed elementor-invisible e-con e-parent\" data-id=\"248d2df\" data-element_type=\"container\" data-settings=\"{&quot;background_background&quot;:&quot;classic&quot;,&quot;animation&quot;:&quot;fadeInUp&quot;}\">\n\t\t\t\t\t<div class=\"e-con-inner\">\n\t\t<div class=\"elementor-element elementor-element-ee4b42f e-con-full elementor-hidden-desktop e-flex e-con e-child\" data-id=\"ee4b42f\" data-element_type=\"container\">\n\t\t\t\t<div class=\"elementor-element elementor-element-2e0f493 elementor-widget elementor-widget-image\" data-id=\"2e0f493\" data-element_type=\"widget\" data-widget_type=\"image.default\">\n\t\t\t\t\t\t\t\t\t\t\t\t\t\t\t<img decoding=\"async\" width=\"704\" height=\"704\" src=\"https:\/\/chicasentecnologia.org\/wp-content\/uploads\/2025\/08\/foto1ok-1-1.png\" class=\"attachment-full size-full wp-image-1075\" alt=\"\" srcset=\"https:\/\/chicasentecnologia.org\/wp-content\/uploads\/2025\/08\/foto1ok-1-1.png 704w, https:\/\/chicasentecnologia.org\/wp-content\/uploads\/2025\/08\/foto1ok-1-1-300x300.png 300w, https:\/\/chicasentecnologia.org\/wp-content\/uploads\/2025\/08\/foto1ok-1-1-150x150.png 150w\" sizes=\"(max-width: 704px) 100vw, 704px\" \/>\t\t\t\t\t\t\t\t\t\t\t\t\t\t\t<\/div>\n\t\t\t\t<\/div>\n\t\t<div class=\"elementor-element elementor-element-c897dc0 e-con-full e-flex e-con e-child\" data-id=\"c897dc0\" data-element_type=\"container\" data-settings=\"{&quot;background_background&quot;:&quot;classic&quot;}\">\n\t\t\t\t<div class=\"elementor-element elementor-element-17d882a elementor-widget elementor-widget-heading\" data-id=\"17d882a\" data-element_type=\"widget\" data-widget_type=\"heading.default\">\n\t\t\t\t\t<h2 class=\"elementor-heading-title elementor-size-default\">Reporte 2025<\/h2>\t\t\t\t<\/div>\n\t\t\t\t<div class=\"elementor-element elementor-element-44b35af elementor-widget elementor-widget-text-editor\" data-id=\"44b35af\" data-element_type=\"widget\" data-widget_type=\"text-editor.default\">\n\t\t\t\t\t\t\t\t\t<p><em><strong>+2403 j\u00f3venes de 20 pa\u00edses de Am\u00e9rica Latina iniciaron y ampliaron sus recorridos en tecnolog\u00eda.<\/strong><\/em><\/p>\t\t\t\t\t\t\t\t<\/div>\n\t\t\t\t<div class=\"elementor-element elementor-element-47edb03 elementor-widget elementor-widget-text-editor\" data-id=\"47edb03\" data-element_type=\"widget\" data-widget_type=\"text-editor.default\">\n\t\t\t\t\t\t\t\t\t<p>Nuestra comunidad crece con fuerza: lidera proyectos, impulsa iniciativas y dise\u00f1a soluciones con impacto social. En 2025, las acompa\u00f1amos con propuestas innovadoras, formatos disruptivos y espacios donde cada joven pudo hacer o\u00edr su voz.<\/p>\t\t\t\t\t\t\t\t<\/div>\n\t\t\t\t<div class=\"elementor-element elementor-element-9818963 elementor-widget elementor-widget-eael-creative-button\" data-id=\"9818963\" data-element_type=\"widget\" data-widget_type=\"eael-creative-button.default\">\n\t\t\t\t\t        <div class=\"eael-creative-button-wrapper\">\n\n            <a class=\"eael-creative-button eael-creative-button--wayra\" href=\"https:\/\/chicasentecnologia.org\/reporte2025\/\" target=\"_blank\" data-text=\"Go!\">\n            \t    \n                <div class=\"creative-button-inner\">\n\n                    \n                    <span class=\"cretive-button-text\">CONOCER M\u00c1S<\/span>\n\n                                    <\/div>\n\t                        <\/a>\n        <\/div>\n        \t\t\t\t<\/div>\n\t\t\t\t<\/div>\n\t\t<div class=\"elementor-element elementor-element-d411802 e-con-full elementor-hidden-tablet elementor-hidden-mobile e-flex e-con e-child\" data-id=\"d411802\" data-element_type=\"container\">\n\t\t\t\t<div class=\"elementor-element elementor-element-1b2aa36 elementor-widget elementor-widget-image\" data-id=\"1b2aa36\" data-element_type=\"widget\" data-widget_type=\"image.default\">\n\t\t\t\t\t\t\t\t\t\t\t\t\t\t\t<img decoding=\"async\" width=\"704\" height=\"704\" src=\"https:\/\/chicasentecnologia.org\/wp-content\/uploads\/2025\/08\/foto1ok-1-1.png\" class=\"attachment-full size-full wp-image-1075\" alt=\"\" srcset=\"https:\/\/chicasentecnologia.org\/wp-content\/uploads\/2025\/08\/foto1ok-1-1.png 704w, https:\/\/chicasentecnologia.org\/wp-content\/uploads\/2025\/08\/foto1ok-1-1-300x300.png 300w, https:\/\/chicasentecnologia.org\/wp-content\/uploads\/2025\/08\/foto1ok-1-1-150x150.png 150w\" sizes=\"(max-width: 704px) 100vw, 704px\" \/>\t\t\t\t\t\t\t\t\t\t\t\t\t\t\t<\/div>\n\t\t\t\t<\/div>\n\t\t\t\t\t<\/div>\n\t\t\t\t<\/div>\n\t\t<div class=\"elementor-element elementor-element-56814ea e-flex e-con-boxed e-con e-parent\" data-id=\"56814ea\" data-element_type=\"container\" data-settings=\"{&quot;background_background&quot;:&quot;classic&quot;}\">\n\t\t\t\t\t<div class=\"e-con-inner\">\n\t\t\t\t<div class=\"elementor-element elementor-element-ff31d7b elementor-widget elementor-widget-heading\" data-id=\"ff31d7b\" data-element_type=\"widget\" data-widget_type=\"heading.default\">\n\t\t\t\t\t<h2 class=\"elementor-heading-title elementor-size-default\">Historial de reportes<\/h2>\t\t\t\t<\/div>\n\t\t\t\t\t<\/div>\n\t\t\t\t<\/div>\n\t\t\t\t<section class=\"elementor-section elementor-top-section elementor-element elementor-element-f6e32b3b0db828 elementor-section-boxed elementor-section-height-default elementor-section-height-default elementor-invisible\" data-id=\"f6e32b3b0db828\" data-element_type=\"section\" id=\"reportes\" data-settings=\"{&quot;animation&quot;:&quot;fadeInUp&quot;}\">\n\t\t\t\t\t\t<div class=\"elementor-container elementor-column-gap-default\">\n\t\t\t\t\t<div class=\"elementor-column elementor-col-100 elementor-top-column elementor-element elementor-element-a59d702\" data-id=\"a59d702\" data-element_type=\"column\">\n\t\t\t<div class=\"elementor-widget-wrap elementor-element-populated\">\n\t\t\t\t\t\t<div class=\"elementor-element elementor-element-4228c41 title-two-line tpg-wrapper-align-center title_position_default title_hover_border_default img_hover_animation_default tpg-title-border-default grid-hover-overlay-type-always tpg-border-bottom-disable elementor-widget elementor-widget-tpg-grid-hover-layout\" data-id=\"4228c41\" data-element_type=\"widget\" data-widget_type=\"tpg-grid-hover-layout.default\">\n\t\t\t\t<div class=\"elementor-widget-container\">\n\t\t\t\t\t\n        <div class=\"rt-container-fluid rt-tpg-container tpg-el-main-wrapper grid_hover-layout3-main \"\n             id=\"rt-tpg-container-537595347\"\n             data-layout=\"grid_hover-layout3\"\n             data-sc-id=\"elementor\"\n             data-el-settings=''\n             data-el-query=''\n             data-el-path=''\n        >\n\t\t\t            <div class='tpg-header-wrapper '>\n\t\t\t\t            <\/div>\n\n            <div data-title=\"Loading ...\"\n                 class=\"rt-row rt-content-loader grid_hover-layout3 tpg-even grid-behaviour grid_hover_layout_wrapper\">\n\t\t\t\t\n<div class=\"rt-col-md-6 rt-col-sm-6 rt-col-xs-12 default rt-grid-hover-item rt-grid-item\" data-id=\"21789\">\n\t<div class=\"rt-holder tpg-post-holder \">\n\t\t<div class=\"rt-detail rt-el-content-wrapper\">\n\t\t\t\t\t\t\t<div class=\"rt-img-holder tpg-el-image-wrap has-thumbnail\">\n\t\t\t\t\t<a data-id=\"21789\" href=\"https:\/\/chicasentecnologia.org\/es_ar\/reporte-2024\/\" class=\"tpg-post-link\" target=\"_blank\">                        <img loading=\"lazy\" decoding=\"async\" src=\"https:\/\/chicasentecnologia.org\/wp-content\/uploads\/2026\/02\/chicas-en-tecnologia-2024-768x512.png\"\n                             class=\"rt-img-responsive\"\n                             width=\"768\"\n                             height=\"512\"\n                             alt=\"Reporte 2024\">\n\t\t\t\t\t\t\n\t\t\t\t\t\t\t\n\t\t<\/a>\n\t\t        <div class=\"overlay grid-hover-content\"><\/div>\n\t\t\t\t\t\t<\/div>\n\t\t\t\n\t\t\t<div class=\"grid-hover-content\">\n\n\t\t\t\t<div class=\"entry-title-wrapper\"><h2 class=\"entry-title\"><a data-id=\"21789\" href=\"https:\/\/chicasentecnologia.org\/es_ar\/reporte-2024\/\" class=\"tpg-post-link\" target=\"_blank\">Reporte 2024<\/a><\/h2><\/div>\n\n\t\t\t\t\n\t\t\t\t\n\t\t\t\t\t\t\t<\/div>\n\t\t<\/div>\n\t<\/div>\n<\/div>\n\n<div class=\"rt-col-md-6 rt-col-sm-6 rt-col-xs-12 default rt-grid-hover-item rt-grid-item\" data-id=\"1117\">\n\t<div class=\"rt-holder tpg-post-holder \">\n\t\t<div class=\"rt-detail rt-el-content-wrapper\">\n\t\t\t\t\t\t\t<div class=\"rt-img-holder tpg-el-image-wrap has-thumbnail\">\n\t\t\t\t\t<a data-id=\"1117\" href=\"https:\/\/chicasentecnologia.org\/es_ar\/reporte-23\/\" class=\"tpg-post-link\" target=\"_blank\">                        <img loading=\"lazy\" decoding=\"async\" src=\"https:\/\/chicasentecnologia.org\/wp-content\/uploads\/2025\/08\/eco-768x512.jpg\"\n                             class=\"rt-img-responsive\"\n                             width=\"768\"\n                             height=\"512\"\n                             alt=\"Reporte 2023\">\n\t\t\t\t\t\t\n\t\t\t\t\t\t\t\n\t\t<\/a>\n\t\t        <div class=\"overlay grid-hover-content\"><\/div>\n\t\t\t\t\t\t<\/div>\n\t\t\t\n\t\t\t<div class=\"grid-hover-content\">\n\n\t\t\t\t<div class=\"entry-title-wrapper\"><h2 class=\"entry-title\"><a data-id=\"1117\" href=\"https:\/\/chicasentecnologia.org\/es_ar\/reporte-23\/\" class=\"tpg-post-link\" target=\"_blank\">Reporte 2023<\/a><\/h2><\/div>\n\n\t\t\t\t\n\t\t\t\t\n\t\t\t\t\t\t\t<\/div>\n\t\t<\/div>\n\t<\/div>\n<\/div>\n            <\/div>\n\n\t\t\t        <\/div>\n\t\t\t\t\t\t<\/div>\n\t\t\t\t<\/div>\n\t\t\t\t\t<\/div>\n\t\t<\/div>\n\t\t\t\t\t<\/div>\n\t\t<\/section>\n\t\t<div class=\"elementor-element elementor-element-1a05cd9 e-flex e-con-boxed e-con e-parent\" data-id=\"1a05cd9\" data-element_type=\"container\" data-settings=\"{&quot;background_background&quot;:&quot;classic&quot;}\">\n\t\t\t\t\t<div class=\"e-con-inner\">\n\t\t\t\t<div class=\"elementor-element elementor-element-3b9742b elementor-widget elementor-widget-heading\" data-id=\"3b9742b\" data-element_type=\"widget\" data-widget_type=\"heading.default\">\n\t\t\t\t\t<h2 class=\"elementor-heading-title elementor-size-default\">\u00bfQuer\u00e9s enterarte de todo?<\/h2>\t\t\t\t<\/div>\n\t\t\t\t<div class=\"elementor-element elementor-element-187f307 elementor-widget elementor-widget-text-editor\" data-id=\"187f307\" data-element_type=\"widget\" data-widget_type=\"text-editor.default\">\n\t\t\t\t\t\t\t\t\t<p>Dejanos tu <a href=\"https:\/\/docs.google.com\/forms\/d\/e\/1FAIpQLSc2mfag3-MNB8rq397WhiY_m2zRUiqRLa9LLnUG_L4wQbHO5g\/viewform\" target=\"_blank\" rel=\"noopener\"><span style=\"color: #ffc800;\"><strong>mail<\/strong><\/span><\/a><\/p>\t\t\t\t\t\t\t\t<\/div>\n\t\t\t\t\t<\/div>\n\t\t\t\t<\/div>\n\t\t\t\t<\/div>\n\t\t","protected":false},"excerpt":{"rendered":"<p>REPORTES ANUALESDatos, historias y una comunidad que transforma el futuro.\u00a0Descubr\u00ed c\u00f3mo, a\u00f1o tras a\u00f1o, trabajamos por un ecosistema tecnol\u00f3gico m\u00e1s equitativo.EXPLOR\u00c1 NUESTROS REPORTES REPORTES ANUALESDatos, historias y una comunidad que transforma el futuro.\u00a0Descubr\u00ed c\u00f3mo, a\u00f1o tras a\u00f1o, trabajamos por un ecosistema tecnol\u00f3gico m\u00e1s equitativo.EXPLOR\u00c1 NUESTROS REPORTES En Chicas en Tecnolog\u00eda compartimos lo que hacemos, c\u00f3mo [&hellip;]<\/p>\n","protected":false},"author":2,"featured_media":0,"parent":0,"menu_order":0,"comment_status":"closed","ping_status":"closed","template":"elementor_header_footer","meta":{"footnotes":""},"class_list":["post-1066","page","type-page","status-publish","hentry"],"rttpg_featured_image_url":null,"rttpg_author":{"display_name":"lucho","author_link":"https:\/\/chicasentecnologia.org\/es_ar\/author\/lucho\/"},"rttpg_comment":0,"rttpg_category":null,"rttpg_excerpt":"REPORTES ANUALESDatos, historias y una comunidad que transforma el futuro.\u00a0Descubr\u00ed c\u00f3mo, a\u00f1o tras a\u00f1o, trabajamos por un ecosistema tecnol\u00f3gico m\u00e1s equitativo.EXPLOR\u00c1 NUESTROS REPORTES REPORTES ANUALESDatos, historias y una comunidad que transforma el futuro.\u00a0Descubr\u00ed c\u00f3mo, a\u00f1o tras a\u00f1o, trabajamos por un ecosistema tecnol\u00f3gico m\u00e1s equitativo.EXPLOR\u00c1 NUESTROS REPORTES En Chicas en Tecnolog\u00eda compartimos lo que hacemos, c\u00f3mo&hellip;","_links":{"self":[{"href":"https:\/\/chicasentecnologia.org\/es_ar\/wp-json\/wp\/v2\/pages\/1066","targetHints":{"allow":["GET"]}}],"collection":[{"href":"https:\/\/chicasentecnologia.org\/es_ar\/wp-json\/wp\/v2\/pages"}],"about":[{"href":"https:\/\/chicasentecnologia.org\/es_ar\/wp-json\/wp\/v2\/types\/page"}],"author":[{"embeddable":true,"href":"https:\/\/chicasentecnologia.org\/es_ar\/wp-json\/wp\/v2\/users\/2"}],"replies":[{"embeddable":true,"href":"https:\/\/chicasentecnologia.org\/es_ar\/wp-json\/wp\/v2\/comments?post=1066"}],"version-history":[{"count":95,"href":"https:\/\/chicasentecnologia.org\/es_ar\/wp-json\/wp\/v2\/pages\/1066\/revisions"}],"predecessor-version":[{"id":23621,"href":"https:\/\/chicasentecnologia.org\/es_ar\/wp-json\/wp\/v2\/pages\/1066\/revisions\/23621"}],"wp:attachment":[{"href":"https:\/\/chicasentecnologia.org\/es_ar\/wp-json\/wp\/v2\/media?parent=1066"}],"curies":[{"name":"wp","href":"https:\/\/api.w.org\/{rel}","templated":true}]}}