{"id":23137,"date":"2025-11-27T10:04:22","date_gmt":"2025-11-27T13:04:22","guid":{"rendered":"https:\/\/chicasentecnologia.org\/?page_id=23137"},"modified":"2025-11-27T10:09:08","modified_gmt":"2025-11-27T13:09:08","slug":"privacy-policy","status":"publish","type":"page","link":"https:\/\/chicasentecnologia.org\/en\/privacy-policy\/","title":{"rendered":"Privacy Policy"},"content":{"rendered":"<div data-elementor-type=\"wp-page\" data-elementor-id=\"23137\" class=\"elementor elementor-23137\" data-elementor-post-type=\"page\">\n\t\t\t\t<div class=\"elementor-element elementor-element-2067bec e-con-full e-flex e-con e-parent\" data-id=\"2067bec\" data-element_type=\"container\" data-settings=\"{&quot;background_background&quot;:&quot;classic&quot;}\">\n\t\t\t\t<div class=\"elementor-element elementor-element-db4ceea elementor-widget elementor-widget-heading\" data-id=\"db4ceea\" data-element_type=\"widget\" data-widget_type=\"heading.default\">\n\t\t\t\t\t<h2 class=\"elementor-heading-title elementor-size-default\">Privacy policy<\/h2>\t\t\t\t<\/div>\n\t\t\t\t<\/div>\n\t\t<div class=\"elementor-element elementor-element-c64eda2 e-flex e-con-boxed e-con e-parent\" data-id=\"c64eda2\" data-element_type=\"container\">\n\t\t\t\t\t<div class=\"e-con-inner\">\n\t\t\t\t<div class=\"elementor-element elementor-element-4729d58 elementor-widget elementor-widget-text-editor\" data-id=\"4729d58\" data-element_type=\"widget\" data-widget_type=\"text-editor.default\">\n\t\t\t\t\t\t\t\t\t<p class=\"translation-block\">Chicas en Tecnolog\u00eda is a non-profit organization legally registered in Argentina as a civil association. The organization and its programs are listed in the National Database Registry and the National Intellectual and Industrial Property Registry, so sharing them without the organization's prior consent is not allowed, and the same goes for the materials provided for the programs. <br><br>The information you provide on the registration form will never be sold or shared with third parties. In order to protect your confidentiality, it may only be accessed by the person to whom the information refers. It is collected for the purpose of getting to know the people and organizations related to Chicas en Tecnolog\u00eda events, to help us define content and approaches, and to communicate with them. Refusal to provide this information will prevent us from communicating adequately. <br><br>In accordance with the provisions of Argentine Law No. 25,326 on the Protection of Personal Data (\u201cPersonal Data Protection Law\u201d), Chicas en Tecnolog\u00eda undertakes to (i) process Personal Data in accordance with applicable legislation, and not to apply or use it for any purpose other than the effective fulfillment of the objective of the \u201cProtagonistas del Futuro\u201d Program; (ii) not disclose such Personal Data, even for storage purposes, to any other person or entity except those of its employees who need access to it for the fulfillment and provision of the Program's purpose; (iii) maintain the secrecy and confidentiality of the Personal Data to which it has access during the duration of this Program, in accordance with the provisions of Article 10 of the Personal Data Protection Law; (iv) return or destroy, at the discretion of the owner, any Personal Data in its possession at the end of this program, in compliance with the provisions of Article 25 of the Personal Data Protection Law. <br><br>The organization Chicas en Tecnolog\u00eda will take the necessary measures to ensure the security and confidentiality of personal data, in accordance with the provisions of Article 9 of the Personal Data Protection Law.\n\nTranslated with DeepL.com (free version)<\/p>\t\t\t\t\t\t\t\t<\/div>\n\t\t\t\t\t<\/div>\n\t\t\t\t<\/div>\n\t\t\t\t<\/div>","protected":false},"excerpt":{"rendered":"<p>Privacy Policy Chicas en Tecnolog\u00eda is a non-profit organization with legal residence in Argentina, whose legal status is that of a Civil Association. The organization and its programs are under the National Registry of Databases and the National Registry of Intellectual and Industrial Property, for which it is registered in the National [...]<\/p>","protected":false},"author":2,"featured_media":0,"parent":0,"menu_order":0,"comment_status":"closed","ping_status":"closed","template":"","meta":{"footnotes":""},"class_list":["post-23137","page","type-page","status-publish","hentry"],"rttpg_featured_image_url":null,"rttpg_author":{"display_name":"lucho","author_link":"https:\/\/chicasentecnologia.org\/en\/author\/lucho\/"},"rttpg_comment":0,"rttpg_category":null,"rttpg_excerpt":"Pol\u00edtica de Privacidad Chicas en Tecnolog\u00eda es una organizaci\u00f3n sin fines de lucro con residencia legal en Argentina, cuya personer\u00eda jur\u00eddica es la de Asociaci\u00f3n Civil. La organizaci\u00f3n y sus programas se encuentran bajo el Registro Nacional de Bases de Datos y el Registro Nacional de la Propiedad Intelectual e Industrial, por lo que queda&hellip;","_links":{"self":[{"href":"https:\/\/chicasentecnologia.org\/en\/wp-json\/wp\/v2\/pages\/23137","targetHints":{"allow":["GET"]}}],"collection":[{"href":"https:\/\/chicasentecnologia.org\/en\/wp-json\/wp\/v2\/pages"}],"about":[{"href":"https:\/\/chicasentecnologia.org\/en\/wp-json\/wp\/v2\/types\/page"}],"author":[{"embeddable":true,"href":"https:\/\/chicasentecnologia.org\/en\/wp-json\/wp\/v2\/users\/2"}],"replies":[{"embeddable":true,"href":"https:\/\/chicasentecnologia.org\/en\/wp-json\/wp\/v2\/comments?post=23137"}],"version-history":[{"count":5,"href":"https:\/\/chicasentecnologia.org\/en\/wp-json\/wp\/v2\/pages\/23137\/revisions"}],"predecessor-version":[{"id":23143,"href":"https:\/\/chicasentecnologia.org\/en\/wp-json\/wp\/v2\/pages\/23137\/revisions\/23143"}],"wp:attachment":[{"href":"https:\/\/chicasentecnologia.org\/en\/wp-json\/wp\/v2\/media?parent=23137"}],"curies":[{"name":"wp","href":"https:\/\/api.w.org\/{rel}","templated":true}]}}