{"id":21192,"date":"2025-08-31T19:42:27","date_gmt":"2025-08-31T22:42:27","guid":{"rendered":"https:\/\/chicasentecnologia.org\/?page_id=21192"},"modified":"2025-10-30T08:26:32","modified_gmt":"2025-10-30T11:26:32","slug":"fernanda_marino","status":"publish","type":"page","link":"https:\/\/chicasentecnologia.org\/en\/fernanda_marino\/","title":{"rendered":"Fernanda P\u00e9rez Marino - Executive Committee"},"content":{"rendered":"<div data-elementor-type=\"wp-page\" data-elementor-id=\"21192\" class=\"elementor elementor-21192\" data-elementor-post-type=\"page\">\n\t\t\t\t<div class=\"elementor-element elementor-element-248d2df e-flex e-con-boxed e-con e-parent\" data-id=\"248d2df\" data-element_type=\"container\" data-settings=\"{&quot;background_background&quot;:&quot;classic&quot;}\">\n\t\t\t\t\t<div class=\"e-con-inner\">\n\t\t<div class=\"elementor-element elementor-element-ee4b42f e-con-full e-flex elementor-invisible e-con e-child\" data-id=\"ee4b42f\" data-element_type=\"container\" data-settings=\"{&quot;animation&quot;:&quot;fadeInUp&quot;}\">\n\t\t\t\t<div class=\"elementor-element elementor-element-2e0f493 elementor-widget elementor-widget-image\" data-id=\"2e0f493\" data-element_type=\"widget\" data-widget_type=\"image.default\">\n\t\t\t\t\t\t\t\t\t\t\t\t\t\t\t<img fetchpriority=\"high\" decoding=\"async\" width=\"1080\" height=\"1080\" src=\"https:\/\/chicasentecnologia.org\/wp-content\/uploads\/2025\/08\/Fernanda-Perez-Marino.png\" class=\"attachment-full size-full wp-image-21044\" alt=\"\" srcset=\"https:\/\/chicasentecnologia.org\/wp-content\/uploads\/2025\/08\/Fernanda-Perez-Marino.png 1080w, https:\/\/chicasentecnologia.org\/wp-content\/uploads\/2025\/08\/Fernanda-Perez-Marino-300x300.png 300w, https:\/\/chicasentecnologia.org\/wp-content\/uploads\/2025\/08\/Fernanda-Perez-Marino-1024x1024.png 1024w, https:\/\/chicasentecnologia.org\/wp-content\/uploads\/2025\/08\/Fernanda-Perez-Marino-150x150.png 150w, https:\/\/chicasentecnologia.org\/wp-content\/uploads\/2025\/08\/Fernanda-Perez-Marino-768x768.png 768w\" sizes=\"(max-width: 1080px) 100vw, 1080px\" \/>\t\t\t\t\t\t\t\t\t\t\t\t\t\t\t<\/div>\n\t\t\t\t<\/div>\n\t\t<div class=\"elementor-element elementor-element-c897dc0 e-con-full e-flex elementor-invisible e-con e-child\" data-id=\"c897dc0\" data-element_type=\"container\" data-settings=\"{&quot;background_background&quot;:&quot;classic&quot;,&quot;animation&quot;:&quot;fadeInUp&quot;}\">\n\t\t\t\t<div class=\"elementor-element elementor-element-dff4eaf elementor-widget elementor-widget-heading\" data-id=\"dff4eaf\" data-element_type=\"widget\" data-widget_type=\"heading.default\">\n\t\t\t\t\t<h2 class=\"elementor-heading-title elementor-size-default\">Fernanda Perez Marino<\/h2>\t\t\t\t<\/div>\n\t\t\t\t<div class=\"elementor-element elementor-element-44b35af elementor-widget elementor-widget-text-editor\" data-id=\"44b35af\" data-element_type=\"widget\" data-widget_type=\"text-editor.default\">\n\t\t\t\t\t\t\t\t\t<div class=\"three columns\"><div class=\"gdlr-item gdlr-speaker-item\"><div class=\"gdlr-ux gdlr-speaker-item-ux\"><div class=\"gdlr-speaker-item-content\"><div class=\"gdlr-speaker-item-position gdlr-info-font gdlr-skin-info\">Board of Directors<\/div><div>\u00a0<\/div><\/div><\/div><\/div><\/div>\t\t\t\t\t\t\t\t<\/div>\n\t\t\t\t<div class=\"elementor-element elementor-element-0128c7c elementor-widget elementor-widget-text-editor\" data-id=\"0128c7c\" data-element_type=\"widget\" data-widget_type=\"text-editor.default\">\n\t\t\t\t\t\t\t\t\t<p>With more than 20 years of experience in the corporate world, she began her career as an international events coordinator and specialized in marketing within the technology sector.<br \/>Fernanda has experience leading the Marketing Direction for Microsoft in Argentina and Uruguay, as well as the strategic development of the developer community in the Southern Cone.<br \/>Later, she became involved in advising technology and fintech startups. Her interest in sustainability led her to train as a consultant in B-companies and to occupy the role of Chief of Staff in the hygiene area of the City Government.<br \/>Currently, as CMO at Qurable, a startup redefining loyalty programs through AI and Blockchain, he combines his marketing expertise with a passion for innovation and creating positive impact in the business world.<br \/>She also has experience in the educational field as a professor at the MBA of the University of Palermo, guiding new generations towards sustainable and ethical business practices.<\/p>\t\t\t\t\t\t\t\t<\/div>\n\t\t\t\t<\/div>\n\t\t\t\t\t<\/div>\n\t\t\t\t<\/div>\n\t\t<div class=\"elementor-element elementor-element-46132411 e-flex e-con-boxed e-con e-parent\" data-id=\"46132411\" data-element_type=\"container\" data-settings=\"{&quot;background_background&quot;:&quot;classic&quot;}\">\n\t\t\t\t\t<div class=\"e-con-inner\">\n\t\t\t\t<div class=\"elementor-element elementor-element-7dc94539 elementor-widget elementor-widget-heading\" data-id=\"7dc94539\" data-element_type=\"widget\" data-widget_type=\"heading.default\">\n\t\t\t\t\t<h2 class=\"elementor-heading-title elementor-size-default\">Do you want to know everything?<\/h2>\t\t\t\t<\/div>\n\t\t\t\t<div class=\"elementor-element elementor-element-3664e163 elementor-widget elementor-widget-text-editor\" data-id=\"3664e163\" data-element_type=\"widget\" data-widget_type=\"text-editor.default\">\n\t\t\t\t\t\t\t\t\t<p>Leave us your <span style=\"color: #ffc800;\"><strong>mail<\/strong><\/span><\/p>\t\t\t\t\t\t\t\t<\/div>\n\t\t\t\t\t<\/div>\n\t\t\t\t<\/div>\n\t\t\t\t<\/div>","protected":false},"excerpt":{"rendered":"<p>Fernanda P\u00e9rez Marino Executive Committee With more than 20 years of experience in the corporate world, she started her career as an international events coordinator and specialized in marketing within the technology sector, Fernanda has experience leading the Marketing Direction for Microsoft in Argentina and Uruguay, as well as the strategic development of the community [...]<\/p>","protected":false},"author":2,"featured_media":0,"parent":0,"menu_order":0,"comment_status":"closed","ping_status":"closed","template":"elementor_header_footer","meta":{"footnotes":""},"class_list":["post-21192","page","type-page","status-publish","hentry"],"rttpg_featured_image_url":null,"rttpg_author":{"display_name":"lucho","author_link":"https:\/\/chicasentecnologia.org\/en\/author\/lucho\/"},"rttpg_comment":0,"rttpg_category":null,"rttpg_excerpt":"Fernanda P\u00e9rez Marino Comisi\u00f3n Directiva\u00a0 Con una trayectoria de m\u00e1s de 20 a\u00f1os en el mundo corporativo, inici\u00f3 su carrera como coordinadora de eventos internacionales y se especializ\u00f3 en marketing dentro del sector tecnol\u00f3gico.Fernanda tiene experiencia liderando la Direcci\u00f3n de Marketing para Microsoft en Argentina y Uruguay, as\u00ed como el desarrollo estrat\u00e9gico de la comunidad&hellip;","_links":{"self":[{"href":"https:\/\/chicasentecnologia.org\/en\/wp-json\/wp\/v2\/pages\/21192","targetHints":{"allow":["GET"]}}],"collection":[{"href":"https:\/\/chicasentecnologia.org\/en\/wp-json\/wp\/v2\/pages"}],"about":[{"href":"https:\/\/chicasentecnologia.org\/en\/wp-json\/wp\/v2\/types\/page"}],"author":[{"embeddable":true,"href":"https:\/\/chicasentecnologia.org\/en\/wp-json\/wp\/v2\/users\/2"}],"replies":[{"embeddable":true,"href":"https:\/\/chicasentecnologia.org\/en\/wp-json\/wp\/v2\/comments?post=21192"}],"version-history":[{"count":7,"href":"https:\/\/chicasentecnologia.org\/en\/wp-json\/wp\/v2\/pages\/21192\/revisions"}],"predecessor-version":[{"id":22740,"href":"https:\/\/chicasentecnologia.org\/en\/wp-json\/wp\/v2\/pages\/21192\/revisions\/22740"}],"wp:attachment":[{"href":"https:\/\/chicasentecnologia.org\/en\/wp-json\/wp\/v2\/media?parent=21192"}],"curies":[{"name":"wp","href":"https:\/\/api.w.org\/{rel}","templated":true}]}}