{"id":21182,"date":"2025-08-31T19:36:29","date_gmt":"2025-08-31T22:36:29","guid":{"rendered":"https:\/\/chicasentecnologia.org\/?page_id=21182"},"modified":"2025-10-30T08:25:24","modified_gmt":"2025-10-30T11:25:24","slug":"lorena_marino","status":"publish","type":"page","link":"https:\/\/chicasentecnologia.org\/en\/lorena_marino\/","title":{"rendered":"Lorena Marino- Executive Committee"},"content":{"rendered":"<div data-elementor-type=\"wp-page\" data-elementor-id=\"21182\" class=\"elementor elementor-21182\" data-elementor-post-type=\"page\">\n\t\t\t\t<div class=\"elementor-element elementor-element-248d2df e-flex e-con-boxed e-con e-parent\" data-id=\"248d2df\" data-element_type=\"container\" data-settings=\"{&quot;background_background&quot;:&quot;classic&quot;}\">\n\t\t\t\t\t<div class=\"e-con-inner\">\n\t\t<div class=\"elementor-element elementor-element-ee4b42f e-con-full e-flex elementor-invisible e-con e-child\" data-id=\"ee4b42f\" data-element_type=\"container\" data-settings=\"{&quot;animation&quot;:&quot;fadeInUp&quot;}\">\n\t\t\t\t<div class=\"elementor-element elementor-element-2e0f493 elementor-widget elementor-widget-image\" data-id=\"2e0f493\" data-element_type=\"widget\" data-widget_type=\"image.default\">\n\t\t\t\t\t\t\t\t\t\t\t\t\t\t\t<img fetchpriority=\"high\" decoding=\"async\" width=\"1080\" height=\"1080\" src=\"https:\/\/chicasentecnologia.org\/wp-content\/uploads\/2025\/08\/Lorena-Marino.png\" class=\"attachment-full size-full wp-image-21046\" alt=\"\" srcset=\"https:\/\/chicasentecnologia.org\/wp-content\/uploads\/2025\/08\/Lorena-Marino.png 1080w, https:\/\/chicasentecnologia.org\/wp-content\/uploads\/2025\/08\/Lorena-Marino-300x300.png 300w, https:\/\/chicasentecnologia.org\/wp-content\/uploads\/2025\/08\/Lorena-Marino-1024x1024.png 1024w, https:\/\/chicasentecnologia.org\/wp-content\/uploads\/2025\/08\/Lorena-Marino-150x150.png 150w, https:\/\/chicasentecnologia.org\/wp-content\/uploads\/2025\/08\/Lorena-Marino-768x768.png 768w\" sizes=\"(max-width: 1080px) 100vw, 1080px\" \/>\t\t\t\t\t\t\t\t\t\t\t\t\t\t\t<\/div>\n\t\t\t\t<\/div>\n\t\t<div class=\"elementor-element elementor-element-c897dc0 e-con-full e-flex elementor-invisible e-con e-child\" data-id=\"c897dc0\" data-element_type=\"container\" data-settings=\"{&quot;background_background&quot;:&quot;classic&quot;,&quot;animation&quot;:&quot;fadeInUp&quot;}\">\n\t\t\t\t<div class=\"elementor-element elementor-element-dff4eaf elementor-widget elementor-widget-heading\" data-id=\"dff4eaf\" data-element_type=\"widget\" data-widget_type=\"heading.default\">\n\t\t\t\t\t<h2 class=\"elementor-heading-title elementor-size-default\">Lorena Marino<\/h2>\t\t\t\t<\/div>\n\t\t\t\t<div class=\"elementor-element elementor-element-44b35af elementor-widget elementor-widget-text-editor\" data-id=\"44b35af\" data-element_type=\"widget\" data-widget_type=\"text-editor.default\">\n\t\t\t\t\t\t\t\t\t<div class=\"three columns\"><div class=\"gdlr-item gdlr-speaker-item\"><div class=\"gdlr-ux gdlr-speaker-item-ux\"><div class=\"gdlr-speaker-item-content\"><div class=\"gdlr-speaker-item-position gdlr-info-font gdlr-skin-info\">Board of Directors<\/div><div>\u00a0<\/div><\/div><\/div><\/div><\/div>\t\t\t\t\t\t\t\t<\/div>\n\t\t\t\t<div class=\"elementor-element elementor-element-87421ef elementor-widget elementor-widget-text-editor\" data-id=\"87421ef\" data-element_type=\"widget\" data-widget_type=\"text-editor.default\">\n\t\t\t\t\t\t\t\t\t<p>Founder and President of the consulting firm Crear Valor Juntos, specialized in mentoring and collaborative leadership. She is an honorary member of the Global Mentoring Network, is a member of the Public Relations Council of Argentina and of Vital Voices Cono Sur.<\/p><p>She studied Social Communication (USAL), completed a postgraduate degree in Senior Management (ESEADE) and another in Management Development (UADE). She has dedicated her professional career to the design and implementation of communication strategies, public affairs and crisis management, and to training senior executives and officials to perform efficiently in public debates, presentations and dissertations.<br \/>For more than 30 years she has faced the challenges of leadership: she has organized teams with people of different ages, interests, backgrounds and expectations; she has held positions of responsibility for which she has had to define objectives and strategies; she has had to adapt to the demands of the public sector, the private sector and entrepreneurship; and she has had to question herself as a leader.<\/p>\t\t\t\t\t\t\t\t<\/div>\n\t\t\t\t<\/div>\n\t\t\t\t\t<\/div>\n\t\t\t\t<\/div>\n\t\t<div class=\"elementor-element elementor-element-46132411 e-flex e-con-boxed e-con e-parent\" data-id=\"46132411\" data-element_type=\"container\" data-settings=\"{&quot;background_background&quot;:&quot;classic&quot;}\">\n\t\t\t\t\t<div class=\"e-con-inner\">\n\t\t\t\t<div class=\"elementor-element elementor-element-7dc94539 elementor-widget elementor-widget-heading\" data-id=\"7dc94539\" data-element_type=\"widget\" data-widget_type=\"heading.default\">\n\t\t\t\t\t<h2 class=\"elementor-heading-title elementor-size-default\">Do you want to know everything?<\/h2>\t\t\t\t<\/div>\n\t\t\t\t<div class=\"elementor-element elementor-element-3664e163 elementor-widget elementor-widget-text-editor\" data-id=\"3664e163\" data-element_type=\"widget\" data-widget_type=\"text-editor.default\">\n\t\t\t\t\t\t\t\t\t<p>Leave us your <span style=\"color: #ffc800;\"><strong>mail<\/strong><\/span><\/p>\t\t\t\t\t\t\t\t<\/div>\n\t\t\t\t\t<\/div>\n\t\t\t\t<\/div>\n\t\t\t\t<\/div>","protected":false},"excerpt":{"rendered":"<p>Lorena Marino Executive Committee Founder and President of the consulting firm Crear Valor Juntos, specialized in mentoring and collaborative leadership. She is an honorary member of the Global Mentoring Network, is a member of the Public Relations Council of Argentina and of Vital Voices Cono Sur. She studied Social Communication (USAL), completed a postgraduate course in Senior Management [...]<\/p>","protected":false},"author":2,"featured_media":0,"parent":0,"menu_order":0,"comment_status":"closed","ping_status":"closed","template":"elementor_header_footer","meta":{"footnotes":""},"class_list":["post-21182","page","type-page","status-publish","hentry"],"rttpg_featured_image_url":null,"rttpg_author":{"display_name":"lucho","author_link":"https:\/\/chicasentecnologia.org\/en\/author\/lucho\/"},"rttpg_comment":0,"rttpg_category":null,"rttpg_excerpt":"Lorena Marino Comisi\u00f3n Directiva\u00a0 Fundadora y Presidenta de la consultora Crear Valor Juntos, especializada en mentoring y liderazgo colaborativo. Es integrante honor\u00edfica de la Red Global de Mentores, forma parte del Consejo de Relaciones P\u00fablicas de la Rep\u00fablica Argentina y de Vital Voices Cono Sur. Estudi\u00f3 Comunicaci\u00f3n Social (USAL), realiz\u00f3 un posgrado en Alta Direcci\u00f3n&hellip;","_links":{"self":[{"href":"https:\/\/chicasentecnologia.org\/en\/wp-json\/wp\/v2\/pages\/21182","targetHints":{"allow":["GET"]}}],"collection":[{"href":"https:\/\/chicasentecnologia.org\/en\/wp-json\/wp\/v2\/pages"}],"about":[{"href":"https:\/\/chicasentecnologia.org\/en\/wp-json\/wp\/v2\/types\/page"}],"author":[{"embeddable":true,"href":"https:\/\/chicasentecnologia.org\/en\/wp-json\/wp\/v2\/users\/2"}],"replies":[{"embeddable":true,"href":"https:\/\/chicasentecnologia.org\/en\/wp-json\/wp\/v2\/comments?post=21182"}],"version-history":[{"count":7,"href":"https:\/\/chicasentecnologia.org\/en\/wp-json\/wp\/v2\/pages\/21182\/revisions"}],"predecessor-version":[{"id":22737,"href":"https:\/\/chicasentecnologia.org\/en\/wp-json\/wp\/v2\/pages\/21182\/revisions\/22737"}],"wp:attachment":[{"href":"https:\/\/chicasentecnologia.org\/en\/wp-json\/wp\/v2\/media?parent=21182"}],"curies":[{"name":"wp","href":"https:\/\/api.w.org\/{rel}","templated":true}]}}