{"id":21172,"date":"2025-08-31T19:33:33","date_gmt":"2025-08-31T22:33:33","guid":{"rendered":"https:\/\/chicasentecnologia.org\/?page_id=21172"},"modified":"2026-02-26T15:54:30","modified_gmt":"2026-02-26T18:54:30","slug":"vanesa_cillo","status":"publish","type":"page","link":"https:\/\/chicasentecnologia.org\/en\/vanesa_cillo\/","title":{"rendered":"Vanesa Cillo - Executive Committee"},"content":{"rendered":"<div data-elementor-type=\"wp-page\" data-elementor-id=\"21172\" class=\"elementor elementor-21172\" data-elementor-post-type=\"page\">\n\t\t\t\t<div class=\"elementor-element elementor-element-248d2df e-flex e-con-boxed e-con e-parent\" data-id=\"248d2df\" data-element_type=\"container\" data-settings=\"{&quot;background_background&quot;:&quot;classic&quot;}\">\n\t\t\t\t\t<div class=\"e-con-inner\">\n\t\t<div class=\"elementor-element elementor-element-ee4b42f e-con-full e-flex elementor-invisible e-con e-child\" data-id=\"ee4b42f\" data-element_type=\"container\" data-settings=\"{&quot;animation&quot;:&quot;fadeInUp&quot;}\">\n\t\t\t\t<div class=\"elementor-element elementor-element-2e0f493 elementor-widget elementor-widget-image\" data-id=\"2e0f493\" data-element_type=\"widget\" data-widget_type=\"image.default\">\n\t\t\t\t\t\t\t\t\t\t\t\t\t\t\t<img fetchpriority=\"high\" decoding=\"async\" width=\"2560\" height=\"2560\" src=\"https:\/\/chicasentecnologia.org\/wp-content\/uploads\/2026\/02\/Vane-Cillo-web.png\" class=\"attachment-full size-full wp-image-23667\" alt=\"\" srcset=\"https:\/\/chicasentecnologia.org\/wp-content\/uploads\/2026\/02\/Vane-Cillo-web.png 2560w, https:\/\/chicasentecnologia.org\/wp-content\/uploads\/2026\/02\/Vane-Cillo-web-300x300.png 300w, https:\/\/chicasentecnologia.org\/wp-content\/uploads\/2026\/02\/Vane-Cillo-web-1024x1024.png 1024w, https:\/\/chicasentecnologia.org\/wp-content\/uploads\/2026\/02\/Vane-Cillo-web-150x150.png 150w, https:\/\/chicasentecnologia.org\/wp-content\/uploads\/2026\/02\/Vane-Cillo-web-768x768.png 768w, https:\/\/chicasentecnologia.org\/wp-content\/uploads\/2026\/02\/Vane-Cillo-web-1536x1536.png 1536w, https:\/\/chicasentecnologia.org\/wp-content\/uploads\/2026\/02\/Vane-Cillo-web-2048x2048.png 2048w, https:\/\/chicasentecnologia.org\/wp-content\/uploads\/2026\/02\/Vane-Cillo-web-12x12.png 12w\" sizes=\"(max-width: 2560px) 100vw, 2560px\" \/>\t\t\t\t\t\t\t\t\t\t\t\t\t\t\t<\/div>\n\t\t\t\t<\/div>\n\t\t<div class=\"elementor-element elementor-element-c897dc0 e-con-full e-flex elementor-invisible e-con e-child\" data-id=\"c897dc0\" data-element_type=\"container\" data-settings=\"{&quot;background_background&quot;:&quot;classic&quot;,&quot;animation&quot;:&quot;fadeInUp&quot;}\">\n\t\t\t\t<div class=\"elementor-element elementor-element-dff4eaf elementor-widget elementor-widget-heading\" data-id=\"dff4eaf\" data-element_type=\"widget\" data-widget_type=\"heading.default\">\n\t\t\t\t\t<h2 class=\"elementor-heading-title elementor-size-default\">Vanesa Cillo<\/h2>\t\t\t\t<\/div>\n\t\t\t\t<div class=\"elementor-element elementor-element-44b35af elementor-widget elementor-widget-text-editor\" data-id=\"44b35af\" data-element_type=\"widget\" data-widget_type=\"text-editor.default\">\n\t\t\t\t\t\t\t\t\t<div class=\"three columns\"><div class=\"gdlr-item gdlr-speaker-item\"><div class=\"gdlr-ux gdlr-speaker-item-ux\"><div class=\"gdlr-speaker-item-content\"><div class=\"gdlr-speaker-item-position gdlr-info-font gdlr-skin-info\">Board of Directors<\/div><div>\u00a0<\/div><\/div><\/div><\/div><\/div>\t\t\t\t\t\t\t\t<\/div>\n\t\t\t\t<div class=\"elementor-element elementor-element-e517f5a elementor-widget elementor-widget-text-editor\" data-id=\"e517f5a\" data-element_type=\"widget\" data-widget_type=\"text-editor.default\">\n\t\t\t\t\t\t\t\t\t<p>Specialist in technology, artificial intelligence and cybersecurity. His career has been marked by his passion for technology, innovation and human impact. She currently serves as Chief Technology Officer at Shifta, where she leads the technology strategy for purpose-driven digital products. She is also a member of the Board of Girls in Technology. In addition, her experience includes roles as a software engineer and mentor within technology organizations, where she has promoted diversity, digital ethics and continuous learning within the Argentine technology ecosystem.<\/p><p>Vanesa is also a speaker, advisor and trainer, interested in addressing issues such as cybersecurity, artificial intelligence and technology narratives to empower new generations of women in technology.<\/p>\t\t\t\t\t\t\t\t<\/div>\n\t\t\t\t<\/div>\n\t\t\t\t\t<\/div>\n\t\t\t\t<\/div>\n\t\t<div class=\"elementor-element elementor-element-46132411 e-flex e-con-boxed e-con e-parent\" data-id=\"46132411\" data-element_type=\"container\" data-settings=\"{&quot;background_background&quot;:&quot;classic&quot;}\">\n\t\t\t\t\t<div class=\"e-con-inner\">\n\t\t\t\t<div class=\"elementor-element elementor-element-7dc94539 elementor-widget elementor-widget-heading\" data-id=\"7dc94539\" data-element_type=\"widget\" data-widget_type=\"heading.default\">\n\t\t\t\t\t<h2 class=\"elementor-heading-title elementor-size-default\">Do you want to know everything?<\/h2>\t\t\t\t<\/div>\n\t\t\t\t<div class=\"elementor-element elementor-element-3664e163 elementor-widget elementor-widget-text-editor\" data-id=\"3664e163\" data-element_type=\"widget\" data-widget_type=\"text-editor.default\">\n\t\t\t\t\t\t\t\t\t<p>Leave us your <span style=\"color: #ffc800;\"><strong>mail<\/strong><\/span><\/p>\t\t\t\t\t\t\t\t<\/div>\n\t\t\t\t\t<\/div>\n\t\t\t\t<\/div>\n\t\t\t\t<\/div>","protected":false},"excerpt":{"rendered":"<p>Vanesa Cillo Executive Committee Specialist in technology, artificial intelligence and cybersecurity. Her career has been marked by her passion for technology, innovation and human impact. She currently serves as Chief Technology Officer at Shifta, where she leads the technology strategy for purpose-driven digital products. She is also a member of the Board of Chicas en [...]<\/p>","protected":false},"author":2,"featured_media":0,"parent":0,"menu_order":0,"comment_status":"closed","ping_status":"closed","template":"elementor_header_footer","meta":{"footnotes":""},"class_list":["post-21172","page","type-page","status-publish","hentry"],"rttpg_featured_image_url":null,"rttpg_author":{"display_name":"lucho","author_link":"https:\/\/chicasentecnologia.org\/en\/author\/lucho\/"},"rttpg_comment":0,"rttpg_category":null,"rttpg_excerpt":"Vanesa Cillo Comisi\u00f3n Directiva\u00a0 Especialista en tecnolog\u00eda, inteligencia artificial y cyberseguridad. Cuenta con una trayectoria marcada por su pasi\u00f3n por la tecnolog\u00eda, la innovaci\u00f3n y el impacto humano. Actualmente se desempe\u00f1a como Chief Technology Officer en Shifta, donde lidera la estrategia tecnol\u00f3gica para productos digitales con prop\u00f3sito. Tambi\u00e9n es miembro del Board de Chicas en&hellip;","_links":{"self":[{"href":"https:\/\/chicasentecnologia.org\/en\/wp-json\/wp\/v2\/pages\/21172","targetHints":{"allow":["GET"]}}],"collection":[{"href":"https:\/\/chicasentecnologia.org\/en\/wp-json\/wp\/v2\/pages"}],"about":[{"href":"https:\/\/chicasentecnologia.org\/en\/wp-json\/wp\/v2\/types\/page"}],"author":[{"embeddable":true,"href":"https:\/\/chicasentecnologia.org\/en\/wp-json\/wp\/v2\/users\/2"}],"replies":[{"embeddable":true,"href":"https:\/\/chicasentecnologia.org\/en\/wp-json\/wp\/v2\/comments?post=21172"}],"version-history":[{"count":19,"href":"https:\/\/chicasentecnologia.org\/en\/wp-json\/wp\/v2\/pages\/21172\/revisions"}],"predecessor-version":[{"id":23670,"href":"https:\/\/chicasentecnologia.org\/en\/wp-json\/wp\/v2\/pages\/21172\/revisions\/23670"}],"wp:attachment":[{"href":"https:\/\/chicasentecnologia.org\/en\/wp-json\/wp\/v2\/media?parent=21172"}],"curies":[{"name":"wp","href":"https:\/\/api.w.org\/{rel}","templated":true}]}}