{"id":21149,"date":"2025-08-31T19:20:04","date_gmt":"2025-08-31T22:20:04","guid":{"rendered":"https:\/\/chicasentecnologia.org\/?page_id=21149"},"modified":"2025-08-31T19:28:48","modified_gmt":"2025-08-31T22:28:48","slug":"carolina_quiroga","status":"publish","type":"page","link":"https:\/\/chicasentecnologia.org\/en\/carolina_quiroga\/","title":{"rendered":"Carolina Quiroga - Junior Analyst"},"content":{"rendered":"<div data-elementor-type=\"wp-page\" data-elementor-id=\"21149\" class=\"elementor elementor-21149\" data-elementor-post-type=\"page\">\n\t\t\t\t<div class=\"elementor-element elementor-element-248d2df e-flex e-con-boxed e-con e-parent\" data-id=\"248d2df\" data-element_type=\"container\" data-settings=\"{&quot;background_background&quot;:&quot;classic&quot;}\">\n\t\t\t\t\t<div class=\"e-con-inner\">\n\t\t<div class=\"elementor-element elementor-element-ee4b42f e-con-full e-flex elementor-invisible e-con e-child\" data-id=\"ee4b42f\" data-element_type=\"container\" data-settings=\"{&quot;animation&quot;:&quot;fadeInUp&quot;}\">\n\t\t\t\t<div class=\"elementor-element elementor-element-2e0f493 elementor-widget elementor-widget-image\" data-id=\"2e0f493\" data-element_type=\"widget\" data-widget_type=\"image.default\">\n\t\t\t\t\t\t\t\t\t\t\t\t\t\t\t<img fetchpriority=\"high\" decoding=\"async\" width=\"1080\" height=\"1080\" src=\"https:\/\/chicasentecnologia.org\/wp-content\/uploads\/2025\/08\/Diseno-sin-titulo-1.png\" class=\"attachment-full size-full wp-image-21052\" alt=\"\" srcset=\"https:\/\/chicasentecnologia.org\/wp-content\/uploads\/2025\/08\/Diseno-sin-titulo-1.png 1080w, https:\/\/chicasentecnologia.org\/wp-content\/uploads\/2025\/08\/Diseno-sin-titulo-1-300x300.png 300w, https:\/\/chicasentecnologia.org\/wp-content\/uploads\/2025\/08\/Diseno-sin-titulo-1-1024x1024.png 1024w, https:\/\/chicasentecnologia.org\/wp-content\/uploads\/2025\/08\/Diseno-sin-titulo-1-150x150.png 150w, https:\/\/chicasentecnologia.org\/wp-content\/uploads\/2025\/08\/Diseno-sin-titulo-1-768x768.png 768w\" sizes=\"(max-width: 1080px) 100vw, 1080px\" \/>\t\t\t\t\t\t\t\t\t\t\t\t\t\t\t<\/div>\n\t\t\t\t<\/div>\n\t\t<div class=\"elementor-element elementor-element-c897dc0 e-con-full e-flex elementor-invisible e-con e-child\" data-id=\"c897dc0\" data-element_type=\"container\" data-settings=\"{&quot;background_background&quot;:&quot;classic&quot;,&quot;animation&quot;:&quot;fadeInUp&quot;}\">\n\t\t\t\t<div class=\"elementor-element elementor-element-dff4eaf elementor-widget elementor-widget-heading\" data-id=\"dff4eaf\" data-element_type=\"widget\" data-widget_type=\"heading.default\">\n\t\t\t\t\t<h2 class=\"elementor-heading-title elementor-size-default\">Carolina Quiroga<\/h2>\t\t\t\t<\/div>\n\t\t\t\t<div class=\"elementor-element elementor-element-44b35af elementor-widget elementor-widget-text-editor\" data-id=\"44b35af\" data-element_type=\"widget\" data-widget_type=\"text-editor.default\">\n\t\t\t\t\t\t\t\t\t<div class=\"three columns\"><div class=\"gdlr-item gdlr-speaker-item\"><div class=\"gdlr-ux gdlr-speaker-item-ux\"><div class=\"gdlr-speaker-item-content\"><div class=\"gdlr-speaker-item-position gdlr-info-font gdlr-skin-info\">Junior Analyst<\/div><div>\u00a0<\/div><\/div><\/div><\/div><\/div>\t\t\t\t\t\t\t\t<\/div>\n\t\t\t\t<div class=\"elementor-element elementor-element-532c9cb elementor-widget elementor-widget-text-editor\" data-id=\"532c9cb\" data-element_type=\"widget\" data-widget_type=\"text-editor.default\">\n\t\t\t\t\t\t\t\t\t<p>Advanced student of the Bachelor's Degree in Labor Relations at the University of Buenos Aires (UBA). She began her career at Chicas en Tecnolog\u00eda, feeling motivated to contribute her knowledge and academic skills in areas of gender equity and social vulnerability.<\/p>\t\t\t\t\t\t\t\t<\/div>\n\t\t\t\t<div class=\"elementor-element elementor-element-1a15c40 e-grid-align-left elementor-shape-rounded elementor-grid-0 elementor-widget elementor-widget-social-icons\" data-id=\"1a15c40\" data-element_type=\"widget\" data-widget_type=\"social-icons.default\">\n\t\t\t\t\t\t\t<div class=\"elementor-social-icons-wrapper elementor-grid\">\n\t\t\t\t\t\t\t<span class=\"elementor-grid-item\">\n\t\t\t\t\t<a class=\"elementor-icon elementor-social-icon elementor-social-icon-linkedin elementor-repeater-item-386709f\" target=\"_blank\">\n\t\t\t\t\t\t<span class=\"elementor-screen-only\">Linkedin<\/span>\n\t\t\t\t\t\t<svg aria-hidden=\"true\" class=\"e-font-icon-svg e-fab-linkedin\" viewbox=\"0 0 448 512\" xmlns=\"http:\/\/www.w3.org\/2000\/svg\"><path d=\"M416 32H31.9C14.3 32 0 46.5 0 64.3v383.4C0 465.5 14.3 480 31.9 480H416c17.6 0 32-14.5 32-32.3V64.3c0-17.8-14.4-32.3-32-32.3zM135.4 416H69V202.2h66.5V416zm-33.2-243c-21.3 0-38.5-17.3-38.5-38.5S80.9 96 102.2 96c21.2 0 38.5 17.3 38.5 38.5 0 21.3-17.2 38.5-38.5 38.5zm282.1 243h-66.4V312c0-24.8-.5-56.7-34.5-56.7-34.6 0-39.9 27-39.9 54.9V416h-66.4V202.2h63.7v29.2h.9c8.9-16.8 30.6-34.5 62.9-34.5 67.2 0 79.7 44.3 79.7 101.9V416z\"><\/path><\/svg>\t\t\t\t\t<\/a>\n\t\t\t\t<\/span>\n\t\t\t\t\t<\/div>\n\t\t\t\t\t\t<\/div>\n\t\t\t\t<\/div>\n\t\t\t\t\t<\/div>\n\t\t\t\t<\/div>\n\t\t<div class=\"elementor-element elementor-element-46132411 e-flex e-con-boxed e-con e-parent\" data-id=\"46132411\" data-element_type=\"container\" data-settings=\"{&quot;background_background&quot;:&quot;classic&quot;}\">\n\t\t\t\t\t<div class=\"e-con-inner\">\n\t\t\t\t<div class=\"elementor-element elementor-element-7dc94539 elementor-widget elementor-widget-heading\" data-id=\"7dc94539\" data-element_type=\"widget\" data-widget_type=\"heading.default\">\n\t\t\t\t\t<h2 class=\"elementor-heading-title elementor-size-default\">Do you want to know everything?<\/h2>\t\t\t\t<\/div>\n\t\t\t\t<div class=\"elementor-element elementor-element-3664e163 elementor-widget elementor-widget-text-editor\" data-id=\"3664e163\" data-element_type=\"widget\" data-widget_type=\"text-editor.default\">\n\t\t\t\t\t\t\t\t\t<p>Leave us your <span style=\"color: #ffc800;\"><strong>mail<\/strong><\/span><\/p>\t\t\t\t\t\t\t\t<\/div>\n\t\t\t\t\t<\/div>\n\t\t\t\t<\/div>\n\t\t\t\t<\/div>","protected":false},"excerpt":{"rendered":"<p>Carolina Quiroga Junior Analyst Advanced student of the Bachelor's Degree in Labor Relations at the University of Buenos Aires (UBA). She started her career at Chicas en Tecnolog\u00eda, as she felt motivated to contribute her knowledge and academic skills in areas of gender equality and social vulnerability. Linkedin Do you want to know everything? Leave us your email<\/p>","protected":false},"author":2,"featured_media":0,"parent":0,"menu_order":0,"comment_status":"closed","ping_status":"closed","template":"elementor_header_footer","meta":{"footnotes":""},"class_list":["post-21149","page","type-page","status-publish","hentry"],"rttpg_featured_image_url":null,"rttpg_author":{"display_name":"lucho","author_link":"https:\/\/chicasentecnologia.org\/en\/author\/lucho\/"},"rttpg_comment":0,"rttpg_category":null,"rttpg_excerpt":"Carolina Quiroga Analista Junior\u00a0 Estudiante avanzada de la Licenciatura en Relaciones del Trabajo, en la Universidad de Buenos Aires (UBA). Inici\u00f3 su recorrido laboral en Chicas en Tecnolog\u00eda, al sentirse motivada por aportar sus conocimientos y habilidades acad\u00e9micos en \u00e1mbitos de equidad de g\u00e9nero y vulnerabilidad social. Linkedin \u00bfQuer\u00e9s enterarte de todo? Dejanos tu mail","_links":{"self":[{"href":"https:\/\/chicasentecnologia.org\/en\/wp-json\/wp\/v2\/pages\/21149","targetHints":{"allow":["GET"]}}],"collection":[{"href":"https:\/\/chicasentecnologia.org\/en\/wp-json\/wp\/v2\/pages"}],"about":[{"href":"https:\/\/chicasentecnologia.org\/en\/wp-json\/wp\/v2\/types\/page"}],"author":[{"embeddable":true,"href":"https:\/\/chicasentecnologia.org\/en\/wp-json\/wp\/v2\/users\/2"}],"replies":[{"embeddable":true,"href":"https:\/\/chicasentecnologia.org\/en\/wp-json\/wp\/v2\/comments?post=21149"}],"version-history":[{"count":4,"href":"https:\/\/chicasentecnologia.org\/en\/wp-json\/wp\/v2\/pages\/21149\/revisions"}],"predecessor-version":[{"id":21153,"href":"https:\/\/chicasentecnologia.org\/en\/wp-json\/wp\/v2\/pages\/21149\/revisions\/21153"}],"wp:attachment":[{"href":"https:\/\/chicasentecnologia.org\/en\/wp-json\/wp\/v2\/media?parent=21149"}],"curies":[{"name":"wp","href":"https:\/\/api.w.org\/{rel}","templated":true}]}}